{"id":309,"date":"2025-11-18T02:28:59","date_gmt":"2025-11-18T02:28:59","guid":{"rendered":"https:\/\/hontitan.com\/?page_id=309"},"modified":"2026-03-25T03:01:15","modified_gmt":"2026-03-25T03:01:15","slug":"titanium-grade","status":"publish","type":"page","link":"https:\/\/hontitan.com\/de\/titanium-grade\/","title":{"rendered":"Titan-G\u00fcteklassen und Normen"},"content":{"rendered":"<div data-elementor-type=\"wp-page\" data-elementor-id=\"309\" class=\"elementor elementor-309\" data-elementor-post-type=\"page\">\n\t\t\t\t<div class=\"elementor-element elementor-element-74502e9 e-flex e-con-boxed e-con e-parent\" data-id=\"74502e9\" data-element_type=\"container\" data-settings=\"{&quot;background_background&quot;:&quot;classic&quot;}\">\n\t\t\t\t\t<div class=\"e-con-inner\">\n\t\t<div class=\"elementor-element elementor-element-7826e46 e-con-full e-flex e-con e-child\" data-id=\"7826e46\" data-element_type=\"container\">\n\t\t\t\t<div class=\"elementor-element elementor-element-62b6fcd elementor-widget elementor-widget-heading\" data-id=\"62b6fcd\" data-element_type=\"widget\" data-widget_type=\"heading.default\">\n\t\t\t\t\t<h2 class=\"elementor-heading-title elementor-size-default\">Vollst\u00e4ndige Tabelle der Titanlegierungen und internationalen Normen<\/h2>\t\t\t\t<\/div>\n\t\t\t\t<div class=\"elementor-element elementor-element-181257f elementor-align-left elementor-widget elementor-widget-button\" data-id=\"181257f\" data-element_type=\"widget\" data-widget_type=\"button.default\">\n\t\t\t\t\t\t\t\t\t\t<a class=\"elementor-button elementor-button-link elementor-size-sm elementor-animation-bob\" href=\"#elementor-action%3Aaction%3Dpopup%3Aopen%26settings%3DeyJpZCI6IjIwNiIsInRvZ2dsZSI6ZmFsc2V9\">\n\t\t\t\t\t\t<span class=\"elementor-button-content-wrapper\">\n\t\t\t\t\t\t\t\t\t<span class=\"elementor-button-text\">Aktuellen Preis anfragen<\/span>\n\t\t\t\t\t<\/span>\n\t\t\t\t\t<\/a>\n\t\t\t\t\t\t\t\t<\/div>\n\t\t\t\t<\/div>\n\t\t\t\t\t<\/div>\n\t\t\t\t<\/div>\n\t\t<div class=\"elementor-element elementor-element-b67cff8 e-flex e-con-boxed e-con e-parent\" data-id=\"b67cff8\" data-element_type=\"container\">\n\t\t\t\t\t<div class=\"e-con-inner\">\n\t\t\t\t<div class=\"elementor-element elementor-element-d443927 elementor-widget elementor-widget-heading\" data-id=\"d443927\" data-element_type=\"widget\" data-widget_type=\"heading.default\">\n\t\t\t\t\t<h2 class=\"elementor-heading-title elementor-size-default\">Titanlegierungen und Eigenschaften<\/h2>\t\t\t\t<\/div>\n\t\t\t\t<div class=\"elementor-element elementor-element-5d17bf2 elementor-widget elementor-widget-text-editor\" data-id=\"5d17bf2\" data-element_type=\"widget\" data-widget_type=\"text-editor.default\">\n\t\t\t\t\t\t\t\t\t<table><thead><tr><th>lichkeit<\/th><th>Legierung \/ Sortenbezeichnung<\/th><th>Gemeinsame Benennung<\/th><th>Wesentliche Merkmale<\/th><th>Typische Anwendungen<\/th><\/tr><\/thead><tbody><tr><td><strong>Kommerziell rein (CP)<\/strong><\/td><td><a href=\"https:\/\/hontitan.com\/de\/titanium-grade\/titanium-grade-1\/\">Ti Klasse 1<\/a><\/td><td>CP1 \/ Gr 1<\/td><td>Geringer Sauerstoffgehalt, h\u00f6chste Duktilit\u00e4t, Umformbarkeit und Korrosionsbest\u00e4ndigkeit<\/td><td>Chemische Auskleidungen, tiefgezogene Teile<\/td><\/tr><tr><td>\u00a0<\/td><td>Ti Grad 2<\/td><td>CP2 \/ Gr 2<\/td><td>Standardsauerstoff, hervorragende Ausgewogenheit von Festigkeit, Duktilit\u00e4t und Korrosionsbest\u00e4ndigkeit (h\u00e4ufigste Sorte)<\/td><td>Chemische Verarbeitung, Marine, medizinische Implantate, allgemeine Zwecke<\/td><\/tr><tr><td>\u00a0<\/td><td>Ti Klasse 3<\/td><td>CP3 \/ Gr 3<\/td><td>Mittlerer Sauerstoffgehalt, mittlere Festigkeit, gute Formbarkeit<\/td><td>Mittelstarke Strukturen, Druckbeh\u00e4lter<\/td><\/tr><tr><td>\u00a0<\/td><td>Ti Klasse 4<\/td><td>CP4 \/ Gr 4<\/td><td>Hoher Sauerstoffgehalt, h\u00f6chste Festigkeit der reinen Sorten<\/td><td>Luft- und Raumfahrtstrukturen, orthop\u00e4dische Implantate, korrosionsbest\u00e4ndige Strukturen<\/td><\/tr><tr><td><strong>Alpha (\u03b1)- und Nah-Alpha-Legierungen<\/strong><\/td><td>Ti-5Al-2,5Sn<\/td><td>Gr 6<\/td><td>Mittlere Festigkeit, gute Schwei\u00dfbarkeit und thermische Stabilit\u00e4t<\/td><td>Flugzeugzellen f\u00fcr die Luft- und Raumfahrt, Triebwerkskomponenten<\/td><\/tr><tr><td>\u00a0<\/td><td>Ti-8Al-1Mo-1V<\/td><td>\/<\/td><td>Hoher Elastizit\u00e4tsmodul, gute Kriechfestigkeit, schlechte Schwei\u00dfbarkeit<\/td><td>Triebwerkskomponenten<\/td><\/tr><tr><td><strong>Alpha-Beta (\u03b1-\u03b2)-Legierungen<\/strong><\/td><td>Ti-6Al-4V<\/td><td>Gr 5<\/td><td><strong>Die h\u00e4ufigste Titanlegierung<\/strong>, hohe Festigkeit, gute Gesamteigenschaften<\/td><td>Strahltriebwerke, Luft- und Raumfahrtstrukturen, Hochleistungsteile<\/td><\/tr><tr><td>\u00a0<\/td><td>Ti-6Al-4V ELI<\/td><td>Gr 23<\/td><td><strong>Extra Low Interstitial (ELI)<\/strong>, h\u00f6here Bruchz\u00e4higkeit, verbesserte Erm\u00fcdungsrissbest\u00e4ndigkeit<\/td><td><strong>Chirurgische Implantate<\/strong>, Kritische Komponenten f\u00fcr die Luft- und Raumfahrt<\/td><\/tr><tr><td>\u00a0<\/td><td>Ti-3Al-2,5V<\/td><td>Gr 9<\/td><td>Mittlere Festigkeit, bessere Kaltumformbarkeit als Gr5<\/td><td>Hydraulikrohre f\u00fcr die Luft- und Raumfahrt, Fahrradrahmen, Golfschl\u00e4gerk\u00f6pfe<\/td><\/tr><tr><td>\u00a0<\/td><td>Ti-6Al-2Sn-4Zr-2Mo<\/td><td>Ti-6242<\/td><td>Gute Festigkeit bei erh\u00f6hter Temperatur (bis zu ~540\u00b0C)<\/td><td>Scheiben und Schaufeln f\u00fcr Triebwerkskompressoren<\/td><\/tr><tr><td>\u00a0<\/td><td>Ti-6Al-2Sn-4Zr-6Mo<\/td><td>Ti-6246<\/td><td>Hohe Festigkeit, besser als Ti-6Al-4V<\/td><td>Hochfeste Motorkomponenten<\/td><\/tr><tr><td><strong>Beta (\u03b2) &amp; Beta-nahe Legierungen<\/strong><\/td><td>Ti-10V-2Fe-3Al<\/td><td>Gr 10 \/ Ti-1023<\/td><td>Beta-nah, schmiedbar, hohe Festigkeit und Z\u00e4higkeit<\/td><td>Flugzeugfahrwerke, gro\u00dfe geschmiedete Strukturen<\/td><\/tr><tr><td>\u00a0<\/td><td>Ti-15V-3Cr-3Sn-3Al<\/td><td>\/<\/td><td>Beta-Legierung, ausgezeichnete Kaltbandverformbarkeit<\/td><td>Blechstrukturen f\u00fcr die Luft- und Raumfahrt<\/td><\/tr><tr><td>\u00a0<\/td><td>Beta-C (Ti-3Al-8V-6Cr-4Zr-4Mo)<\/td><td>\/<\/td><td>W\u00e4rmebehandelbar, ausgezeichnete Korrosionsbest\u00e4ndigkeit<\/td><td>Anspruchsvolle Umgebungen f\u00fcr \u00d6l- und Gasbohrungen<\/td><\/tr><tr><td>\u00a0<\/td><td>Ti-13V-11Cr-3Al<\/td><td>\/<\/td><td>W\u00e4rmebehandelbare Beta-Legierung, sehr hohe Festigkeit, komplexe Verarbeitung (weniger h\u00e4ufig)<\/td><td>(Fr\u00fche Strukturen in der Luft- und Raumfahrt)<\/td><\/tr><tr><td><strong>Korrosionsbest\u00e4ndige Legierungen<\/strong><\/td><td>Ti-0,15-0,2Pd<\/td><td>Gr 7, 11, 16, 17, 26, 27<\/td><td>Zusatz von Palladium\u00a0<strong>erh\u00f6ht die Korrosionsbest\u00e4ndigkeit in reduzierenden Medien erheblich<\/strong><\/td><td>Chemische Verarbeitung mit oxidierenden\/reduzierenden Zyklen<\/td><\/tr><tr><td>\u00a0<\/td><td>Ti-0,3-0,5Mo-0,8Ni<\/td><td>Gr 12<\/td><td>Ausgezeichnete Korrosionsbest\u00e4ndigkeit, gute Best\u00e4ndigkeit gegen Spaltkorrosion<\/td><td>Chemische Industrie<\/td><\/tr><\/tbody><\/table>\t\t\t\t\t\t\t\t<\/div>\n\t\t\t\t\t<\/div>\n\t\t\t\t<\/div>\n\t\t<div class=\"elementor-element elementor-element-c5ab6b1 e-flex e-con-boxed e-con e-parent\" data-id=\"c5ab6b1\" data-element_type=\"container\">\n\t\t\t\t\t<div class=\"e-con-inner\">\n\t\t\t\t<div class=\"elementor-element elementor-element-228a6a1 elementor-widget elementor-widget-heading\" data-id=\"228a6a1\" data-element_type=\"widget\" data-widget_type=\"heading.default\">\n\t\t\t\t\t<h2 class=\"elementor-heading-title elementor-size-default\">ASTM-Standardspezifikationen nach Produktform<\/h2>\t\t\t\t<\/div>\n\t\t\t\t<div class=\"elementor-element elementor-element-c5d4184 elementor-widget elementor-widget-text-editor\" data-id=\"c5d4184\" data-element_type=\"widget\" data-widget_type=\"text-editor.default\">\n\t\t\t\t\t\t\t\t\t<table><thead><tr><th>Produkt Form<\/th><th>ASTM-Norm<\/th><th>Titel und Umfang<\/th><th>Prim\u00e4re Anwendungsbereiche<\/th><\/tr><\/thead><tbody><tr><td><strong>Blatt\/Bar\/Blatt<\/strong><\/td><td>B265<\/td><td>Standard-Spezifikation f\u00fcr B\u00e4nder, Bleche und Platten aus Titan und Titanlegierungen<\/td><td>Allgemeine Strukturen, Beh\u00e4lterbau<\/td><\/tr><tr><td>\u00a0<\/td><td>B348<\/td><td>Standard-Spezifikation f\u00fcr Stangen und Kn\u00fcppel aus Titan und Titanlegierungen<\/td><td>Wellen, Verbindungselemente, Schmiedest\u00fccke<\/td><\/tr><tr><td>\u00a0<\/td><td>B381<\/td><td>Standard-Spezifikation f\u00fcr Schmiedest\u00fccke aus Titan und Titanlegierungen<\/td><td>Luft- und Raumfahrt, milit\u00e4rische kritische lasttragende Teile<\/td><\/tr><tr><td><strong>Schl\u00e4uche\/Rohre<\/strong><\/td><td>B861<\/td><td>Standard-Spezifikation f\u00fcr nahtlose Rohre aus Titan und Titanlegierungen<\/td><td>Druckrohrleitungen, hydraulische Systeme<\/td><\/tr><tr><td>\u00a0<\/td><td>B862<\/td><td>Standard-Spezifikation f\u00fcr geschwei\u00dfte Rohre aus Titan und Titanlegierungen<\/td><td>Allgemeiner Fl\u00fcssigkeitstransport, Konstruktionsrohr<\/td><\/tr><tr><td>\u00a0<\/td><td>B337 \/ B338<\/td><td>Standard-Spezifikation f\u00fcr nahtlose und geschwei\u00dfte Rohre aus Titan und Titanlegierungen (f\u00fcr Druckbeh\u00e4lter\/W\u00e4rmeaustauscher)<\/td><td><strong>W\u00e4rmetauscher, Kondensatoren f\u00fcr die chemische Industrie<\/strong><\/td><\/tr><tr><td><strong>Draht<\/strong><\/td><td>B863<\/td><td>Standard-Spezifikation f\u00fcr Draht aus Titan und Titanlegierungen<\/td><td>Schwei\u00dfdraht, Befestigungselemente, Federn, medizinische Leitungen<\/td><\/tr><tr><td><strong>Gussteile<\/strong><\/td><td>B367<\/td><td>Standard-Spezifikation f\u00fcr Gussst\u00fccke aus Titan und Titanlegierungen<\/td><td>Kompliziert geformte Pumpen, Ventile, Geh\u00e4use<\/td><\/tr><tr><td><strong>Medizinische Materialien<\/strong><\/td><td>F136<\/td><td>Standard-Spezifikation f\u00fcr Titan-6-Aluminium-4-Vanadium-ELI-Knetlegierung f\u00fcr chirurgische Implantatanwendungen<\/td><td><strong>Chirurgische Implantate<\/strong>\u00a0(entspricht Gr23)<\/td><\/tr><tr><td>\u00a0<\/td><td>F1472<\/td><td>Standard-Spezifikation f\u00fcr Titan-6-Aluminium-4-Vanadium-Knetlegierung f\u00fcr chirurgische Implantatanwendungen<\/td><td>Chirurgische Implantate (umfasst mehr Produktformen als F136)<\/td><\/tr><tr><td>\u00a0<\/td><td>F67<\/td><td>Standardspezifikation f\u00fcr unlegiertes Titan f\u00fcr chirurgische Implantatanwendungen<\/td><td>Chirurgische Implantate (Knochenplatten, Schrauben usw.)<\/td><\/tr><tr><td>\u00a0<\/td><td>F1295<\/td><td>Standard-Spezifikation f\u00fcr Titan-6-Aluminium-7-Niob-Knetlegierung f\u00fcr chirurgische Implantatanwendungen<\/td><td>Biokompatible Alternative zu Ti-6Al-4V<\/td><\/tr><tr><td>\u00a0<\/td><td>F1580<\/td><td>Standardspezifikation f\u00fcr Titan-5-Aluminium-2,5-Eisen-Knetlegierung f\u00fcr chirurgische Implantatanwendungen<\/td><td>Eine weitere chirurgische Implantatlegierung<\/td><\/tr><\/tbody><\/table>\t\t\t\t\t\t\t\t<\/div>\n\t\t\t\t\t<\/div>\n\t\t\t\t<\/div>\n\t\t<div class=\"elementor-element elementor-element-b4dcac6 e-flex e-con-boxed e-con e-parent\" data-id=\"b4dcac6\" data-element_type=\"container\">\n\t\t\t\t\t<div class=\"e-con-inner\">\n\t\t\t\t<div class=\"elementor-element elementor-element-2c0903f elementor-widget elementor-widget-heading\" data-id=\"2c0903f\" data-element_type=\"widget\" data-widget_type=\"heading.default\">\n\t\t\t\t\t<h2 class=\"elementor-heading-title elementor-size-default\">Andere wichtige internationale Standardsysteme<\/h2>\t\t\t\t<\/div>\n\t\t\t\t<div class=\"elementor-element elementor-element-df377e8 elementor-widget elementor-widget-text-editor\" data-id=\"df377e8\" data-element_type=\"widget\" data-widget_type=\"text-editor.default\">\n\t\t\t\t\t\t\t\t\t<table>\n<thead>\n<tr>\n<th>Standard System<\/th>\n<th>Schl\u00fcsselbeispiel Normen<\/th>\n<th>Anmerkungen und Querverweise<\/th>\n<\/tr>\n<\/thead>\n<tbody>\n<tr>\n<td><strong>ISO-Normen<\/strong><\/td>\n<td><strong>ISO 5832-Reihe<\/strong>\u00a0(Teil 2: Unlegiertes Ti; Teil 3: Ti-6Al-4V; Teil 11: Ti-6Al-7Nb)<\/td>\n<td><strong>Globaler Ma\u00dfstab f\u00fcr die Regulierung von Medizinprodukten<\/strong>, analog zur ASTM F-Reihe.<\/td>\n<\/tr>\n<tr>\n<td><\/td>\n<td><strong>ISO 20000-Reihe<\/strong><\/td>\n<td>Titan f\u00fcr den allgemeinen industriellen Gebrauch, zur Harmonisierung mit nationalen Normen.<\/td>\n<\/tr>\n<tr>\n<td><strong>China GB\/T<\/strong><\/td>\n<td><strong>GB\/T 3620.1<\/strong>\u00a0(Qualit\u00e4ten und chemische Zusammensetzung)<\/td>\n<td><strong>TA1~TA4<\/strong>\u00a0entspricht\u00a0<strong>Gr1~Gr4<\/strong>;\u00a0<strong>TC4<\/strong>\u00a0entspricht\u00a0<strong>Ti-6Al-4V (Gr5)<\/strong>.<\/td>\n<\/tr>\n<tr>\n<td><\/td>\n<td><strong>GB\/T 3621<\/strong>\u00a0(Blatt),\u00a0<strong>GB\/T 2965<\/strong>\u00a0(Bar),\u00a0<strong>GB\/T 16598<\/strong>\u00a0(Rohr)<\/td>\n<td>Produktformnormen, analog zur ASTM B-Reihe.<\/td>\n<\/tr>\n<tr>\n<td><strong>Russland GOST<\/strong><\/td>\n<td><strong>\u0412\u04221-0<\/strong>\u00a0(CP Ti),\u00a0<strong>\u0412\u04226<\/strong>\u00a0(entspricht TC4\/Gr5),\u00a0<strong>\u0412\u042222<\/strong>\u00a0(hochfeste Legierung)<\/td>\n<td>Unabh\u00e4ngiges Legierungssystem mit langj\u00e4hriger Erfahrung in der Luft- und Raumfahrt und bei milit\u00e4rischen Anwendungen.<\/td>\n<\/tr>\n<tr>\n<td><strong>Japan JIS<\/strong><\/td>\n<td><strong>JIS H 4600<\/strong>\u00a0(Bleche, Platten und B\u00e4nder aus Titan)<\/td>\n<td>Noten wie\u00a0<strong>KS50<\/strong>\u00a0(Klasse 1),\u00a0<strong>KS70<\/strong>\u00a0(Klasse 4),\u00a0<strong>TAH<\/strong>\u00a0(Ti-6Al-4V).<\/td>\n<\/tr>\n<\/tbody>\n<\/table>\t\t\t\t\t\t\t\t<\/div>\n\t\t\t\t\t<\/div>\n\t\t\t\t<\/div>\n\t\t\t\t<\/div>","protected":false},"excerpt":{"rendered":"<p>Vollst\u00e4ndige Tabelle der Titanlegierungen und der internationalen Normen Anfrage nach unserem aktuellen Preis Titanlegierungssorten und -eigenschaften Klassifizierung Legierung \/ Sorte Name Gemeinsame Bezeichnung Schl\u00fcsseleigenschaften Typische Anwendungen Handels\u00fcbliche Reinheit (CP) Ti Grade 1 CP1 \/ Gr 1 Sauerstoffarm, h\u00f6chste Duktilit\u00e4t, Verformbarkeit und Korrosionsbest\u00e4ndigkeit Chemische Auskleidungen, Tiefziehteile Ti Grade 2 CP2 [...]<\/p>","protected":false},"author":1,"featured_media":0,"parent":0,"menu_order":0,"comment_status":"closed","ping_status":"closed","template":"","meta":{"footnotes":""},"class_list":["post-309","page","type-page","status-publish","hentry"],"_links":{"self":[{"href":"https:\/\/hontitan.com\/de\/wp-json\/wp\/v2\/pages\/309","targetHints":{"allow":["GET"]}}],"collection":[{"href":"https:\/\/hontitan.com\/de\/wp-json\/wp\/v2\/pages"}],"about":[{"href":"https:\/\/hontitan.com\/de\/wp-json\/wp\/v2\/types\/page"}],"author":[{"embeddable":true,"href":"https:\/\/hontitan.com\/de\/wp-json\/wp\/v2\/users\/1"}],"replies":[{"embeddable":true,"href":"https:\/\/hontitan.com\/de\/wp-json\/wp\/v2\/comments?post=309"}],"version-history":[{"count":20,"href":"https:\/\/hontitan.com\/de\/wp-json\/wp\/v2\/pages\/309\/revisions"}],"predecessor-version":[{"id":3001,"href":"https:\/\/hontitan.com\/de\/wp-json\/wp\/v2\/pages\/309\/revisions\/3001"}],"wp:attachment":[{"href":"https:\/\/hontitan.com\/de\/wp-json\/wp\/v2\/media?parent=309"}],"curies":[{"name":"wp","href":"https:\/\/api.w.org\/{rel}","templated":true}]}}