{"id":1382,"date":"2025-12-20T10:06:58","date_gmt":"2025-12-20T10:06:58","guid":{"rendered":"https:\/\/hontitan.com\/?post_type=product&#038;p=1382"},"modified":"2025-12-22T02:34:18","modified_gmt":"2025-12-22T02:34:18","slug":"astm-f136-grade-5-eli-titanium-round-bar-supplier","status":"publish","type":"product","link":"https:\/\/hontitan.com\/de\/product\/astm-f136-grade-5-eli-titanium-round-bar-supplier\/","title":{"rendered":"ASTM F136 Grad 5 ELI Titan Rundstab"},"content":{"rendered":"<h3 data-pm-slice=\"1 1 []\"><strong>Ihr zuverl\u00e4ssiger ASTM F136-Titanlieferant f\u00fcr Pr\u00e4zisionsimplantate.<\/strong><\/h3>\n<p>Als engagierter <strong>ASTM F136 Titan Lieferant<\/strong> und <strong>Lagerhalter<\/strong>, Hon Titan ist spezialisiert auf die Herstellung hochwertiger <strong>Titanstab in medizinischer Qualit\u00e4t<\/strong> Produkte. Wir konzentrieren uns speziell auf <strong>Titanst\u00e4be mit kleinem Durchmesser<\/strong> (1\/4\u2033 bis 1\/2\u2033), optimiert f\u00fcr kritische chirurgische Anwendungen.<\/p>\n<p><img fetchpriority=\"high\" decoding=\"async\" class=\"size-full wp-image-1386 aligncenter\" src=\"https:\/\/hontitan.com\/wp-content\/uploads\/2025\/12\/1-1.webp\" alt=\"\" width=\"750\" height=\"750\" title=\"\" srcset=\"https:\/\/hontitan.com\/wp-content\/uploads\/2025\/12\/1-1.webp 750w, https:\/\/hontitan.com\/wp-content\/uploads\/2025\/12\/1-1-300x300.webp 300w, https:\/\/hontitan.com\/wp-content\/uploads\/2025\/12\/1-1-150x150.webp 150w, https:\/\/hontitan.com\/wp-content\/uploads\/2025\/12\/1-1-12x12.webp 12w, https:\/\/hontitan.com\/wp-content\/uploads\/2025\/12\/1-1-600x600.webp 600w, https:\/\/hontitan.com\/wp-content\/uploads\/2025\/12\/1-1-100x100.webp 100w\" sizes=\"(max-width: 750px) 100vw, 750px\" \/><\/p>\n<p>Unsere Grade 5 ELI (Ti-6Al-4V ELI) Rundlinge sind spitzenlos geschliffen und <strong>ISO h7-Toleranzen<\/strong>, und dient als ideale <strong>Gleitender Spindelstock Material<\/strong> f\u00fcr Hochgeschwindigkeits-CNC-Drehmaschinen (Citizen, Star, Tornos). Ob f\u00fcr <strong>Gro\u00dfhandel<\/strong> Produktion oder F&amp;E, unsere St\u00e4be sind sofort einsatzbereit.<\/p>\n<ul>\n<li><strong>Durchmesserbereich:<\/strong> 1\/4\u2033 (6,35mm) - 1\/2\u2033 (12,7mm)<\/li>\n<li><strong>Oberfl\u00e4che:<\/strong> Pr\u00e4zisionsgeschliffen, poliert &amp; <strong>Eloxieren bereit<\/strong><\/li>\n<li><strong>Vertr\u00e4glichkeit:<\/strong> <strong>ISO h7 \/ h8<\/strong> (Streng gepr\u00fcft)<\/li>\n<li><strong>Lagerstatus:<\/strong> <strong>Bereit zum Versand<\/strong> (Kein MOQ f\u00fcr Lagerartikel)<\/li>\n<\/ul>\n<p><img decoding=\"async\" class=\"aligncenter wp-image-1385 size-full\" src=\"https:\/\/hontitan.com\/wp-content\/uploads\/2025\/12\/2-2.webp\" alt=\"Polierter Stangenstapel aus medizinischem Titan (ASTM F136), bereit zum Versand.\" width=\"750\" height=\"750\" title=\"\" srcset=\"https:\/\/hontitan.com\/wp-content\/uploads\/2025\/12\/2-2.webp 750w, https:\/\/hontitan.com\/wp-content\/uploads\/2025\/12\/2-2-300x300.webp 300w, https:\/\/hontitan.com\/wp-content\/uploads\/2025\/12\/2-2-150x150.webp 150w, https:\/\/hontitan.com\/wp-content\/uploads\/2025\/12\/2-2-12x12.webp 12w, https:\/\/hontitan.com\/wp-content\/uploads\/2025\/12\/2-2-600x600.webp 600w, https:\/\/hontitan.com\/wp-content\/uploads\/2025\/12\/2-2-100x100.webp 100w\" sizes=\"(max-width: 750px) 100vw, 750px\" \/><\/p>\n<h2><strong>Technische Daten<\/strong><\/h2>\n<table>\n<tbody>\n<tr>\n<th>Eigentum<\/th>\n<th>Spezifikation<\/th>\n<\/tr>\n<tr>\n<td><strong>Material Name<\/strong><\/td>\n<td><strong>Medizinische <a href=\"https:\/\/hontitan.com\/de\/product\/grade-2-titanium-square-bar-10mm-astm-b348\/\"  data-wpil-monitor-id=\"163\">Grad Titan Bar<\/a><\/strong> (Klasse 5 ELI)<\/td>\n<\/tr>\n<tr>\n<td><strong>Einhaltung der Normen<\/strong><\/td>\n<td><strong>ASTM F136<\/strong>, ISO 5832-3, AMS 4930<\/td>\n<\/tr>\n<tr>\n<td><strong>Schmelzen Methode<\/strong><\/td>\n<td><strong>VAR Triple Melt<\/strong> (Vakuumbogen umgeschmolzen)<\/td>\n<\/tr>\n<tr>\n<td><strong>Durchmesser Bereich<\/strong><\/td>\n<td>0,250\u2033 (6,35mm) bis 0,500\u2033 (12,7mm)<\/td>\n<\/tr>\n<tr>\n<td><strong>Toleranz<\/strong><\/td>\n<td><strong>ISO h7 (0 \/ -0,015mm)<\/strong> oder h8<\/td>\n<\/tr>\n<tr>\n<td><strong>Geradheit<\/strong><\/td>\n<td><strong>&lt; 0,5 mm\/m<\/strong> (Optimiert f\u00fcr CNC-Autof\u00f6rderer)<\/td>\n<\/tr>\n<tr>\n<td><strong>Oberfl\u00e4chenbehandlung<\/strong><\/td>\n<td>Spitzenlos geschliffen, Ra \u2264 0,8\u00b5m (<strong>Eloxieren bereit<\/strong>)<\/td>\n<\/tr>\n<tr>\n<td><strong>Mikrostruktur<\/strong><\/td>\n<td>Gleichm\u00e4\u00dfige Alpha-Beta-Struktur (Korngr\u00f6\u00dfe ASTM E112)<\/td>\n<\/tr>\n<\/tbody>\n<\/table>\n<h2><strong>Warum sollten Sie Hon Titan als Ihren Lieferanten w\u00e4hlen?<\/strong><\/h2>\n<h3><strong>A. Swiss Lathe Ready (gratfrei &amp; vibrationsfrei)<\/strong><\/h3>\n<p>Bearbeitung <strong>Titanst\u00e4be mit kleinem Durchmesser<\/strong> erfordert extreme Materialstabilit\u00e4t. Unsere Stangen zeichnen sich durch hervorragende Geradheit (&lt; 0,5 mm\/m) und gleichm\u00e4\u00dfige Rundheit aus.<\/p>\n<ul>\n<li><strong>Optimierte Bearbeitbarkeit:<\/strong> Reduziert den Werkzeugverschlei\u00df und gew\u00e4hrleistet <strong>Gratfrei<\/strong> Schneiden bei komplexen Vorg\u00e4ngen wie <strong>Gewindewirbeln<\/strong> und <strong>Tieflochbohren<\/strong>.<\/li>\n<li><strong>Vibrationskontrolle:<\/strong> Passt perfekt zu F\u00fchrungsbuchsen in <strong>CNC-Drehmaschinen nach Schweizer Art<\/strong>, Dadurch wird ein Verklemmen des Materials verhindert und ein hochpr\u00e4ziser Rundlauf gew\u00e4hrleistet.<\/li>\n<\/ul>\n<h3><strong>B. Sichtbare Pr\u00e4zision (mit Mikrometer \u00fcberpr\u00fcft)<\/strong><\/h3>\n<p>Wir behaupten nicht nur Pr\u00e4zision, wir beweisen sie auch. Jede Charge wird einer 100%-Ma\u00dfkontrolle unterzogen. Wie unser Pr\u00fcfverfahren zeigt, kontrollieren wir den Durchmesser streng nach ISO h7-Toleranz. Diese \u201cGo\/No-Go\u201d-Pr\u00fcfung stellt sicher, dass Ihre Produktionslinie nie wegen \u00fcbergro\u00dfer Stangen stillsteht.<\/p>\n<h3><strong>C. Medizinische Reinheit (Kontrolle der interstitiellen Elemente)<\/strong><\/h3>\n<p>Sicherheit ist oberstes Gebot. Unser Material wird bezogen von <strong>VAR Triple-Melt-Barren<\/strong> um eine hohe Reinheit zu gew\u00e4hrleisten.<\/p>\n<ul>\n<li><strong>Wenig Sauerstoff und Eisen:<\/strong> Wir kontrollieren streng <strong>Interstitielle Elemente<\/strong> zur Verbesserung der Duktilit\u00e4t und Bruchz\u00e4higkeit.<\/li>\n<li><strong>Alpha-Beta-Mikrostruktur:<\/strong> Die gleichm\u00e4\u00dfige Kornstruktur verhindert Erm\u00fcdungsbr\u00fcche und ist daher ideal f\u00fcr langfristig belastbare Implantate wie <strong>Wirbels\u00e4ulenst\u00e4bchen<\/strong>.<\/li>\n<\/ul>\n<h2><strong>Anwendungen<\/strong><\/h2>\n<p>Unsere 1\/4\u2033 bis 1\/2\u2033 Pr\u00e4zisionsstangen sind das Standard-Rohmaterial f\u00fcr die Industrie:<\/p>\n<ul>\n<li><strong>Wirbels\u00e4ule:<\/strong> <strong>Pedikelschraube Rohmaterial<\/strong>, Wirbels\u00e4ulenstangen, Halswirbels\u00e4ulenplatten.<\/li>\n<li><strong>Zahnmedizinisch:<\/strong> <strong>Zahn\u00e4rztliche Abutmentstangen<\/strong>, Einheilkappen, kieferorthop\u00e4dische Verankerungen.<\/li>\n<li><strong>Trauma:<\/strong> <strong>Intramedull\u00e4re N\u00e4gel<\/strong>, Durchbohrte Schrauben, <strong>Kirschnerdr\u00e4hte (K-Dr\u00e4hte)<\/strong>.<\/li>\n<li><strong>Sportmedizin:<\/strong> <strong>Nahtanker<\/strong>, Interferenz-Schrauben.<\/li>\n<li><strong>Werkzeuge:<\/strong> Chirurgische Bohrer, medizinische Treibersch\u00e4fte.<\/li>\n<\/ul>\n<h2><strong>Qualit\u00e4tssicherung &amp; R\u00fcckverfolgbarkeit<\/strong><\/h2>\n<p>Bei Hon Titan ist Qualit\u00e4t nicht verhandelbar. Wir bieten komplette <strong>R\u00fcckverfolgbarkeit vom Kn\u00fcppel bis zur Stange<\/strong>. Jede Sendung enth\u00e4lt eine vollst\u00e4ndige <strong>EN 10204 3.1 Werkspr\u00fcfzeugnis (MTC)<\/strong> mit der urspr\u00fcnglichen Barrenquelle verbunden.<\/p>\n<p><strong>Unser Inspektionsprotokoll umfasst folgende Punkte:<\/strong><\/p>\n<ol>\n<li><strong>Chemische Analyse:<\/strong> ICP-OES-Tests zur \u00dcberpr\u00fcfung <strong>Niedriger Sauerstoffgehalt<\/strong> ELI-Zusammensetzung.<\/li>\n<li><strong>Mechanische Pr\u00fcfung:<\/strong> Zugfestigkeit, Streckgrenze und Dehnung.<\/li>\n<li><strong>Ultraschallpr\u00fcfung:<\/strong> <strong>AMS 2631 Klasse A<\/strong> (um sicherzustellen, dass keine inneren Risse\/Hohlr\u00e4ume vorhanden sind).<\/li>\n<li><strong>Mikrostrukturanalyse:<\/strong> <strong>Korngr\u00f6\u00dfe ASTM E112<\/strong> \u00dcberpr\u00fcfung.<\/li>\n<li><strong>Ma\u00dfkontrolle:<\/strong> Laser-Mikrometer und Go\/No-Go-Messger\u00e4te.<\/li>\n<\/ol>\n<h2><strong>Verpackung &amp; Logistik (Schadenfreiheitsgarantie)<\/strong><\/h2>\n<p>Wir behandeln unsere pr\u00e4zisionsgeschliffenen Stangen wie empfindliche Instrumente. Wir wissen, dass schon ein kleiner Kratzer den Vorschubprozess Ihrer Drehmaschine st\u00f6ren kann.<\/p>\n<h3><strong>Mehrschichtiger Oberfl\u00e4chenschutz<\/strong><\/h3>\n<p>Wie auf dem Foto zu sehen ist, wird jede Schicht der Titanst\u00e4be durch weiche, nicht scheuernde Baumwollschaumplatten getrennt. Dies verhindert den Kontakt von Metall auf Metall und gew\u00e4hrleistet die <strong>Eloxierf\u00e4hige Oberfl\u00e4che (Ra &lt; 0,8\u00b5m)<\/strong> kommt in tadellosem Zustand in Ihrem Werk an.<\/p>\n<p><img decoding=\"async\" class=\"wp-image-1384 size-full aligncenter\" src=\"https:\/\/hontitan.com\/wp-content\/uploads\/2025\/12\/6-2.webp\" alt=\"Titanstab-Schutzverpackung mit weichem Schaumstoff, um Kratzer zu vermeiden.\" width=\"750\" height=\"750\" title=\"\" srcset=\"https:\/\/hontitan.com\/wp-content\/uploads\/2025\/12\/6-2.webp 750w, https:\/\/hontitan.com\/wp-content\/uploads\/2025\/12\/6-2-300x300.webp 300w, https:\/\/hontitan.com\/wp-content\/uploads\/2025\/12\/6-2-150x150.webp 150w, https:\/\/hontitan.com\/wp-content\/uploads\/2025\/12\/6-2-12x12.webp 12w, https:\/\/hontitan.com\/wp-content\/uploads\/2025\/12\/6-2-600x600.webp 600w, https:\/\/hontitan.com\/wp-content\/uploads\/2025\/12\/6-2-100x100.webp 100w\" sizes=\"(max-width: 750px) 100vw, 750px\" \/><\/p>\n<h3><strong>Verst\u00e4rkte Exportkisten<\/strong><\/h3>\n<p>Die \u00e4u\u00dfere Holzkiste ist mit dickem, hochdichtem, gewelltem EPE-Schaumstoff ausgekleidet. Diese \u201cschwimmende\u201d Aufh\u00e4ngung absorbiert St\u00f6\u00dfe und Vibrationen w\u00e4hrend des Transports. Die St\u00e4be sind geb\u00fcndelt und flach in der verst\u00e4rkten Kiste befestigt. <strong>Sperrholzkisten in Exportqualit\u00e4t<\/strong> um ein Verbiegen zu verhindern.<\/p>\n<p><img loading=\"lazy\" decoding=\"async\" class=\"size-full wp-image-1383 aligncenter\" src=\"https:\/\/hontitan.com\/wp-content\/uploads\/2025\/12\/5.webp\" alt=\"\" width=\"750\" height=\"750\" title=\"\" srcset=\"https:\/\/hontitan.com\/wp-content\/uploads\/2025\/12\/5.webp 750w, https:\/\/hontitan.com\/wp-content\/uploads\/2025\/12\/5-300x300.webp 300w, https:\/\/hontitan.com\/wp-content\/uploads\/2025\/12\/5-150x150.webp 150w, https:\/\/hontitan.com\/wp-content\/uploads\/2025\/12\/5-12x12.webp 12w, https:\/\/hontitan.com\/wp-content\/uploads\/2025\/12\/5-600x600.webp 600w, https:\/\/hontitan.com\/wp-content\/uploads\/2025\/12\/5-100x100.webp 100w\" sizes=\"(max-width: 750px) 100vw, 750px\" \/><\/p>\n<h2><strong>FAQ (H\u00e4ufig gestellte Fragen)<\/strong><\/h2>\n<p><strong>F: Was ist der Unterschied zwischen Ti Grade 5 und Grade 5 ELI?<\/strong><\/p>\n<p>A: G\u00fcteklasse 5 ELI (ASTM F136) hat engere Grenzen f\u00fcr <strong>Sauerstoff und Eisen<\/strong> im Vergleich zu <a href=\"https:\/\/hontitan.com\/de\/titanium-grade\/\"  data-wpil-monitor-id=\"273\">Standardqualit\u00e4t<\/a> 5. Diese strenge <strong>Interstitielle Elemente Kontrolle<\/strong> macht das Material dehnbarer und bruchfester, was eine zwingende Voraussetzung f\u00fcr medizinische Implantate ist.<\/p>\n<p><strong>F: Unterst\u00fctzen Sie Probeauftr\u00e4ge f\u00fcr Forschung und Entwicklung?<\/strong><\/p>\n<p>A: Ja. Als flexible <strong>Titan Rundstab Lagerhalter<\/strong>, haben wir eine <strong>\u201cNo MOQ\u201d-Politik f\u00fcr Artikel auf Lager<\/strong>. Wir unterst\u00fctzen Start-ups im Bereich der Medizintechnik durch die Lieferung kleiner Mengen (z. B. 5 kg oder 10 kg) f\u00fcr die Herstellung von Prototypen von Knochenschrauben oder Dentalteilen.<\/p>\n<p><strong>F: Kann Ihr Material auf Citizen\/Star-Drehmaschinen mit beweglichem Spindelstock verwendet werden?<\/strong><\/p>\n<p>A: Auf jeden Fall. Unsere Ruten sind speziell geschliffen, um <strong>ISO h7-Toleranz<\/strong> mit hervorragender Geradheit, was sie zur perfekten <strong>Gleitender Spindelstock Material<\/strong> f\u00fcr die Schweizer Hochgeschwindigkeitsbearbeitung ohne Verklemmung der F\u00fchrungsbuchse.<\/p>\n<h2><strong>Aufruf zum Handeln<\/strong><\/h2>\n<h3><strong>Partnerschaft mit einem zuverl\u00e4ssigen ASTM F136-Titanlieferanten<\/strong><\/h3>\n<p>Machen Sie keine Kompromisse bei Ihrem Rohmaterial. Stellen Sie sicher, dass Ihre Implantate mit der Pr\u00e4zision von Hon Titan den h\u00f6chsten Standards entsprechen. <strong>Medizinische <a href=\"https:\/\/hontitan.com\/de\/titanium-grade-5-vs-grade-2-technical-guide\/\"  data-wpil-monitor-id=\"276\">Titan-G\u00fcteklasse<\/a> Bar<\/strong>.<\/p>\n<p><strong><a href=\"https:\/\/hontitan.com\/de\/contact-us\/\"  data-wpil-monitor-id=\"274\">Kontakt<\/a> heute f\u00fcr Gro\u00dfhandelspreise und die aktuelle Lagerliste.<\/strong><\/p>","protected":false},"excerpt":{"rendered":"<ul>\n<li data-path-to-node=\"5,0,0,0\"><b data-path-to-node=\"5,0,0,0\" data-index-in-node=\"0\">Material:<\/b> ASTM F136 \/ ISO 5832-3 Klasse 5 ELI (medizinische Qualit\u00e4t)<\/li>\n<li data-path-to-node=\"5,0,1,0\"><b data-path-to-node=\"5,0,1,0\" data-index-in-node=\"0\">Durchmesserbereich:<\/b> 1\/4\u2033 (6,35mm) - 1\/2\u2033 (12,7mm)<\/li>\n<li data-path-to-node=\"5,0,2,0\"><b data-path-to-node=\"5,0,2,0\" data-index-in-node=\"0\">Pr\u00e4zision:<\/b> Spitzenlos geschliffen bis <b data-path-to-node=\"5,0,2,0\" data-index-in-node=\"32\">ISO h7-Toleranz<\/b><\/li>\n<li data-path-to-node=\"5,0,3,0\"><b data-path-to-node=\"5,0,3,0\" data-index-in-node=\"0\">Anwendung:<\/b> Ideal f\u00fcr die Bearbeitung in der Schweiz (Knochenschrauben, zahn\u00e4rztliche Abutments)<\/li>\n<li data-path-to-node=\"5,0,4,0\"><b data-path-to-node=\"5,0,4,0\" data-index-in-node=\"0\">Verf\u00fcgbarkeit:<\/b> Lagerartikel, kein MOQ, schneller Versand.<\/li>\n<\/ul>","protected":false},"featured_media":1387,"template":"","meta":[],"product_brand":[],"product_cat":[15,38],"product_tag":[],"class_list":{"0":"post-1382","1":"product","2":"type-product","3":"status-publish","4":"has-post-thumbnail","6":"product_cat-titanium-mill-products","7":"product_cat-titanium-bars","9":"first","10":"instock","11":"shipping-taxable","12":"product-type-simple"},"_links":{"self":[{"href":"https:\/\/hontitan.com\/de\/wp-json\/wp\/v2\/product\/1382","targetHints":{"allow":["GET"]}}],"collection":[{"href":"https:\/\/hontitan.com\/de\/wp-json\/wp\/v2\/product"}],"about":[{"href":"https:\/\/hontitan.com\/de\/wp-json\/wp\/v2\/types\/product"}],"version-history":[{"count":0,"href":"https:\/\/hontitan.com\/de\/wp-json\/wp\/v2\/product\/1382\/revisions"}],"wp:featuredmedia":[{"embeddable":true,"href":"https:\/\/hontitan.com\/de\/wp-json\/wp\/v2\/media\/1387"}],"wp:attachment":[{"href":"https:\/\/hontitan.com\/de\/wp-json\/wp\/v2\/media?parent=1382"}],"wp:term":[{"taxonomy":"product_brand","embeddable":true,"href":"https:\/\/hontitan.com\/de\/wp-json\/wp\/v2\/product_brand?post=1382"},{"taxonomy":"product_cat","embeddable":true,"href":"https:\/\/hontitan.com\/de\/wp-json\/wp\/v2\/product_cat?post=1382"},{"taxonomy":"product_tag","embeddable":true,"href":"https:\/\/hontitan.com\/de\/wp-json\/wp\/v2\/product_tag?post=1382"}],"curies":[{"name":"wp","href":"https:\/\/api.w.org\/{rel}","templated":true}]}}