{"id":3819,"date":"2026-05-01T09:32:47","date_gmt":"2026-05-01T09:32:47","guid":{"rendered":"https:\/\/hontitan.com\/?post_type=product&#038;p=3819"},"modified":"2026-05-01T09:33:22","modified_gmt":"2026-05-01T09:33:22","slug":"grade-4-medical-titanium-plate-astm-f67","status":"publish","type":"product","link":"https:\/\/hontitan.com\/de\/product\/grade-4-medical-titanium-plate-astm-f67\/","title":{"rendered":"Medizinische Titanplatten und -bleche Gr4"},"content":{"rendered":"","protected":false},"excerpt":{"rendered":"<p data-pm-slice=\"1 1 []\">Als spezialisierter Hersteller von Metallen in medizinischer Qualit\u00e4t liefern wir hochwertige <strong>Platten und Bleche aus medizinischem Titan Gr4<\/strong> f\u00fcr die anspruchsvollsten medizinischen und chirurgischen Anwendungen entwickelt. Grade 4 ist weithin als der st\u00e4rkste der kommerziell reinen (CP) Titansorten anerkannt und bietet ein optimales Gleichgewicht zwischen hoher mechanischer Festigkeit und au\u00dfergew\u00f6hnlicher <strong>Biokompatibilit\u00e4t<\/strong>.<\/p>\n<p>Hergestellt in strenger \u00dcbereinstimmung mit den <strong>ASTM F67<\/strong> Standard sind unsere unlegierten Titanbleche v\u00f6llig frei von toxischen Elementen wie Aluminium und Vanadium. Dies gew\u00e4hrleistet eine hervorragende Korrosionsbest\u00e4ndigkeit und Osseointegration in physiologischen Umgebungen und macht unsere Produkte zur zuverl\u00e4ssigen Wahl f\u00fcr Biomedizintechniker und Hersteller medizinischer Ger\u00e4te auf der ganzen Welt.<\/p>","protected":false},"featured_media":0,"template":"","meta":[],"product_brand":[],"product_cat":[15,40],"product_tag":[],"class_list":{"0":"post-3819","1":"product","2":"type-product","3":"status-publish","5":"product_cat-titanium-mill-products","6":"product_cat-titanium-plate","8":"first","9":"instock","10":"shipping-taxable","11":"product-type-simple"},"_links":{"self":[{"href":"https:\/\/hontitan.com\/de\/wp-json\/wp\/v2\/product\/3819","targetHints":{"allow":["GET"]}}],"collection":[{"href":"https:\/\/hontitan.com\/de\/wp-json\/wp\/v2\/product"}],"about":[{"href":"https:\/\/hontitan.com\/de\/wp-json\/wp\/v2\/types\/product"}],"version-history":[{"count":2,"href":"https:\/\/hontitan.com\/de\/wp-json\/wp\/v2\/product\/3819\/revisions"}],"predecessor-version":[{"id":3821,"href":"https:\/\/hontitan.com\/de\/wp-json\/wp\/v2\/product\/3819\/revisions\/3821"}],"wp:attachment":[{"href":"https:\/\/hontitan.com\/de\/wp-json\/wp\/v2\/media?parent=3819"}],"wp:term":[{"taxonomy":"product_brand","embeddable":true,"href":"https:\/\/hontitan.com\/de\/wp-json\/wp\/v2\/product_brand?post=3819"},{"taxonomy":"product_cat","embeddable":true,"href":"https:\/\/hontitan.com\/de\/wp-json\/wp\/v2\/product_cat?post=3819"},{"taxonomy":"product_tag","embeddable":true,"href":"https:\/\/hontitan.com\/de\/wp-json\/wp\/v2\/product_tag?post=3819"}],"curies":[{"name":"wp","href":"https:\/\/api.w.org\/{rel}","templated":true}]}}