{"id":1282,"date":"2025-12-17T13:50:09","date_gmt":"2025-12-17T13:50:09","guid":{"rendered":"https:\/\/hontitan.com\/?post_type=product&#038;p=1282"},"modified":"2025-12-30T03:47:24","modified_gmt":"2025-12-30T03:47:24","slug":"gr2-titanium-anode-basket-100cm-reinforced","status":"publish","type":"product","link":"https:\/\/hontitan.com\/es\/product\/gr2-titanium-anode-basket-100cm-reinforced\/","title":{"rendered":"Cesta de \u00e1nodo de malla de titanio puro Gr2 (100 cm de altura)"},"content":{"rendered":"<h2 data-pm-slice=\"1 1 []\">Productos<\/h2>\n<p>Para las l\u00edneas de galvanoplastia que requieren tanques profundos (&gt;800 mm), las cestas de titanio est\u00e1ndar a menudo sufren de <strong>abombamiento y deformaci\u00f3n<\/strong> debido a la inmensa presi\u00f3n hidrost\u00e1tica y al peso del material del \u00e1nodo (por ejemplo, gr\u00e1nulos de n\u00edquel). Esta deformaci\u00f3n puede provocar cortocircuitos fatales con el panel cat\u00f3dico.<\/p>\n<p>Nuestra <strong>Cesta de \u00e1nodos de titanio reforzada de 100 cm<\/strong> est\u00e1 dise\u00f1ado espec\u00edficamente para resolver este problema. Fabricado en <strong><a href=\"https:\/\/hontitan.com\/es\/product\/gr5-titanium-sheet-ti-6al-4v-supplier\/\"  data-wpil-monitor-id=\"100\">ASTM<\/strong> B265 <strong>Titanio puro industrial de grado 2<\/strong><\/a>, cuenta con un <strong>Doble sistema de refuerzo vertical<\/strong>-Dos tiras de titanio macizo soldadas a lo largo de toda la cesta. Este esqueleto estructural garantiza que la cesta mantenga su rectitud incluso cuando est\u00e1 totalmente cargada con m\u00e1s de 50 kg de material an\u00f3dico.<\/p>\n<p><img fetchpriority=\"high\" decoding=\"async\" class=\"alignnone size-full wp-image-1284\" src=\"https:\/\/hontitan.com\/wp-content\/uploads\/2025\/12\/Pure-Titanium-Mesh-Anode-Basket.webp\" alt=\"\" width=\"2305\" height=\"750\" title=\"\" srcset=\"https:\/\/hontitan.com\/wp-content\/uploads\/2025\/12\/Pure-Titanium-Mesh-Anode-Basket.webp 2305w, https:\/\/hontitan.com\/wp-content\/uploads\/2025\/12\/Pure-Titanium-Mesh-Anode-Basket-300x98.webp 300w, https:\/\/hontitan.com\/wp-content\/uploads\/2025\/12\/Pure-Titanium-Mesh-Anode-Basket-1024x333.webp 1024w, https:\/\/hontitan.com\/wp-content\/uploads\/2025\/12\/Pure-Titanium-Mesh-Anode-Basket-768x250.webp 768w, https:\/\/hontitan.com\/wp-content\/uploads\/2025\/12\/Pure-Titanium-Mesh-Anode-Basket-1536x500.webp 1536w, https:\/\/hontitan.com\/wp-content\/uploads\/2025\/12\/Pure-Titanium-Mesh-Anode-Basket-2048x666.webp 2048w, https:\/\/hontitan.com\/wp-content\/uploads\/2025\/12\/Pure-Titanium-Mesh-Anode-Basket-18x6.webp 18w, https:\/\/hontitan.com\/wp-content\/uploads\/2025\/12\/Pure-Titanium-Mesh-Anode-Basket-600x195.webp 600w\" sizes=\"(max-width: 2305px) 100vw, 2305px\" \/><\/p>\n<p><strong>Por qu\u00e9 elegir nuestra cesta reforzada:<\/strong><\/p>\n<ul>\n<li><strong>Garant\u00eda antibultos:<\/strong> La estructura reforzada limita la deformaci\u00f3n de las paredes laterales a &lt;2 mm bajo carga completa, evitando cortocircuitos y garantizando una f\u00e1cil extracci\u00f3n del dep\u00f3sito.<\/li>\n<li><strong>Alta conductividad:<\/strong> Utilizamos <strong>Penetraci\u00f3n total <a href=\"https:\/\/hontitan.com\/es\/titanium-tig-welding-guide\/\"  data-wpil-monitor-id=\"233\">Soldadura TIG<\/a><\/strong> (Arco de Arg\u00f3n) en lugar de la soldadura por puntos. Esto garantiza una oxidaci\u00f3n nula en las uniones y minimiza la ca\u00edda de tensi\u00f3n, ahorrando energ\u00eda.<\/li>\n<li><strong>Flujo optimizado de electrolitos:<\/strong> La norma <strong>Malla expandida de 10 mm x 5 mm<\/strong> est\u00e1 dise\u00f1ado para sujetar de forma segura los gr\u00e1nulos de S-N\u00edquel y las pepitas de Cobre al tiempo que maximiza la tasa de intercambio electrol\u00edtico.<\/li>\n<li><strong>Trazabilidad:<\/strong> Cada lote se suministra con un <strong>Molino<\/strong> Certificado de ensayo (EN <strong>10204 3.1)<\/strong> para verificar la pureza (Fe \u2264 0,30%) y garantizar la ausencia de contaminaci\u00f3n de su ba\u00f1o de revestimiento.<\/li>\n<\/ul>\n<h2>Especificaciones t\u00e9cnicas<\/h2>\n<table>\n<tbody>\n<tr>\n<th>Especificaci\u00f3n Art\u00edculo<\/th>\n<th>Valor est\u00e1ndar \/ Descripci\u00f3n<\/th>\n<th>Nota<\/th>\n<\/tr>\n<tr>\n<td><strong>Calidad del material<\/strong><\/td>\n<td><strong>ASTM B265 Grado 2<\/strong> (Industria <a href=\"https:\/\/hontitan.com\/es\/density-of-titanium-metal\/\"  data-wpil-monitor-id=\"101\">Titanio puro<\/a>)<\/td>\n<td>Ti \u2265 99,5%, Fe \u2264 0,30%, O \u2264 0,25%<\/td>\n<\/tr>\n<tr>\n<td><strong>Dimensiones est\u00e1ndar<\/strong><\/td>\n<td>1000 mm (alto) x 200 mm (ancho) x 50 mm (fondo)<\/td>\n<td><strong>Personalizable<\/strong> (Altura: 300-1500mm)<\/td>\n<\/tr>\n<tr>\n<td><strong>Tecnolog\u00eda de malla<\/strong><\/td>\n<td><strong>Malla de titanio expandido<\/strong> (Forma de diamante)<\/td>\n<td>Estructura integral, sin cables sueltos<\/td>\n<\/tr>\n<tr>\n<td><strong>Apertura de malla (LWD x SWD)<\/strong><\/td>\n<td><strong>10 mm x 5 mm<\/strong> (Est\u00e1ndar)<\/td>\n<td>Ideal para pellets de S-N\u00edquel \/ pepitas de cobre<\/td>\n<\/tr>\n<tr>\n<td><strong>Espesor de la chapa<\/strong><\/td>\n<td>Malla: 1,0 mm<\/td>\n<td>Gancho: 3,0 mm - 5,0 mm<\/td>\n<\/tr>\n<tr>\n<td><strong>Refuerzo<\/strong><\/td>\n<td><strong>2x Tiras verticales de titanio s\u00f3lido<\/strong><\/td>\n<td>10 mm de ancho x 2 mm de grosor<\/td>\n<\/tr>\n<tr>\n<td><strong>Configuraci\u00f3n del gancho<\/strong><\/td>\n<td>Ganchos dobles (en V \/ cuadrados \/ planos)<\/td>\n<td>Soldado TIG para alta capacidad de corriente<\/td>\n<\/tr>\n<tr>\n<td><strong>Capacidad de carga<\/strong><\/td>\n<td>Clasificado para <strong>50kg+<\/strong> material del \u00e1nodo<\/td>\n<td>Gran estabilidad estructural<\/td>\n<\/tr>\n<tr>\n<td><strong>M\u00e9todo de soldadura<\/strong><\/td>\n<td>Soldadura TIG (gas inerte de tungsteno)<\/td>\n<td>Color de soldadura plata\/oro (sin oxidaci\u00f3n)<\/td>\n<\/tr>\n<\/tbody>\n<\/table>\n<h2>Tecnolog\u00eda estructural: La ventaja contra el abultamiento<\/h2>\n<h3>1. El reto: \u00bfPor qu\u00e9 fracasan las cestas largas?<\/h3>\n<p>En las cestas de m\u00e1s de 80 cm de altura, el peso acumulado de las bolas an\u00f3dicas en el fondo crea una importante presi\u00f3n hacia el exterior. Las cestas est\u00e1ndar sin refuerzo se abombar\u00e1n hacia fuera (como un vientre de embarazada). Esto provoca:<\/p>\n<ul>\n<li><strong>Cortocircuitos:<\/strong> La cesta abultada toca el c\u00e1todo\/la placa PCB, arruinando el producto y da\u00f1ando potencialmente el rectificador.<\/li>\n<li><strong>Jamming:<\/strong> La cesta deformada se atasca en el dep\u00f3sito y no puede extraerse para su mantenimiento.<\/li>\n<\/ul>\n<h3>2. Nuestra soluci\u00f3n: Esqueleto de refuerzo vertical<\/h3>\n<p>Soldamos <strong>dos tiras de titanio s\u00f3lido<\/strong> verticalmente a trav\u00e9s de la cara principal de la cesta. Esto act\u00faa como un esqueleto de carga, distribuyendo la tensi\u00f3n uniformemente.<\/p>\n<ul>\n<li><strong>Resultado:<\/strong> La desviaci\u00f3n de la rectitud se controla dentro de \u00b12 mm.<\/li>\n<li><strong>Beneficio:<\/strong> Vida \u00fatil prolongada (3-5 a\u00f1os) y distancia constante entre \u00e1nodo y c\u00e1todo (distribuci\u00f3n uniforme de la corriente).<\/li>\n<\/ul>\n<h3>3. Malla expandida frente a alambre tejido<\/h3>\n<p>Utilizamos <strong>Malla met\u00e1lica expandida<\/strong> exclusivamente. A diferencia de la malla met\u00e1lica tejida, que tiene puntos de contacto que pueden desprender o atrapar contaminantes:<\/p>\n<ul>\n<li><strong>Estructura integral:<\/strong> Es una sola pieza de metal. Sin cables que se rompan o desenreden.<\/li>\n<li><strong>Mejor conductividad:<\/strong> Sin resistencia de contacto entre los hilos de trama y de urdimbre.<\/li>\n<\/ul>\n<h2>Aplicaci\u00f3n y compatibilidad qu\u00edmica<\/h2>\n<p>Este Grado 2 <a href=\"https:\/\/hontitan.com\/es\/product\/ru-ir-coated-titanium-anode-factory\/\"  data-wpil-monitor-id=\"232\">\u00c1nodo de titanio<\/a> La cesta es qu\u00edmicamente estable y adecuada para los siguientes procesos de revestimiento:<\/p>\n<ul>\n<li><strong>Niquelado:<\/strong> Compatible con ba\u00f1os de N\u00edquel Sulfamato y N\u00edquel Watts. La malla de 10x5mm es perfecta para retener <strong>Pellets de n\u00edquel S (S-Rounds)<\/strong> y R-Rondas.<\/li>\n<li><strong>Cobreado \u00e1cido:<\/strong> Ideal para el revestimiento de cilindros de PCB y huecograbado utilizando bolas de cobre fosforizado.<\/li>\n<li><strong>Cromado:<\/strong> Excelente resistencia a las soluciones de \u00e1cido cr\u00f3mico.<\/li>\n<li><strong>Cincado \u00e1cido:<\/strong> Adecuado para electrolitos de cloruro de zinc.<\/li>\n<\/ul>\n<h3>\u00a0Advertencia cr\u00edtica (incompatibilidad qu\u00edmica)<\/h3>\n<ul>\n<li><strong>Fluoruro:<\/strong> Titanio <strong>NO PUEDE<\/strong> utilizarse en ba\u00f1os que contengan iones fluoruro (por ejemplo, \u00e1cido fluorh\u00eddrico, bifluoruro de amonio). El fluoruro corroe r\u00e1pidamente el titanio. Para estas aplicaciones <a href=\"https:\/\/hontitan.com\/es\/contact-us\/\"  data-wpil-monitor-id=\"99\">Contacto<\/a> para <strong>Cestas de \u00e1nodo de circonio<\/strong>.<\/li>\n<li><strong>Alta tensi\u00f3n:<\/strong> Aseg\u00farese de que haya un contacto adecuado entre el gancho y la barra colectora para evitar la formaci\u00f3n de arcos.<\/li>\n<\/ul>\n<h2>Personalizaci\u00f3n y accesorios recomendados<\/h2>\n<p>Entendemos que cada l\u00ednea de revestimiento es \u00fanica. Ofrecemos una personalizaci\u00f3n completa basada en los planos de su dep\u00f3sito.<\/p>\n<h3>\u00bfC\u00f3mo pedir tallas especiales?<\/h3>\n<p>Indique las siguientes dimensiones cuando solicite un presupuesto:<\/p>\n<ol>\n<li><strong>Tama\u00f1o de la cesta:<\/strong> Longitud (A) x Anchura (B) x Altura (C)<\/li>\n<li><strong>Altura del gancho:<\/strong> (D) - Distancia de la parte superior de la cesta al centro de la barra colectora.<\/li>\n<li><strong>Orientaci\u00f3n del gancho:<\/strong> Est\u00e1ndar o girada 90\u00b0.<\/li>\n<\/ol>\n<h3>Complemento recomendado: Bolsas para \u00e1nodos<\/h3>\n<p>Para garantizar la m\u00e1xima calidad del chapado, recomendamos encarecidamente utilizar nuestro <strong>PP (polipropileno) <\/strong><a href=\"https:\/\/hontitan.com\/es\/product\/ru-ir-coated-titanium-anode-assembly-mmo\/\"  data-wpil-monitor-id=\"102\">Bolsas de \u00e1nodos con su titanio<\/a> cestas.<\/p>\n<ul>\n<li><strong>Funci\u00f3n:<\/strong> Filtra los lodos an\u00f3dicos y los finos para evitar el revestimiento rugoso (rebabas).<\/li>\n<li><strong>Espec:<\/strong> Tejido PP resistente a los \u00e1cidos con doble costura y cord\u00f3n de ajuste.<\/li>\n<\/ul>\n<h2>Preguntas m\u00e1s frecuentes (FAQ)<\/h2>\n<p><strong>Q:<\/strong> \u00bfPuede este <strong>cesto aguantan los Pellets de N\u00edquel sin fugas?<\/strong><\/p>\n<p>R: S\u00ed. Nuestra abertura de malla est\u00e1ndar es de 10 mm x 5 mm (LWD x SWD), que est\u00e1 calculada espec\u00edficamente para retener de forma segura los pellets de n\u00edquel S est\u00e1ndar (normalmente de 6 a 12 mm de di\u00e1metro) y las pepitas de cobre.<\/p>\n<p><strong>P: \u00bfCu\u00e1l es la vida \u00fatil estimada de esta cesta de titanio?<\/strong><\/p>\n<p>R: En ba\u00f1os est\u00e1ndar de \u00e1cido sulf\u00farico o sulfato de n\u00edquel, <a href=\"https:\/\/hontitan.com\/es\/titanium-grade\/\"  data-wpil-monitor-id=\"103\">Titanio de grado 2<\/a> forma una pel\u00edcula protectora de \u00f3xido. Con un mantenimiento adecuado (evitando da\u00f1os f\u00edsicos), la vida \u00fatil prevista es de <strong>3-5 a\u00f1os<\/strong>.<\/p>\n<p><strong>Q:<\/strong> \u00bfPor qu\u00e9 es importante la soldadura TIG para <strong>\u00bfCestas de \u00e1nodos?<\/strong><\/p>\n<p>R: La soldadura por puntos es m\u00e1s barata, pero d\u00e9bil y propensa a la oxidaci\u00f3n (soldaduras ennegrecidas). Nosotros utilizamos <strong>Soldadura TIG de penetraci\u00f3n total<\/strong> bajo protecci\u00f3n de gas arg\u00f3n. Esto garantiza que la soldadura sea tan resistente a la corrosi\u00f3n como el metal base y pueda soportar altas corrientes sin sobrecalentarse.<\/p>\n<p><strong>P: \u00bfAceptan peque\u00f1os pedidos de prueba?<\/strong><\/p>\n<p>R: S\u00ed. Para dimensiones est\u00e1ndar (como 1000x200x50mm), aceptamos pedidos de MOQ bajo. Para tama\u00f1os personalizados, el MOQ suele ser de 5-10 unidades.<\/p>","protected":false},"excerpt":{"rendered":"<ul>\n<li><strong>Producto:<\/strong> Cesta de \u00e1nodo de malla de titanio puro Gr2 (100cm) | ASTM B265<\/li>\n<li><strong>Estructura:<\/strong> <strong>Dise\u00f1o antibultos reforzado<\/strong> con tiras verticales dobles de titanio macizo para soportar cargas an\u00f3dicas pesadas (m\u00e1s de 50 kg) sin deformarse.<\/li>\n<li><strong>Material:<\/strong> La malla expandida de titanio de grado 2 de gran pureza (est\u00e1ndar 10\u00d75 mm) garantiza una excelente resistencia a la corrosi\u00f3n y al intercambio electrol\u00edtico.<\/li>\n<li><strong>Artesan\u00eda:<\/strong> La soldadura TIG de penetraci\u00f3n total garantiza la integridad estructural y una alta conductividad el\u00e9ctrica (baja ca\u00edda de tensi\u00f3n).<\/li>\n<li><strong>Aplicaci\u00f3n:<\/strong> Ideal para granallas de n\u00edquel (S-Rounds), pepitas de cobre y cincado \u00e1cido.<\/li>\n<li><strong>Servicio:<\/strong> Dimensiones y configuraciones de gancho personalizadas (en V\/cuadradas) disponibles bajo pedido.<\/li>\n<\/ul>","protected":false},"featured_media":1283,"template":"","meta":[],"product_brand":[],"product_cat":[36],"product_tag":[],"class_list":{"0":"post-1282","1":"product","2":"type-product","3":"status-publish","4":"has-post-thumbnail","6":"product_cat-titanium-electrodes","8":"first","9":"instock","10":"shipping-taxable","11":"product-type-simple"},"_links":{"self":[{"href":"https:\/\/hontitan.com\/es\/wp-json\/wp\/v2\/product\/1282","targetHints":{"allow":["GET"]}}],"collection":[{"href":"https:\/\/hontitan.com\/es\/wp-json\/wp\/v2\/product"}],"about":[{"href":"https:\/\/hontitan.com\/es\/wp-json\/wp\/v2\/types\/product"}],"version-history":[{"count":0,"href":"https:\/\/hontitan.com\/es\/wp-json\/wp\/v2\/product\/1282\/revisions"}],"wp:featuredmedia":[{"embeddable":true,"href":"https:\/\/hontitan.com\/es\/wp-json\/wp\/v2\/media\/1283"}],"wp:attachment":[{"href":"https:\/\/hontitan.com\/es\/wp-json\/wp\/v2\/media?parent=1282"}],"wp:term":[{"taxonomy":"product_brand","embeddable":true,"href":"https:\/\/hontitan.com\/es\/wp-json\/wp\/v2\/product_brand?post=1282"},{"taxonomy":"product_cat","embeddable":true,"href":"https:\/\/hontitan.com\/es\/wp-json\/wp\/v2\/product_cat?post=1282"},{"taxonomy":"product_tag","embeddable":true,"href":"https:\/\/hontitan.com\/es\/wp-json\/wp\/v2\/product_tag?post=1282"}],"curies":[{"name":"wp","href":"https:\/\/api.w.org\/{rel}","templated":true}]}}