{"id":1382,"date":"2025-12-20T10:06:58","date_gmt":"2025-12-20T10:06:58","guid":{"rendered":"https:\/\/hontitan.com\/?post_type=product&#038;p=1382"},"modified":"2025-12-22T02:34:18","modified_gmt":"2025-12-22T02:34:18","slug":"astm-f136-grade-5-eli-titanium-round-bar-supplier","status":"publish","type":"product","link":"https:\/\/hontitan.com\/es\/product\/astm-f136-grade-5-eli-titanium-round-bar-supplier\/","title":{"rendered":"ASTM F136 Grado 5 ELI Titanio Barra Redonda"},"content":{"rendered":"<h3 data-pm-slice=\"1 1 []\"><strong>Su proveedor de titanio ASTM F136 de confianza para implantes de precisi\u00f3n.<\/strong><\/h3>\n<p>Como <strong>Proveedor de titanio ASTM F136<\/strong> y <strong>Distribuidor<\/strong>, Hon Titan se especializa en la fabricaci\u00f3n de <strong>Barra de titanio de calidad m\u00e9dica<\/strong> productos. Nos centramos espec\u00edficamente en <strong>varillas de titanio de peque\u00f1o di\u00e1metro<\/strong> (1\/4\u2033 a 1\/2\u2033) optimizado para aplicaciones quir\u00fargicas cr\u00edticas.<\/p>\n<p><img fetchpriority=\"high\" decoding=\"async\" class=\"size-full wp-image-1386 aligncenter\" src=\"https:\/\/hontitan.com\/wp-content\/uploads\/2025\/12\/1-1.webp\" alt=\"\" width=\"750\" height=\"750\" title=\"\" srcset=\"https:\/\/hontitan.com\/wp-content\/uploads\/2025\/12\/1-1.webp 750w, https:\/\/hontitan.com\/wp-content\/uploads\/2025\/12\/1-1-300x300.webp 300w, https:\/\/hontitan.com\/wp-content\/uploads\/2025\/12\/1-1-150x150.webp 150w, https:\/\/hontitan.com\/wp-content\/uploads\/2025\/12\/1-1-12x12.webp 12w, https:\/\/hontitan.com\/wp-content\/uploads\/2025\/12\/1-1-600x600.webp 600w, https:\/\/hontitan.com\/wp-content\/uploads\/2025\/12\/1-1-100x100.webp 100w\" sizes=\"(max-width: 750px) 100vw, 750px\" \/><\/p>\n<p>Nuestros redondos de Grado 5 ELI (Ti-6Al-4V ELI) se rectifican sin centros para que queden bien ajustados. <strong>Tolerancias ISO h7<\/strong>, sirviendo como el ideal <strong>Material del cabezal m\u00f3vil<\/strong> para tornos CNC de alta velocidad (Citizen, Star, Tornos). Ya sea para <strong>Venta al por mayor<\/strong> producci\u00f3n o I+D, nuestras barras est\u00e1n listas para su uso inmediato.<\/p>\n<ul>\n<li><strong>Gama de di\u00e1metros:<\/strong> 1\/4\u2033 (6,35 mm) - 1\/2\u2033 (12,7 mm)<\/li>\n<li><strong>Superficie:<\/strong> Rectificado de precisi\u00f3n, pulido y <strong>Listo para anodizar<\/strong><\/li>\n<li><strong>Tolerancia:<\/strong> <strong>ISO h7 \/ h8<\/strong> (Estrictamente verificado)<\/li>\n<li><strong>Estado de las existencias:<\/strong> <strong>Listo para enviar<\/strong> (Sin MOQ para art\u00edculos en stock)<\/li>\n<\/ul>\n<p><img decoding=\"async\" class=\"aligncenter wp-image-1385 size-full\" src=\"https:\/\/hontitan.com\/wp-content\/uploads\/2025\/12\/2-2.webp\" alt=\"Pila de barras de titanio de grado m\u00e9dico pulidas (ASTM F136) listas para su env\u00edo.\" width=\"750\" height=\"750\" title=\"\" srcset=\"https:\/\/hontitan.com\/wp-content\/uploads\/2025\/12\/2-2.webp 750w, https:\/\/hontitan.com\/wp-content\/uploads\/2025\/12\/2-2-300x300.webp 300w, https:\/\/hontitan.com\/wp-content\/uploads\/2025\/12\/2-2-150x150.webp 150w, https:\/\/hontitan.com\/wp-content\/uploads\/2025\/12\/2-2-12x12.webp 12w, https:\/\/hontitan.com\/wp-content\/uploads\/2025\/12\/2-2-600x600.webp 600w, https:\/\/hontitan.com\/wp-content\/uploads\/2025\/12\/2-2-100x100.webp 100w\" sizes=\"(max-width: 750px) 100vw, 750px\" \/><\/p>\n<h2><strong>Especificaciones t\u00e9cnicas<\/strong><\/h2>\n<table>\n<tbody>\n<tr>\n<th>Propiedad<\/th>\n<th>Especificaci\u00f3n<\/th>\n<\/tr>\n<tr>\n<td><strong>Nombre del material<\/strong><\/td>\n<td><strong>M\u00e9dico <a href=\"https:\/\/hontitan.com\/es\/product\/grade-2-titanium-square-bar-10mm-astm-b348\/\"  data-wpil-monitor-id=\"163\">Barra de titanio<\/a><\/strong> (Grado 5 ELI)<\/td>\n<\/tr>\n<tr>\n<td><strong>Cumplimiento de las normas<\/strong><\/td>\n<td><strong>ASTM F136<\/strong>, ISO 5832-3, AMS 4930<\/td>\n<\/tr>\n<tr>\n<td><strong>M\u00e9todo de fusi\u00f3n<\/strong><\/td>\n<td><strong>VAR Triple Melt<\/strong> (Remoldeado por arco en vac\u00edo)<\/td>\n<\/tr>\n<tr>\n<td><strong>Di\u00e1metro<\/strong><\/td>\n<td>0,250\u2033 (6,35 mm) a 0,500\u2033 (12,7 mm)<\/td>\n<\/tr>\n<tr>\n<td><strong>Tolerancia<\/strong><\/td>\n<td><strong>ISO h7 (0 \/ -0,015 mm)<\/strong> o h8<\/td>\n<\/tr>\n<tr>\n<td><strong>Rectitud<\/strong><\/td>\n<td><strong>&lt; 0,5 mm\/m<\/strong> (Optimizado para alimentadores autom\u00e1ticos CNC)<\/td>\n<\/tr>\n<tr>\n<td><strong>Acabado superficial<\/strong><\/td>\n<td>Rectificado sin centros, Ra \u2264 0,8\u00b5m (<strong>Listo para anodizar<\/strong>)<\/td>\n<\/tr>\n<tr>\n<td><strong>Microestructura<\/strong><\/td>\n<td>Estructura uniforme alfa-beta (tama\u00f1o de grano ASTM E112)<\/td>\n<\/tr>\n<\/tbody>\n<\/table>\n<h2><strong>\u00bfPor qu\u00e9 elegir Hon Titan como proveedor?<\/strong><\/h2>\n<h3><strong>A. Preparado para torno suizo (sin rebabas ni vibraciones)<\/strong><\/h3>\n<p>Mecanizado <strong>varillas de titanio de peque\u00f1o di\u00e1metro<\/strong> requiere una estabilidad extrema del material. Nuestras barras presentan una rectitud superior (&lt; 0,5 mm\/m) y una redondez constante.<\/p>\n<ul>\n<li><strong>Maquinabilidad optimizada:<\/strong> Reduce el desgaste de las herramientas y garantiza <strong>sin rebabas<\/strong> corte durante operaciones complejas como <strong>Torbellino de hilos<\/strong> y <strong>Perforaci\u00f3n profunda<\/strong>.<\/li>\n<li><strong>Control de vibraciones:<\/strong> Se adapta perfectamente a los casquillos gu\u00eda en <strong>Tornos CNC suizos<\/strong>, evitando que el material se atasque y garantizando una gran precisi\u00f3n en la salida.<\/li>\n<\/ul>\n<h3><strong>B. Precisi\u00f3n visible (verificada por micr\u00f3metro)<\/strong><\/h3>\n<p>No s\u00f3lo afirmamos que somos precisos, sino que lo demostramos. Cada lote se somete a una inspecci\u00f3n dimensional 100%. Como muestra nuestro proceso de inspecci\u00f3n, controlamos estrictamente el di\u00e1metro seg\u00fan la tolerancia ISO h7. Esta verificaci\u00f3n \u201cGo\/No-Go\u201d garantiza que su l\u00ednea de producci\u00f3n nunca se detenga debido a barras sobredimensionadas.<\/p>\n<h3><strong>C. Pureza de grado m\u00e9dico (control de elementos intersticiales)<\/strong><\/h3>\n<p>La seguridad es primordial. Nuestro material procede de <strong>Lingotes VAR Triple Melt<\/strong> para garantizar una gran pureza.<\/p>\n<ul>\n<li><strong>Poco ox\u00edgeno y hierro:<\/strong> Controlamos estrictamente <strong>Elementos intersticiales<\/strong> para mejorar la ductilidad y la resistencia a la fractura.<\/li>\n<li><strong>Microestructura Alfa-Beta:<\/strong> La estructura de grano uniforme evita el fallo por fatiga, por lo que es ideal para implantes que soportan cargas a largo plazo como <strong>Barras espinales<\/strong>.<\/li>\n<\/ul>\n<h2><strong>Aplicaciones<\/strong><\/h2>\n<p>Nuestras varillas de precisi\u00f3n de 1\/4\u2033 a 1\/2\u2033 son la materia prima est\u00e1ndar de la industria para:<\/p>\n<ul>\n<li><strong>Espinal:<\/strong> <strong>Tornillo pedicular Materia prima<\/strong>, Barras espinales, placas cervicales.<\/li>\n<li><strong>Dental:<\/strong> <strong>Barras de pilares dentales<\/strong>, Tapones de cicatrizaci\u00f3n, anclajes de ortodoncia.<\/li>\n<li><strong>Trauma:<\/strong> <strong>Clavos intramedulares<\/strong>, Tornillos canulados, <strong>Agujas de Kirschner (Agujas K)<\/strong>.<\/li>\n<li><strong>Medicina deportiva:<\/strong> <strong>Anclajes de sutura<\/strong>, Tornillos de interferencia.<\/li>\n<li><strong>Herramientas:<\/strong> Brocas quir\u00fargicas, fresas m\u00e9dicas.<\/li>\n<\/ul>\n<h2><strong>Garant\u00eda de calidad y trazabilidad<\/strong><\/h2>\n<p>En Hon Titan, la calidad no es negociable. Proporcionamos <strong>Trazabilidad de la palanquilla a la barra<\/strong>. Cada env\u00edo incluye un <strong>EN 10204 3.1 Certificado de ensayo de laminaci\u00f3n (MTC)<\/strong> vinculada a la fuente original del lingote.<\/p>\n<p><strong>Nuestro protocolo de inspecci\u00f3n incluye:<\/strong><\/p>\n<ol>\n<li><strong>An\u00e1lisis qu\u00edmico:<\/strong> Pruebas ICP-OES para verificar <strong>Ox\u00edgeno bajo<\/strong> Composici\u00f3n del ELI.<\/li>\n<li><strong>Pruebas mec\u00e1nicas:<\/strong> Resistencia a la tracci\u00f3n, l\u00edmite el\u00e1stico y alargamiento.<\/li>\n<li><strong>Pruebas ultras\u00f3nicas:<\/strong> <strong>AMS 2631 Clase A<\/strong> (para garantizar la ausencia de grietas\/vac\u00edos internos).<\/li>\n<li><strong>An\u00e1lisis de microestructuras:<\/strong> <strong>Granulometr\u00eda ASTM E112<\/strong> verificaci\u00f3n.<\/li>\n<li><strong>Comprobaci\u00f3n dimensional:<\/strong> Micr\u00f3metro l\u00e1ser y calibradores Go\/No-Go.<\/li>\n<\/ol>\n<h2><strong>Embalaje y log\u00edstica (garant\u00eda de ausencia de da\u00f1os)<\/strong><\/h2>\n<p>Tratamos nuestras barras rectificadas de precisi\u00f3n como instrumentos delicados. Entendemos que incluso un peque\u00f1o ara\u00f1azo puede arruinar el proceso de alimentaci\u00f3n en su torno suizo.<\/p>\n<h3><strong>Protecci\u00f3n de superficies multicapa<\/strong><\/h3>\n<p>Como se muestra en la foto, cada capa de varillas de titanio est\u00e1 separada por l\u00e1minas de espuma de algod\u00f3n suaves y no abrasivas. Esto evita el contacto metal con metal, garantizando la <strong>Superficie lista para anodizar (Ra &lt; 0,8\u00b5m)<\/strong> llega a su f\u00e1brica en perfectas condiciones.<\/p>\n<p><img decoding=\"async\" class=\"wp-image-1384 size-full aligncenter\" src=\"https:\/\/hontitan.com\/wp-content\/uploads\/2025\/12\/6-2.webp\" alt=\"Embalaje protector de la varilla de titanio con espuma blanda para evitar ara\u00f1azos.\" width=\"750\" height=\"750\" title=\"\" srcset=\"https:\/\/hontitan.com\/wp-content\/uploads\/2025\/12\/6-2.webp 750w, https:\/\/hontitan.com\/wp-content\/uploads\/2025\/12\/6-2-300x300.webp 300w, https:\/\/hontitan.com\/wp-content\/uploads\/2025\/12\/6-2-150x150.webp 150w, https:\/\/hontitan.com\/wp-content\/uploads\/2025\/12\/6-2-12x12.webp 12w, https:\/\/hontitan.com\/wp-content\/uploads\/2025\/12\/6-2-600x600.webp 600w, https:\/\/hontitan.com\/wp-content\/uploads\/2025\/12\/6-2-100x100.webp 100w\" sizes=\"(max-width: 750px) 100vw, 750px\" \/><\/p>\n<h3><strong>Embalaje reforzado para exportaci\u00f3n<\/strong><\/h3>\n<p>La caja exterior de madera est\u00e1 forrada con espuma EPE ondulada gruesa de alta densidad. Este dise\u00f1o de suspensi\u00f3n \u201cflotante\u201d absorbe los golpes y las vibraciones durante el transporte. Las barras se atan y se fijan planas en el interior reforzado <strong>Cajas de madera contrachapada para exportaci\u00f3n<\/strong> para evitar que se doble.<\/p>\n<p><img loading=\"lazy\" decoding=\"async\" class=\"size-full wp-image-1383 aligncenter\" src=\"https:\/\/hontitan.com\/wp-content\/uploads\/2025\/12\/5.webp\" alt=\"\" width=\"750\" height=\"750\" title=\"\" srcset=\"https:\/\/hontitan.com\/wp-content\/uploads\/2025\/12\/5.webp 750w, https:\/\/hontitan.com\/wp-content\/uploads\/2025\/12\/5-300x300.webp 300w, https:\/\/hontitan.com\/wp-content\/uploads\/2025\/12\/5-150x150.webp 150w, https:\/\/hontitan.com\/wp-content\/uploads\/2025\/12\/5-12x12.webp 12w, https:\/\/hontitan.com\/wp-content\/uploads\/2025\/12\/5-600x600.webp 600w, https:\/\/hontitan.com\/wp-content\/uploads\/2025\/12\/5-100x100.webp 100w\" sizes=\"(max-width: 750px) 100vw, 750px\" \/><\/p>\n<h2><strong>FAQ (Preguntas m\u00e1s frecuentes)<\/strong><\/h2>\n<p><strong>P: \u00bfCu\u00e1l es la diferencia entre Ti Grado 5 y Grado 5 ELI?<\/strong><\/p>\n<p>R: El ELI de grado 5 (ASTM F136) tiene l\u00edmites m\u00e1s estrictos de <strong>Ox\u00edgeno y hierro<\/strong> en comparaci\u00f3n con <a href=\"https:\/\/hontitan.com\/es\/titanium-grade\/\"  data-wpil-monitor-id=\"273\">Grado est\u00e1ndar<\/a> 5. Esta estricta <strong>Control de elementos intersticiales<\/strong> hace que el material sea m\u00e1s d\u00factil y resistente a las fracturas, requisito obligatorio para los implantes m\u00e9dicos.<\/p>\n<p><strong>P: \u00bfApoya las \u00f3rdenes de prueba para I+D?<\/strong><\/p>\n<p>R: S\u00ed. Como <strong>Distribuidor de barra redonda de titanio<\/strong>, tenemos un <strong>\u201cPol\u00edtica de \u201dSin MOQ\" para art\u00edculos en stock<\/strong>. Apoyamos a las nuevas empresas de dispositivos m\u00e9dicos suministr\u00e1ndoles peque\u00f1as cantidades (por ejemplo, 5 kg o 10 kg) para la creaci\u00f3n de prototipos de tornillos \u00f3seos o piezas dentales.<\/p>\n<p><strong>P: \u00bfSe puede utilizar su material en tornos de cabezal m\u00f3vil Citizen\/Star?<\/strong><\/p>\n<p>R: Por supuesto. Nuestras varillas est\u00e1n espec\u00edficamente <strong>Tolerancia ISO h7<\/strong> con una excelente rectitud, lo que las convierte en las <strong>Material del cabezal m\u00f3vil<\/strong> para el mecanizado suizo de alta velocidad sin atascar el casquillo gu\u00eda.<\/p>\n<h2><strong>Llamamiento a la acci\u00f3n<\/strong><\/h2>\n<h3><strong>As\u00f3ciese con un proveedor de titanio ASTM F136 fiable<\/strong><\/h3>\n<p>No ponga en peligro su materia prima. Aseg\u00farese de que sus implantes cumplen las normas m\u00e1s exigentes con la precisi\u00f3n de Hon Titan. <strong>M\u00e9dico <a href=\"https:\/\/hontitan.com\/es\/titanium-grade-5-vs-grade-2-technical-guide\/\"  data-wpil-monitor-id=\"276\">Grado Titanio<\/a> Bar<\/strong>.<\/p>\n<p><strong><a href=\"https:\/\/hontitan.com\/es\/contact-us\/\"  data-wpil-monitor-id=\"274\">P\u00f3ngase en contacto con nosotros<\/a> hoy para precios al por mayor y lista de existencias actual.<\/strong><\/p>","protected":false},"excerpt":{"rendered":"<ul>\n<li data-path-to-node=\"5,0,0,0\"><b data-path-to-node=\"5,0,0,0\" data-index-in-node=\"0\">Material:<\/b> ASTM F136 \/ ISO 5832-3 Grado 5 ELI (Grado M\u00e9dico)<\/li>\n<li data-path-to-node=\"5,0,1,0\"><b data-path-to-node=\"5,0,1,0\" data-index-in-node=\"0\">Gama de di\u00e1metros:<\/b> 1\/4\u2033 (6,35 mm) - 1\/2\u2033 (12,7 mm)<\/li>\n<li data-path-to-node=\"5,0,2,0\"><b data-path-to-node=\"5,0,2,0\" data-index-in-node=\"0\">Precisi\u00f3n:<\/b> Esmerilado sin centros a <b data-path-to-node=\"5,0,2,0\" data-index-in-node=\"32\">Tolerancia ISO h7<\/b><\/li>\n<li data-path-to-node=\"5,0,3,0\"><b data-path-to-node=\"5,0,3,0\" data-index-in-node=\"0\">Aplicaci\u00f3n:<\/b> Ideal para mecanizado suizo (tornillos \u00f3seos, pilares dentales)<\/li>\n<li data-path-to-node=\"5,0,4,0\"><b data-path-to-node=\"5,0,4,0\" data-index-in-node=\"0\">Disponibilidad:<\/b> Art\u00edculo en stock, sin MOQ, env\u00edo r\u00e1pido.<\/li>\n<\/ul>","protected":false},"featured_media":1387,"template":"","meta":[],"product_brand":[],"product_cat":[15,38],"product_tag":[],"class_list":{"0":"post-1382","1":"product","2":"type-product","3":"status-publish","4":"has-post-thumbnail","6":"product_cat-titanium-mill-products","7":"product_cat-titanium-bars","9":"first","10":"instock","11":"shipping-taxable","12":"product-type-simple"},"_links":{"self":[{"href":"https:\/\/hontitan.com\/es\/wp-json\/wp\/v2\/product\/1382","targetHints":{"allow":["GET"]}}],"collection":[{"href":"https:\/\/hontitan.com\/es\/wp-json\/wp\/v2\/product"}],"about":[{"href":"https:\/\/hontitan.com\/es\/wp-json\/wp\/v2\/types\/product"}],"version-history":[{"count":0,"href":"https:\/\/hontitan.com\/es\/wp-json\/wp\/v2\/product\/1382\/revisions"}],"wp:featuredmedia":[{"embeddable":true,"href":"https:\/\/hontitan.com\/es\/wp-json\/wp\/v2\/media\/1387"}],"wp:attachment":[{"href":"https:\/\/hontitan.com\/es\/wp-json\/wp\/v2\/media?parent=1382"}],"wp:term":[{"taxonomy":"product_brand","embeddable":true,"href":"https:\/\/hontitan.com\/es\/wp-json\/wp\/v2\/product_brand?post=1382"},{"taxonomy":"product_cat","embeddable":true,"href":"https:\/\/hontitan.com\/es\/wp-json\/wp\/v2\/product_cat?post=1382"},{"taxonomy":"product_tag","embeddable":true,"href":"https:\/\/hontitan.com\/es\/wp-json\/wp\/v2\/product_tag?post=1382"}],"curies":[{"name":"wp","href":"https:\/\/api.w.org\/{rel}","templated":true}]}}