{"id":309,"date":"2025-11-18T02:28:59","date_gmt":"2025-11-18T02:28:59","guid":{"rendered":"https:\/\/hontitan.com\/?page_id=309"},"modified":"2026-03-25T03:01:15","modified_gmt":"2026-03-25T03:01:15","slug":"titanium-grade","status":"publish","type":"page","link":"https:\/\/hontitan.com\/fr\/titanium-grade\/","title":{"rendered":"Grades et normes de titane"},"content":{"rendered":"<div data-elementor-type=\"wp-page\" data-elementor-id=\"309\" class=\"elementor elementor-309\" data-elementor-post-type=\"page\">\n\t\t\t\t<div class=\"elementor-element elementor-element-74502e9 e-flex e-con-boxed e-con e-parent\" data-id=\"74502e9\" data-element_type=\"container\" data-settings=\"{&quot;background_background&quot;:&quot;classic&quot;}\">\n\t\t\t\t\t<div class=\"e-con-inner\">\n\t\t<div class=\"elementor-element elementor-element-7826e46 e-con-full e-flex e-con e-child\" data-id=\"7826e46\" data-element_type=\"container\">\n\t\t\t\t<div class=\"elementor-element elementor-element-62b6fcd elementor-widget elementor-widget-heading\" data-id=\"62b6fcd\" data-element_type=\"widget\" data-widget_type=\"heading.default\">\n\t\t\t\t\t<h2 class=\"elementor-heading-title elementor-size-default\">Tableau complet des alliages de titane et des normes internationales<\/h2>\t\t\t\t<\/div>\n\t\t\t\t<div class=\"elementor-element elementor-element-181257f elementor-align-left elementor-widget elementor-widget-button\" data-id=\"181257f\" data-element_type=\"widget\" data-widget_type=\"button.default\">\n\t\t\t\t\t\t\t\t\t\t<a class=\"elementor-button elementor-button-link elementor-size-sm elementor-animation-bob\" href=\"#elementor-action%3Aaction%3Dpopup%3Aopen%26settings%3DeyJpZCI6IjIwNiIsInRvZ2dsZSI6ZmFsc2V9\">\n\t\t\t\t\t\t<span class=\"elementor-button-content-wrapper\">\n\t\t\t\t\t\t\t\t\t<span class=\"elementor-button-text\">Demandez notre dernier prix<\/span>\n\t\t\t\t\t<\/span>\n\t\t\t\t\t<\/a>\n\t\t\t\t\t\t\t\t<\/div>\n\t\t\t\t<\/div>\n\t\t\t\t\t<\/div>\n\t\t\t\t<\/div>\n\t\t<div class=\"elementor-element elementor-element-b67cff8 e-flex e-con-boxed e-con e-parent\" data-id=\"b67cff8\" data-element_type=\"container\">\n\t\t\t\t\t<div class=\"e-con-inner\">\n\t\t\t\t<div class=\"elementor-element elementor-element-d443927 elementor-widget elementor-widget-heading\" data-id=\"d443927\" data-element_type=\"widget\" data-widget_type=\"heading.default\">\n\t\t\t\t\t<h2 class=\"elementor-heading-title elementor-size-default\">Grades et propri\u00e9t\u00e9s des alliages de titane<\/h2>\t\t\t\t<\/div>\n\t\t\t\t<div class=\"elementor-element elementor-element-5d17bf2 elementor-widget elementor-widget-text-editor\" data-id=\"5d17bf2\" data-element_type=\"widget\" data-widget_type=\"text-editor.default\">\n\t\t\t\t\t\t\t\t\t<table><thead><tr><th>lassification<\/th><th>Nom de l'alliage \/ de la qualit\u00e9<\/th><th>D\u00e9signation commune<\/th><th>Caract\u00e9ristiques principales<\/th><th>Applications typiques<\/th><\/tr><\/thead><tbody><tr><td><strong>Commercialement pur (CP)<\/strong><\/td><td><a href=\"https:\/\/hontitan.com\/fr\/titanium-grade\/titanium-grade-1\/\">Ti Grade 1<\/a><\/td><td>CP1 \/ Gr 1<\/td><td>Faible teneur en oxyg\u00e8ne, ductilit\u00e9, formabilit\u00e9 et r\u00e9sistance \u00e0 la corrosion maximales<\/td><td>Rev\u00eatements chimiques, pi\u00e8ces embouties<\/td><\/tr><tr><td>\u00a0<\/td><td>Ti Grade 2<\/td><td>CP2 \/ Gr 2<\/td><td>Oxyg\u00e8ne standard, excellent \u00e9quilibre entre la r\u00e9sistance m\u00e9canique, la ductilit\u00e9 et la r\u00e9sistance \u00e0 la corrosion (qualit\u00e9 la plus courante)<\/td><td>Traitement chimique, marine, implants m\u00e9dicaux, usage g\u00e9n\u00e9ral<\/td><\/tr><tr><td>\u00a0<\/td><td>Ti Grade 3<\/td><td>CP3 \/ Gr 3<\/td><td>Oxyg\u00e8ne moyen, r\u00e9sistance mod\u00e9r\u00e9e, bonne aptitude \u00e0 la mise en forme<\/td><td>Structures \u00e0 r\u00e9sistance moyenne, appareils \u00e0 pression<\/td><\/tr><tr><td>\u00a0<\/td><td>Ti Grade 4<\/td><td>CP4 \/ Gr 4<\/td><td>Oxyg\u00e8ne \u00e9lev\u00e9, r\u00e9sistance la plus \u00e9lev\u00e9e des qualit\u00e9s pures<\/td><td>Structures a\u00e9rospatiales, implants orthop\u00e9diques, structures r\u00e9sistantes \u00e0 la corrosion<\/td><\/tr><tr><td><strong>Alliages alpha (\u03b1) et quasi-alpha<\/strong><\/td><td>Ti-5Al-2,5Sn<\/td><td>Gr 6<\/td><td>R\u00e9sistance moyenne, bonne soudabilit\u00e9 et stabilit\u00e9 thermique<\/td><td>Cellules d'avions et composants de moteurs pour l'a\u00e9rospatiale<\/td><\/tr><tr><td>\u00a0<\/td><td>Ti-8Al-1Mo-1V<\/td><td>\/<\/td><td>Module \u00e9lastique \u00e9lev\u00e9, bonne r\u00e9sistance au fluage, mauvaise soudabilit\u00e9<\/td><td>Composants de moteurs \u00e0 r\u00e9action<\/td><\/tr><tr><td><strong>Alliages Alpha-Beta (\u03b1-\u03b2)<\/strong><\/td><td>Ti-6Al-4V<\/td><td>Gr 5<\/td><td><strong>L'alliage de titane le plus courant<\/strong>, R\u00e9sistance \u00e9lev\u00e9e, bonnes propri\u00e9t\u00e9s d'ensemble<\/td><td>Moteurs \u00e0 r\u00e9action, structures a\u00e9rospatiales, pi\u00e8ces \u00e0 haute performance<\/td><\/tr><tr><td>\u00a0<\/td><td>Ti-6Al-4V ELI<\/td><td>Gr 23<\/td><td><strong>Extra Low Interstitial (ELI)<\/strong>, plus grande t\u00e9nacit\u00e9 \u00e0 la rupture, meilleure r\u00e9sistance \u00e0 la fissuration par fatigue<\/td><td><strong>Implants chirurgicaux<\/strong>, Composants critiques pour l'a\u00e9rospatiale<\/td><\/tr><tr><td>\u00a0<\/td><td>Ti-3Al-2,5V<\/td><td>Gr 9<\/td><td>R\u00e9sistance moyenne, formabilit\u00e9 \u00e0 froid sup\u00e9rieure \u00e0 celle du Gr5<\/td><td>Tubes hydrauliques pour l'a\u00e9rospatiale, cadres de bicyclettes, t\u00eates de clubs de golf<\/td><\/tr><tr><td>\u00a0<\/td><td>Ti-6Al-2Sn-4Zr-2Mo<\/td><td>Ti-6242<\/td><td>Bonne r\u00e9sistance \u00e0 temp\u00e9rature \u00e9lev\u00e9e (jusqu'\u00e0 ~540\u00b0C)<\/td><td>Disques et aubes de compresseurs de moteurs \u00e0 r\u00e9action<\/td><\/tr><tr><td>\u00a0<\/td><td>Ti-6Al-2Sn-4Zr-6Mo<\/td><td>Ti-6246<\/td><td>Haute r\u00e9sistance, sup\u00e9rieure \u00e0 celle du Ti-6Al-4V<\/td><td>Composants du moteur \u00e0 haute r\u00e9sistance<\/td><\/tr><tr><td><strong>Alliages b\u00eata (\u03b2) et quasi-b\u00eata<\/strong><\/td><td>Ti-10V-2Fe-3Al<\/td><td>Gr 10 \/ Ti-1023<\/td><td>Presque b\u00eata, forgeable, haute r\u00e9sistance et t\u00e9nacit\u00e9<\/td><td>Trains d'atterrissage d'avions, grandes structures forg\u00e9es<\/td><\/tr><tr><td>\u00a0<\/td><td>Ti-15V-3Cr-3Sn-3Al<\/td><td>\/<\/td><td>Alliage b\u00eata, excellente formabilit\u00e9 des bandes \u00e0 froid<\/td><td>Structures a\u00e9rospatiales en t\u00f4le<\/td><\/tr><tr><td>\u00a0<\/td><td>Beta-C (Ti-3Al-8V-6Cr-4Zr-4Mo)<\/td><td>\/<\/td><td>Traitement thermique, excellente r\u00e9sistance \u00e0 la corrosion<\/td><td>Environnements exigeants pour les puits de p\u00e9trole et de gaz<\/td><\/tr><tr><td>\u00a0<\/td><td>Ti-13V-11Cr-3Al<\/td><td>\/<\/td><td>Alliage b\u00eata pouvant \u00eatre trait\u00e9 thermiquement, tr\u00e8s haute r\u00e9sistance, traitement complexe (moins courant)<\/td><td>(Premi\u00e8res structures a\u00e9rospatiales)<\/td><\/tr><tr><td><strong>Alliages r\u00e9sistants \u00e0 la corrosion<\/strong><\/td><td>Ti-0,15-0,2Pd<\/td><td>Gr 7, 11, 16, 17, 26, 27<\/td><td>Ajout de palladium\u00a0<strong>am\u00e9liore consid\u00e9rablement la r\u00e9sistance \u00e0 la corrosion dans les milieux r\u00e9ducteurs<\/strong><\/td><td>Traitement chimique avec cycles d'oxydation\/r\u00e9duction<\/td><\/tr><tr><td>\u00a0<\/td><td>Ti-0,3-0,5Mo-0,8Ni<\/td><td>Gr 12<\/td><td>Excellente r\u00e9sistance \u00e0 la corrosion, bonne r\u00e9sistance \u00e0 la corrosion caverneuse<\/td><td>Industrie chimique<\/td><\/tr><\/tbody><\/table>\t\t\t\t\t\t\t\t<\/div>\n\t\t\t\t\t<\/div>\n\t\t\t\t<\/div>\n\t\t<div class=\"elementor-element elementor-element-c5ab6b1 e-flex e-con-boxed e-con e-parent\" data-id=\"c5ab6b1\" data-element_type=\"container\">\n\t\t\t\t\t<div class=\"e-con-inner\">\n\t\t\t\t<div class=\"elementor-element elementor-element-228a6a1 elementor-widget elementor-widget-heading\" data-id=\"228a6a1\" data-element_type=\"widget\" data-widget_type=\"heading.default\">\n\t\t\t\t\t<h2 class=\"elementor-heading-title elementor-size-default\">Sp\u00e9cifications standard de l'ASTM par forme de produit<\/h2>\t\t\t\t<\/div>\n\t\t\t\t<div class=\"elementor-element elementor-element-c5d4184 elementor-widget elementor-widget-text-editor\" data-id=\"c5d4184\" data-element_type=\"widget\" data-widget_type=\"text-editor.default\">\n\t\t\t\t\t\t\t\t\t<table><thead><tr><th>Forme du produit<\/th><th>Norme ASTM<\/th><th>Titre et champ d'application<\/th><th>Principaux domaines d'application<\/th><\/tr><\/thead><tbody><tr><td><strong>Feuille\/Barre\/Billet<\/strong><\/td><td>B265<\/td><td>Sp\u00e9cification standard pour les bandes, feuilles et plaques de titane et d'alliages de titane<\/td><td>Structures g\u00e9n\u00e9rales, fabrication de navires<\/td><\/tr><tr><td>\u00a0<\/td><td>B348<\/td><td>Sp\u00e9cification standard pour les barres et les billettes en titane et en alliage de titane<\/td><td>Arbres, fixations, pi\u00e8ces forg\u00e9es<\/td><\/tr><tr><td>\u00a0<\/td><td>B381<\/td><td>Sp\u00e9cification standard pour les pi\u00e8ces forg\u00e9es en titane et alliages de titane<\/td><td>Pi\u00e8ces portantes critiques pour l'a\u00e9rospatiale et l'arm\u00e9e<\/td><\/tr><tr><td><strong>Tubes et tuyaux<\/strong><\/td><td>B861<\/td><td>Sp\u00e9cification standard pour les tubes sans soudure en titane et alliages de titane<\/td><td>Tuyauterie sous pression, syst\u00e8mes hydrauliques<\/td><\/tr><tr><td>\u00a0<\/td><td>B862<\/td><td>Sp\u00e9cification standard pour les tubes soud\u00e9s en titane et alliages de titane<\/td><td>Transport g\u00e9n\u00e9ral des fluides, tuyauterie structurelle<\/td><\/tr><tr><td>\u00a0<\/td><td>B337 \/ B338<\/td><td>Sp\u00e9cification standard pour les tubes sans soudure et soud\u00e9s en titane et alliages de titane (pour appareils \u00e0 pression\/\u00e9changeurs de chaleur)<\/td><td><strong>Echangeurs de chaleur et condenseurs pour l'industrie chimique<\/strong><\/td><\/tr><tr><td><strong>Fil de fer<\/strong><\/td><td>B863<\/td><td>Sp\u00e9cification standard pour le fil de titane et d'alliage de titane<\/td><td>Fil de soudure, attaches, ressorts, fils m\u00e9dicaux<\/td><\/tr><tr><td><strong>Moulages<\/strong><\/td><td>B367<\/td><td>Sp\u00e9cification standard pour les pi\u00e8ces moul\u00e9es en titane et alliages de titane<\/td><td>Pompes, vannes et bo\u00eetiers de forme complexe<\/td><\/tr><tr><td><strong>Mat\u00e9riaux m\u00e9dicaux<\/strong><\/td><td>F136<\/td><td>Sp\u00e9cification standard pour l'alliage ELI corroy\u00e9 de titane-6aluminium-4vanadium pour les implants chirurgicaux<\/td><td><strong>Implants chirurgicaux<\/strong>\u00a0(\u00e9quivalent \u00e0 Gr23)<\/td><\/tr><tr><td>\u00a0<\/td><td>F1472<\/td><td>Sp\u00e9cification standard pour l'alliage corroy\u00e9 de titane-6aluminium-4vanadium pour les implants chirurgicaux<\/td><td>Implants chirurgicaux (couvre plus de formes de produits que F136)<\/td><\/tr><tr><td>\u00a0<\/td><td>F67<\/td><td>Sp\u00e9cification standard pour le titane non alli\u00e9 pour les implants chirurgicaux<\/td><td>Implants chirurgicaux (plaques osseuses, vis, etc.)<\/td><\/tr><tr><td>\u00a0<\/td><td>F1295<\/td><td>Sp\u00e9cification normalis\u00e9e pour l'alliage corroy\u00e9 de titane, d'aluminium et de niobium pour les implants chirurgicaux<\/td><td>Alternative biocompatible au Ti-6Al-4V<\/td><\/tr><tr><td>\u00a0<\/td><td>F1580<\/td><td>Sp\u00e9cification standard pour l'alliage corroy\u00e9 de titane-5aluminium-2,5 fer pour les implants chirurgicaux<\/td><td>Un autre alliage d'implant chirurgical<\/td><\/tr><\/tbody><\/table>\t\t\t\t\t\t\t\t<\/div>\n\t\t\t\t\t<\/div>\n\t\t\t\t<\/div>\n\t\t<div class=\"elementor-element elementor-element-b4dcac6 e-flex e-con-boxed e-con e-parent\" data-id=\"b4dcac6\" data-element_type=\"container\">\n\t\t\t\t\t<div class=\"e-con-inner\">\n\t\t\t\t<div class=\"elementor-element elementor-element-2c0903f elementor-widget elementor-widget-heading\" data-id=\"2c0903f\" data-element_type=\"widget\" data-widget_type=\"heading.default\">\n\t\t\t\t\t<h2 class=\"elementor-heading-title elementor-size-default\">Autres grands syst\u00e8mes de normes internationales<\/h2>\t\t\t\t<\/div>\n\t\t\t\t<div class=\"elementor-element elementor-element-df377e8 elementor-widget elementor-widget-text-editor\" data-id=\"df377e8\" data-element_type=\"widget\" data-widget_type=\"text-editor.default\">\n\t\t\t\t\t\t\t\t\t<table>\n<thead>\n<tr>\n<th>Syst\u00e8me standard<\/th>\n<th>Exemples de normes cl\u00e9s<\/th>\n<th>Notes et r\u00e9f\u00e9rences crois\u00e9es<\/th>\n<\/tr>\n<\/thead>\n<tbody>\n<tr>\n<td><strong>Normes ISO<\/strong><\/td>\n<td><strong>S\u00e9rie ISO 5832<\/strong>\u00a0(Partie 2 : Ti non alli\u00e9 ; Partie 3 : Ti-6Al-4V ; Partie 11 : Ti-6Al-7Nb)<\/td>\n<td><strong>R\u00e9f\u00e9rence mondiale en mati\u00e8re de r\u00e9glementation des dispositifs m\u00e9dicaux<\/strong>, analogue \u00e0 la s\u00e9rie F de l'ASTM.<\/td>\n<\/tr>\n<tr>\n<td><\/td>\n<td><strong>S\u00e9rie ISO 20000<\/strong><\/td>\n<td>Titane \u00e0 usage industriel g\u00e9n\u00e9ral, visant \u00e0 l'harmonisation avec les normes nationales.<\/td>\n<\/tr>\n<tr>\n<td><strong>Chine GB\/T<\/strong><\/td>\n<td><strong>GB\/T 3620.1<\/strong>\u00a0(Classes et composition chimique)<\/td>\n<td><strong>TA1~TA4<\/strong>\u00a0correspond \u00e0\u00a0<strong>Gr1~Gr4<\/strong>;\u00a0<strong>TC4<\/strong>\u00a0correspond \u00e0\u00a0<strong>Ti-6Al-4V (Gr5)<\/strong>.<\/td>\n<\/tr>\n<tr>\n<td><\/td>\n<td><strong>GB\/T 3621<\/strong>\u00a0(Fiche),\u00a0<strong>GB\/T 2965<\/strong>\u00a0(Bar),\u00a0<strong>GB\/T 16598<\/strong>\u00a0(Tube)<\/td>\n<td>Normes de forme des produits, analogues \u00e0 celles de la s\u00e9rie B de l'ASTM.<\/td>\n<\/tr>\n<tr>\n<td><strong>Russie GOST<\/strong><\/td>\n<td><strong>\u0412\u04221-0<\/strong>\u00a0(CP Ti),\u00a0<strong>\u0412\u04226<\/strong>\u00a0(\u00e9quivalent \u00e0 TC4\/Gr5),\u00a0<strong>\u0412\u042222<\/strong>\u00a0(alliage \u00e0 haute r\u00e9sistance)<\/td>\n<td>Syst\u00e8me d'alliage ind\u00e9pendant ayant une longue histoire dans les applications a\u00e9rospatiales et militaires.<\/td>\n<\/tr>\n<tr>\n<td><strong>Japon JIS<\/strong><\/td>\n<td><strong>JIS H 4600<\/strong>\u00a0(Feuilles, plaques et bandes en titane)<\/td>\n<td>Les grades tels que\u00a0<strong>KS50<\/strong>\u00a0(classe 1),\u00a0<strong>KS70<\/strong>\u00a0(classe 4),\u00a0<strong>TAT<\/strong>\u00a0(Ti-6Al-4V).<\/td>\n<\/tr>\n<\/tbody>\n<\/table>\t\t\t\t\t\t\t\t<\/div>\n\t\t\t\t\t<\/div>\n\t\t\t\t<\/div>\n\t\t\t\t<\/div>","protected":false},"excerpt":{"rendered":"<p>Tableau complet des alliages de titane et des normes internationales Demander notre dernier prix Alliages de titane : grades et propri\u00e9t\u00e9s lassification Nom de l'alliage \/ du grade D\u00e9signation commune Caract\u00e9ristiques cl\u00e9s Applications typiques Puret\u00e9 commerciale (CP) Ti Grade 1 CP1 \/ Gr 1 Faible teneur en oxyg\u00e8ne, ductilit\u00e9, formabilit\u00e9 et r\u00e9sistance \u00e0 la corrosion les plus \u00e9lev\u00e9es Rev\u00eatements chimiques, pi\u00e8ces embouties Ti Grade 2 CP2 [...]<\/p>","protected":false},"author":1,"featured_media":0,"parent":0,"menu_order":0,"comment_status":"closed","ping_status":"closed","template":"","meta":{"footnotes":""},"class_list":["post-309","page","type-page","status-publish","hentry"],"_hostinger_reach_plugin_has_subscription_block":false,"_hostinger_reach_plugin_is_elementor":false,"_links":{"self":[{"href":"https:\/\/hontitan.com\/fr\/wp-json\/wp\/v2\/pages\/309","targetHints":{"allow":["GET"]}}],"collection":[{"href":"https:\/\/hontitan.com\/fr\/wp-json\/wp\/v2\/pages"}],"about":[{"href":"https:\/\/hontitan.com\/fr\/wp-json\/wp\/v2\/types\/page"}],"author":[{"embeddable":true,"href":"https:\/\/hontitan.com\/fr\/wp-json\/wp\/v2\/users\/1"}],"replies":[{"embeddable":true,"href":"https:\/\/hontitan.com\/fr\/wp-json\/wp\/v2\/comments?post=309"}],"version-history":[{"count":20,"href":"https:\/\/hontitan.com\/fr\/wp-json\/wp\/v2\/pages\/309\/revisions"}],"predecessor-version":[{"id":3001,"href":"https:\/\/hontitan.com\/fr\/wp-json\/wp\/v2\/pages\/309\/revisions\/3001"}],"wp:attachment":[{"href":"https:\/\/hontitan.com\/fr\/wp-json\/wp\/v2\/media?parent=309"}],"curies":[{"name":"wp","href":"https:\/\/api.w.org\/{rel}","templated":true}]}}