{"id":1033,"date":"2025-11-29T09:19:09","date_gmt":"2025-11-29T09:19:09","guid":{"rendered":"https:\/\/hontitan.com\/?post_type=product&#038;p=1033"},"modified":"2025-11-29T09:19:09","modified_gmt":"2025-11-29T09:19:09","slug":"gr5-titanium-sheet-ti-6al-4v-supplier","status":"publish","type":"product","link":"https:\/\/hontitan.com\/fr\/product\/gr5-titanium-sheet-ti-6al-4v-supplier\/","title":{"rendered":"Feuille de titane GR5"},"content":{"rendered":"<h2>Aper\u00e7u du produit<\/h2>\n<p>Notre <strong>Feuille de titane GR5 (Ti-6Al-4V)<\/strong> est l'alliage de titane alpha-b\u00eata standard de l'industrie, con\u00e7u pour les applications n\u00e9cessitant une r\u00e9sistance sp\u00e9cifique \u00e9lev\u00e9e et une excellente r\u00e9sistance \u00e0 la corrosion. Contrairement au titane commercialement pur (GR1\/GR2), le GR5 offre une r\u00e9sistance \u00e0 la traction <strong>\u2265895 MPa<\/strong>, ce qui en fait le premier choix pour les cadres structurels de l'a\u00e9rospatiale, les coques sous pression en mer et les composants de course de haute performance.<\/p>\n<p>Nous fournissons ces mat\u00e9riaux dans les <strong>Condition de recuit sous vide<\/strong>. Ce processus critique \u00e9limine les contraintes internes de laminage, garantissant une plan\u00e9it\u00e9 sup\u00e9rieure (\u22643mm\/m) et r\u00e9duisant consid\u00e9rablement les probl\u00e8mes de retour \u00e9lastique lors du formage \u00e0 froid ou de l'usinage CNC. Que vous ayez besoin de plaques standard de 4\u2019x8\u2032 ou de <strong>plaques extra-larges jusqu'\u00e0 3000 mm<\/strong> pour la fabrication de grands navires, notre stock est pr\u00eat \u00e0 \u00eatre exp\u00e9di\u00e9 imm\u00e9diatement.<\/p>\n<h3>Pourquoi s'approvisionner chez nous ?<\/h3>\n<ul>\n<li><strong>Alliage v\u00e9ritable Composition :<\/strong> Nous respectons strictement <strong>ASTM B265<\/strong>, garantissant la teneur en aluminium (5,5-6,75%) et en vanadium (3,5-4,5%). <em>Remarque : nous ne fournissons pas de mat\u00e9riaux mal \u00e9tiquet\u00e9s \u201c99.5%\u201d ; il s'agit d'un v\u00e9ritable alliage \u00e0 haute r\u00e9sistance.<\/em><\/li>\n<li><strong>Capacit\u00e9 extra-large :<\/strong> L'un des rares fournisseurs \u00e0 proposer des largeurs allant jusqu'\u00e0 <strong>3000mm<\/strong>, Ce qui permet de r\u00e9duire le nombre de soudures dans la construction de r\u00e9servoirs ou de coques \u00e0 grande \u00e9chelle.<\/li>\n<li><strong>Traitement au guichet unique :<\/strong> De la bobine brute \u00e0 la <strong>D\u00e9coupe au jet d'eau<\/strong> nous fournissons des composants dont la forme est proche de la valeur nette, ce qui vous permet d'\u00e9conomiser du temps d'usinage et des co\u00fbts de rebut.<\/li>\n<li><strong>Qualit\u00e9 tra\u00e7able :<\/strong> Chaque feuille est accompagn\u00e9e d'un certificat de test d'usine (MTC) conforme \u00e0 la norme EN10204 3.1, tra\u00e7able jusqu'au lingot de titane.<\/li>\n<\/ul>\n<h2>Principales sp\u00e9cifications techniques<\/h2>\n<p><em>Donn\u00e9es bas\u00e9es sur ASTM B265 \/ ASME SB265 pour le grade 5 (Ti-6Al-4V).<\/em><\/p>\n<blockquote><p><strong>\ud83d\udc68\u200d\ud83d\udd27 Note de l'ing\u00e9nieur :<\/strong> Veillez \u00e0 ce que votre projet n\u00e9cessite <strong>Grade 5 (Ti-6Al-4V)<\/strong>. Alors que le titane pur (GR2) offre une meilleure ductilit\u00e9 pour l'emboutissage, le GR5 est con\u00e7u pour l'emboutissage. <strong>les structures porteuses<\/strong> avec une duret\u00e9 et une r\u00e9sistance nettement plus \u00e9lev\u00e9es.<\/p><\/blockquote>\n<table>\n<tbody>\n<tr>\n<th>\u00c9l\u00e9ment de sp\u00e9cification<\/th>\n<th>Valeur standard (ASTM B265 GR5)<\/th>\n<th>M\u00e9thode d'essai<\/th>\n<th>Note<\/th>\n<\/tr>\n<tr>\n<td><strong>Qualit\u00e9 des mat\u00e9riaux<\/strong><\/td>\n<td><strong>Grade 5 (Ti-6Al-4V)<\/strong> \/ R56400<\/td>\n<td>&#8211;<\/td>\n<td>\u03b1+\u03b2 Alliage<\/td>\n<\/tr>\n<tr>\n<td><strong>R\u00e9sistance \u00e0 la traction<\/strong><\/td>\n<td><strong>\u2265 895 MPa<\/strong> (130 ksi)<\/td>\n<td>ASTM E8<\/td>\n<td>Haute r\u00e9sistance<\/td>\n<\/tr>\n<tr>\n<td><strong>Limite d'\u00e9lasticit\u00e9<\/strong><\/td>\n<td><strong>\u2265 828 MPa<\/strong> (120 ksi)<\/td>\n<td>ASTM E8<\/td>\n<td>0,2% D\u00e9calage<\/td>\n<\/tr>\n<tr>\n<td><strong>\u00c9longation<\/strong><\/td>\n<td>\u2265 10%<\/td>\n<td>ASTM E8<\/td>\n<td>&#8211;<\/td>\n<\/tr>\n<tr>\n<td><strong>Duret\u00e9<\/strong><\/td>\n<td>30-36 HRC (typique)<\/td>\n<td>ASTM E18<\/td>\n<td>Recuit sous vide<\/td>\n<\/tr>\n<tr>\n<td><strong>Aluminium (Al)<\/strong><\/td>\n<td><strong>5.5% - 6.75%<\/strong><\/td>\n<td>ASTM E120<\/td>\n<td>\u00c9l\u00e9ment d'alliage<\/td>\n<\/tr>\n<tr>\n<td><strong>Vanadium (V)<\/strong><\/td>\n<td><strong>3.5% - 4.5%<\/strong><\/td>\n<td>ASTM E120<\/td>\n<td>\u00c9l\u00e9ment d'alliage<\/td>\n<\/tr>\n<tr>\n<td><strong>Fer (Fe)<\/strong><\/td>\n<td>\u2264 0,40%<\/td>\n<td>&#8211;<\/td>\n<td>Contr\u00f4le des impuret\u00e9s<\/td>\n<\/tr>\n<tr>\n<td><strong>Oxyg\u00e8ne (O)<\/strong><\/td>\n<td>\u2264 0.20%<\/td>\n<td>&#8211;<\/td>\n<td>Contr\u00f4le des impuret\u00e9s<\/td>\n<\/tr>\n<\/tbody>\n<\/table>\n<h3>Dimensions de l'alimentation<\/h3>\n<table>\n<tbody>\n<tr>\n<th>Dimension<\/th>\n<th>Gamme<\/th>\n<th>Tol\u00e9rance (typique)<\/th>\n<\/tr>\n<tr>\n<td><strong>\u00c9paisseur<\/strong><\/td>\n<td>0,5mm - 100mm<\/td>\n<td>Selon ASTM B265<\/td>\n<\/tr>\n<tr>\n<td><strong>Largeur<\/strong><\/td>\n<td>1000mm - <strong>3000mm<\/strong> (Max)<\/td>\n<td>+3\/-0 mm<\/td>\n<\/tr>\n<tr>\n<td><strong>Longueur<\/strong><\/td>\n<td>2000mm - 6000mm (ou sur mesure)<\/td>\n<td>+5\/-0 mm<\/td>\n<\/tr>\n<\/tbody>\n<\/table>\n<h2>Traitement et services personnalis\u00e9s<\/h2>\n<p><strong>De la plaque brute aux pi\u00e8ces pr\u00eates \u00e0 \u00eatre install\u00e9es<\/strong><\/p>\n<p>Le traitement du Ti-6Al-4V est notoirement difficile en raison de sa haute r\u00e9sistance. Utilisez nos capacit\u00e9s internes pour \u00e9viter les d\u00e9lais d'usinage par des tiers.<\/p>\n<h3>1. Coupe de pr\u00e9cision (pas de zone affect\u00e9e par la chaleur)<\/h3>\n<ul>\n<li><strong>D\u00e9coupe au jet d'eau :<\/strong> Capable de couper des t\u00f4les \u00e9paisses (jusqu'\u00e0 100 mm) avec une grande pr\u00e9cision. <strong>Tol\u00e9rance de \u00b10,2 mm<\/strong>. Comme il s'agit d'un proc\u00e9d\u00e9 \u00e0 froid, il n'y a pas de HAZ, ce qui permet de conserver les propri\u00e9t\u00e9s de fatigue du mat\u00e9riau.<\/li>\n<li><strong>D\u00e9coupe au laser :<\/strong> Id\u00e9al pour les t\u00f4les de faible \u00e9paisseur (&lt;6mm) n\u00e9cessitant des g\u00e9om\u00e9tries complexes et un d\u00e9bit rapide.<\/li>\n<\/ul>\n<h3>2. D\u00e9shuilage et mise \u00e0 niveau<\/h3>\n<ul>\n<li>Nous stockons des bobines m\u00e8res de Ti-6Al-4V. Notre ligne de d\u00e9roulage nous permet de d\u00e9couper les t\u00f4les selon vos besoins. <strong>les exigences de longueur exactes<\/strong>, r\u00e9duisant ainsi les d\u00e9chets par rapport \u00e0 l'achat de tailles fixes standard.<\/li>\n<\/ul>\n<h3>3. Formage et finition<\/h3>\n<ul>\n<li><strong>Pliage :<\/strong> Manipulation exp\u00e9riment\u00e9e du taux de retour \u00e9lastique du GR5 pour la production de profil\u00e9s ou de coquilles courbes.<\/li>\n<li><strong>Surface :<\/strong> Disponible en finition d\u00e9calamin\u00e9e (d\u00e9cap\u00e9e), sabl\u00e9e, polie ou miroir.<\/li>\n<\/ul>\n<h2>Assurance qualit\u00e9<\/h2>\n<p><strong>Conformit\u00e9 des applications critiques<\/strong><\/p>\n<ul>\n<li><strong>EN10204 3.1 Certification :<\/strong> Fourni avec chaque exp\u00e9dition. V\u00e9rifie la composition chimique (rapport Al\/V), les propri\u00e9t\u00e9s m\u00e9caniques et le lot de traitement thermique.<\/li>\n<li><strong>Contr\u00f4le par ultrasons :<\/strong> Disponible par <strong>AMS 2631<\/strong> (classe A ou B) pour garantir l'int\u00e9grit\u00e9 interne des applications a\u00e9rospatiales ou en eaux profondes.<\/li>\n<li><strong>Inspection par un tiers :<\/strong> Nous prenons en charge les inspections avant exp\u00e9dition effectu\u00e9es par SGS, T\u00dcV ou BV.<\/li>\n<\/ul>\n<h2>Foire aux questions (FAQ)<\/h2>\n<p><strong>Q : Vos t\u00f4les GR5 sont-elles fournies \u00e0 l'\u00e9tat recuit ?<\/strong><\/p>\n<p>R : Oui, la fourniture standard est <strong>Recuit sous vide<\/strong>. Les contraintes internes de laminage sont ainsi r\u00e9duites, ce qui permet \u00e0 la plaque de rester plate pendant l'usinage et de se d\u00e9couper en toute s\u00e9curit\u00e9.<\/p>\n<p><strong>Q : Pouvez-vous couper le titane GR5 selon des dessins sp\u00e9cifiques (DXF\/CAD) ?<\/strong><\/p>\n<p>R : Oui. Nous utilisons la d\u00e9coupe au jet d'eau pour r\u00e9aliser des formes personnalis\u00e9es \u00e0 partir de vos fichiers CAO. Cela \u00e9limine la n\u00e9cessit\u00e9 d'un usinage grossier de votre part.<\/p>\n<p><strong>Q : Quelle est la diff\u00e9rence entre le GR5 et le \u201c99.5% Titanium\u201d ?<\/strong><\/p>\n<p>R : \u201c99.5% Titanium\u201d fait r\u00e9f\u00e9rence au grade 1 ou au grade 2 (titane pur). <strong>GR5 est un alliage<\/strong> (environ 90% Ti, 6% Al, 4% V). Le GR5 est d'environ <strong>3 fois plus fort<\/strong> que le titane pur 99,5%, mais il est plus difficile \u00e0 former. Veuillez confirmer vos exigences en mati\u00e8re de r\u00e9sistance avant de passer commande.<\/p>\n<p><strong>Q : Quelle est votre qualit\u00e9 de fabrication ?<\/strong><\/p>\n<p>R : Il n'y a pas de MOQ pour les articles en stock d'\u00e9paisseur standard. Pour les laminages sur mesure ou les alliages non standard, le MOQ commence g\u00e9n\u00e9ralement \u00e0 100 kg.<\/p>","protected":false},"excerpt":{"rendered":"<ul>\n<li><strong>Grade :<\/strong> Grade 5 (Ti-6Al-4V) \/ UNS R56400<\/li>\n<li><strong>La force :<\/strong> R\u00e9sistance \u00e0 la traction \u2265895 MPa (3x plus forte que le titane pur)<\/li>\n<li><strong>\u00c9tat :<\/strong> Recuit sous vide (sans contrainte pour l'usinabilit\u00e9)<\/li>\n<li><strong>Dimensions :<\/strong> \u00c9paisseur 0,5-100 mm <strong>Largeur maximale 3000mm<\/strong><\/li>\n<li><strong>Services :<\/strong> D\u00e9coupe au jet d'eau, d\u00e9coupe au laser, d\u00e9coilage, pliage<\/li>\n<li><strong>Certification :<\/strong> EN10204 3.1 MTC inclus, test ultrasonique (AMS 2631) pris en charge<\/li>\n<\/ul>","protected":false},"featured_media":1034,"template":"","meta":[],"product_brand":[],"product_cat":[40,15],"product_tag":[],"class_list":{"0":"post-1033","1":"product","2":"type-product","3":"status-publish","4":"has-post-thumbnail","6":"product_cat-titanium-plate","7":"product_cat-titanium-mill-products","9":"first","10":"instock","11":"shipping-taxable","12":"product-type-simple"},"_links":{"self":[{"href":"https:\/\/hontitan.com\/fr\/wp-json\/wp\/v2\/product\/1033","targetHints":{"allow":["GET"]}}],"collection":[{"href":"https:\/\/hontitan.com\/fr\/wp-json\/wp\/v2\/product"}],"about":[{"href":"https:\/\/hontitan.com\/fr\/wp-json\/wp\/v2\/types\/product"}],"version-history":[{"count":0,"href":"https:\/\/hontitan.com\/fr\/wp-json\/wp\/v2\/product\/1033\/revisions"}],"wp:featuredmedia":[{"embeddable":true,"href":"https:\/\/hontitan.com\/fr\/wp-json\/wp\/v2\/media\/1034"}],"wp:attachment":[{"href":"https:\/\/hontitan.com\/fr\/wp-json\/wp\/v2\/media?parent=1033"}],"wp:term":[{"taxonomy":"product_brand","embeddable":true,"href":"https:\/\/hontitan.com\/fr\/wp-json\/wp\/v2\/product_brand?post=1033"},{"taxonomy":"product_cat","embeddable":true,"href":"https:\/\/hontitan.com\/fr\/wp-json\/wp\/v2\/product_cat?post=1033"},{"taxonomy":"product_tag","embeddable":true,"href":"https:\/\/hontitan.com\/fr\/wp-json\/wp\/v2\/product_tag?post=1033"}],"curies":[{"name":"wp","href":"https:\/\/api.w.org\/{rel}","templated":true}]}}