{"id":1100,"date":"2025-12-02T14:03:14","date_gmt":"2025-12-02T14:03:14","guid":{"rendered":"https:\/\/hontitan.com\/?post_type=product&#038;p=1100"},"modified":"2025-12-30T03:48:00","modified_gmt":"2025-12-30T03:48:00","slug":"grade-5-titanium-wheel-bolts-manufacturer","status":"publish","type":"product","link":"https:\/\/hontitan.com\/fr\/product\/grade-5-titanium-wheel-bolts-manufacturer\/","title":{"rendered":"Boulons de roue en titane de grade 5"},"content":{"rendered":"<h2 data-pm-slice=\"1 1 []\">Aper\u00e7u du produit<\/h2>\n<p>Con\u00e7us pour les courses de haute performance et les r\u00e9glages haut de gamme sur le march\u00e9 des pi\u00e8ces de rechange, nos <strong>Boulons de roue en titane de grade 5<\/strong> offrent un \u00e9quilibre parfait entre la l\u00e9g\u00e8ret\u00e9 de l'ing\u00e9nierie et une s\u00e9curit\u00e9 sans compromis. Fabriqu\u00e9 \u00e0 partir de mat\u00e9riaux certifi\u00e9s <strong>Ti-6Al-4V (TC4)<\/strong> Gr\u00e2ce \u00e0 leurs barres en titane a\u00e9rospatial, ces boulons sont con\u00e7us pour r\u00e9sister aux contraintes extr\u00eames de l'utilisation sur piste tout en r\u00e9duisant de mani\u00e8re significative la masse en rotation.<\/p>\n<p>Contrairement aux boulons en acier standard, nos boulons de roue en titane r\u00e9duisent le poids en <strong>40-45%<\/strong>, Le poids non suspendu du v\u00e9hicule s'en trouve directement r\u00e9duit. Cela se traduit par une r\u00e9ponse plus rapide de la suspension, une meilleure pr\u00e9cision de la tenue de route et une dynamique d'acc\u00e9l\u00e9ration et de freinage plus rapide. Qu'il s'agisse d'une voiture d\u00e9di\u00e9e \u00e0 la piste ou d'un v\u00e9hicule haut de gamme, ces boulons offrent la fiabilit\u00e9 m\u00e9canique requise par les \u00e9quipes de course professionnelles.<\/p>\n<p><img fetchpriority=\"high\" decoding=\"async\" class=\"alignnone size-full wp-image-1099\" src=\"https:\/\/hontitan.com\/wp-content\/uploads\/2025\/12\/6.webp\" alt=\"\" width=\"1178\" height=\"680\" title=\"\" srcset=\"https:\/\/hontitan.com\/wp-content\/uploads\/2025\/12\/6.webp 1178w, https:\/\/hontitan.com\/wp-content\/uploads\/2025\/12\/6-300x173.webp 300w, https:\/\/hontitan.com\/wp-content\/uploads\/2025\/12\/6-1024x591.webp 1024w, https:\/\/hontitan.com\/wp-content\/uploads\/2025\/12\/6-768x443.webp 768w, https:\/\/hontitan.com\/wp-content\/uploads\/2025\/12\/6-18x10.webp 18w, https:\/\/hontitan.com\/wp-content\/uploads\/2025\/12\/6-600x346.webp 600w\" sizes=\"(max-width: 1178px) 100vw, 1178px\" \/><\/p>\n<h3>Con\u00e7u pour la s\u00e9curit\u00e9 et la pr\u00e9cision<\/h3>\n<p>Nous utilisons un <strong>Proc\u00e9d\u00e9 de forgeage \u00e0 chaud<\/strong> pour les t\u00eates de boulons et <strong>Technologie de roulage des filets<\/strong> pour les filets. Cette combinaison assure un flux continu des grains et une r\u00e9sistance sup\u00e9rieure \u00e0 la fatigue, ce qui permet de rem\u00e9dier aux points de d\u00e9faillance courants des boulons en titane usin\u00e9s par CNC, moins co\u00fbteux.<\/p>\n<p><strong>Pourquoi choisir nos boulons de roue en titane ?<\/strong><\/p>\n<ul>\n<li><strong>Vraie certification de 5e ann\u00e9e :<\/strong> Nous nous approvisionnons strictement en barres de Ti-6Al-4V conformes \u00e0 la norme ASTM B348. Nous fournissons un MTC (Material Test Certificate) pour chaque lot afin de v\u00e9rifier la composition chimique (Al 5.5-6.75%, V 3.5-4.5%).<\/li>\n<li><strong>Dur\u00e9e de vie sup\u00e9rieure \u00e0 la fatigue :<\/strong> Les t\u00eates forg\u00e9es \u00e0 chaud \u00e9liminent les vides internes et les sources de stress, offrant une r\u00e9sistance \u00e0 la fatigue 30% sup\u00e9rieure \u00e0 celle des t\u00eates usin\u00e9es.<\/li>\n<li><strong>Anti-Seize Performance :<\/strong> Les filets roul\u00e9s (classe 6g) offrent une finition de surface plus lisse, r\u00e9duisant le risque de grippage et garantissant une application pr\u00e9cise du couple.<\/li>\n<li><strong>Sp\u00e9cialit\u00e9 Adaptation :<\/strong> Disponible en <strong>T\u00eate plate<\/strong> (avec options de rondelles flottantes) pour les roues sp\u00e9cifiques du march\u00e9 secondaire, ainsi que les si\u00e8ges C\u00f4ne (60\u00b0) et Boule standard.<\/li>\n<li><strong>Pr\u00eat pour l'OEM :<\/strong> Nous proposons une faible quantit\u00e9 (100 pi\u00e8ces) pour les couleurs PVD personnalis\u00e9es et la gravure de logos au laser, ce qui est id\u00e9al pour les marques de distributeur.<\/li>\n<\/ul>\n<h2>Principales sp\u00e9cifications techniques<\/h2>\n<p><em>Donn\u00e9es bas\u00e9es sur les normes ASTM B348 et ASTM E8 pour le titane de grade 5.<\/em><\/p>\n<table>\n<tbody>\n<tr>\n<th>\u00c9l\u00e9ment de sp\u00e9cification<\/th>\n<th>Valeur technique<\/th>\n<th>M\u00e9thode d'essai<\/th>\n<th>Note<\/th>\n<\/tr>\n<tr>\n<td><strong>Qualit\u00e9 des mat\u00e9riaux<\/strong><\/td>\n<td>Ti-6Al-4V (grade 5)<\/td>\n<td>ASTM B348<\/td>\n<td>Qualit\u00e9 a\u00e9rospatiale<\/td>\n<\/tr>\n<tr>\n<td><strong>R\u00e9sistance \u00e0 la traction<\/strong><\/td>\n<td>\u2265 895 - 1000 MPa<\/td>\n<td>ASTM E8<\/td>\n<td>Comparable \u00e0 l'acier de qualit\u00e9 10.9<\/td>\n<\/tr>\n<tr>\n<td><strong>Limite d'\u00e9lasticit\u00e9<\/strong><\/td>\n<td>\u2265 825 MPa<\/td>\n<td>ASTM E8<\/td>\n<td>Haute r\u00e9sistance \u00e0 la d\u00e9formation<\/td>\n<\/tr>\n<tr>\n<td><strong>R\u00e9sistance au cisaillement<\/strong><\/td>\n<td>\u2265 550 MPa<\/td>\n<td>ASTM B565<\/td>\n<td>Critique pour les fixations de roues<\/td>\n<\/tr>\n<tr>\n<td><strong>Densit\u00e9<\/strong><\/td>\n<td>~4,43 g\/cm\u00b3<\/td>\n<td>&#8211;<\/td>\n<td>~45% plus l\u00e9ger que l'acier (7,85 g\/cm\u00b3)<\/td>\n<\/tr>\n<tr>\n<td><strong>Duret\u00e9<\/strong><\/td>\n<td>30 - 36 HRC<\/td>\n<td>ASTM E18<\/td>\n<td>&#8211;<\/td>\n<\/tr>\n<tr>\n<td><strong>Type de fil<\/strong><\/td>\n<td>M12 \/ M14 (pas de 1,25\/1,5)<\/td>\n<td>ISO 965<\/td>\n<td><strong>Fils roul\u00e9s<\/strong> (Tol\u00e9rance 6g)<\/td>\n<\/tr>\n<tr>\n<td><strong>Style de t\u00eate<\/strong><\/td>\n<td>T\u00eate plate \/ C\u00f4ne (60\u00b0) \/ Boule (R13\/R14)<\/td>\n<td>&#8211;<\/td>\n<td><strong>T\u00eate forg\u00e9e<\/strong><\/td>\n<\/tr>\n<tr>\n<td><strong>Traitement de surface<\/strong><\/td>\n<td>Poli \/ PVD \/ Anodis\u00e9<\/td>\n<td>&#8211;<\/td>\n<td>Duret\u00e9 PVD &gt; 2000 HV<\/td>\n<\/tr>\n<tr>\n<td><strong>R\u00e9sistance \u00e0 la corrosion<\/strong><\/td>\n<td>Excellent<\/td>\n<td>ASTM G31<\/td>\n<td>Immunis\u00e9 contre le sel de d\u00e9neigement et l'eau de mer<\/td>\n<\/tr>\n<\/tbody>\n<\/table>\n<h2>Pourquoi \u201cforg\u00e9 + roul\u00e9\u201d est-il important pour la s\u00e9curit\u00e9 ?<\/h2>\n<p>Dans le monde des fixations de roues, la m\u00e9thode de fabrication dicte la s\u00e9curit\u00e9. Nous \u00e9vitons strictement la production \u201ctout usin\u00e9\u201d pour les boulons porteurs.<\/p>\n<h3>1. T\u00eates forg\u00e9es \u00e0 chaud (par opposition aux t\u00eates usin\u00e9es CNC)<\/h3>\n<p>Nos t\u00eates de boulons sont form\u00e9es par forgeage \u00e0 chaud. Ce proc\u00e9d\u00e9 permet d'aligner la structure du grain de l'alliage de titane sur la forme de la t\u00eate.<\/p>\n<ul>\n<li><strong>B\u00e9n\u00e9fice :<\/strong> Emp\u00eache la s\u00e9paration de la t\u00eate en cas d'impact important ou de charge de traction.<\/li>\n<li><strong>Contraste :<\/strong> L'usinage CNC coupe le flux des grains, cr\u00e9ant des points faibles potentiels o\u00f9 les fissures peuvent se propager.<\/li>\n<\/ul>\n<h3>2. Fils roul\u00e9s (vs. fils coup\u00e9s)<\/h3>\n<p>Les filets sont form\u00e9s par laminage \u00e0 froid des matrices sous haute pression, plut\u00f4t que par d\u00e9coupage du mat\u00e9riau.<\/p>\n<ul>\n<li><strong>B\u00e9n\u00e9fice :<\/strong> Ce processus durcit la surface du filet, augmentant la r\u00e9sistance au cisaillement et la dur\u00e9e de vie en fatigue jusqu'\u00e0 30%. La finition miroir des filets roul\u00e9s r\u00e9duit \u00e9galement de mani\u00e8re significative le frottement et le risque d'usure. <strong>galvaudage<\/strong> (soudure \u00e0 froid), un probl\u00e8me courant avec le titane.<\/li>\n<\/ul>\n<h2>Personnalisation et finitions de surface<\/h2>\n<p>Renforcez votre marque gr\u00e2ce \u00e0 nos diverses options de personnalisation. Nous utilisons <strong>PVD (d\u00e9p\u00f4t physique en phase vapeur)<\/strong> pour les finitions noires et dor\u00e9es, qui offre une r\u00e9sistance \u00e0 l'usure sup\u00e9rieure \u00e0 celle de l'anodisation standard.<\/p>\n<ul>\n<li><strong>Polie :<\/strong> L'aspect classique du titane, semblable \u00e0 un miroir.<\/li>\n<li><strong>Bleu br\u00fbl\u00e9 :<\/strong> L'embl\u00e9matique finition d\u00e9grad\u00e9e bleu-violet, obtenue gr\u00e2ce \u00e0 une anodisation pr\u00e9cise.<\/li>\n<li><strong>PVD noir :<\/strong> Un rev\u00eatement en carbone de type diamant pour un aspect furtif et une r\u00e9sistance maximale aux rayures.<\/li>\n<li><strong>PVD or :<\/strong> Finition dor\u00e9e luxueuse et durable.<\/li>\n<li><strong>Logo personnalis\u00e9 :<\/strong> Nous proposons <strong>Gravure au laser<\/strong> sur la t\u00eate du boulon.\n<ul>\n<li><em>MOQ :<\/em> 100 pi\u00e8ces par motif.<\/li>\n<li><em>Application :<\/em> Id\u00e9al pour les ateliers de tuning et les marques de roues qui cherchent \u00e0 renforcer leur identit\u00e9 de marque.<\/li>\n<\/ul>\n<\/li>\n<\/ul>\n<h2>Lignes directrices pour l'installation et la s\u00e9curit\u00e9<\/h2>\n<p><em>Les boulons en titane n\u00e9cessitent des pratiques d'installation correctes pour garantir la s\u00e9curit\u00e9 et les performances.<\/em><\/p>\n<h3>Sp\u00e9cifications de couple recommand\u00e9es<\/h3>\n<p><em>Toujours v\u00e9rifier avec le manuel du fabricant du v\u00e9hicule. Ne pas trop serrer.<\/em><\/p>\n<table>\n<tbody>\n<tr>\n<th>Taille du boulon<\/th>\n<th>Plage de couple recommand\u00e9e (\u00e0 sec)<\/th>\n<th>Notes<\/th>\n<\/tr>\n<tr>\n<td><strong>M12 x 1,25 \/ 1,5<\/strong><\/td>\n<td>110 - 130 Nm (80 - 95 ft-lbs)<\/td>\n<td>Commun pour les v\u00e9hicules JDM et les petits v\u00e9hicules<\/td>\n<\/tr>\n<tr>\n<td><strong>M14 x 1,25 \/ 1,5<\/strong><\/td>\n<td>125 - 145 Nm (90 - 105 ft-lbs)<\/td>\n<td>Commun pour les voitures europ\u00e9ennes et de performance<\/td>\n<\/tr>\n<\/tbody>\n<\/table>\n<h3>Conseils d'installation essentiels<\/h3>\n<ol>\n<li><strong>Outils \u00e0 main uniquement :<\/strong> N'utilisez JAMAIS de pistolet \u00e0 percussion (pneumatique ou \u00e9lectrique) pour installer des boulons en titane. Les outils \u00e0 percussion peuvent endommager la finition et exercer un couple de serrage excessif sur les filets.<\/li>\n<li><strong>Compos\u00e9 anti-grippage :<\/strong> Nous recommandons d'appliquer une petite quantit\u00e9 d'anti-grippant \u00e0 base de cuivre ou de nickel sur les filetages pour \u00e9viter le grippage. <em>Note : Si vous utilisez de l'anti-grippant, r\u00e9duisez le couple de serrage de ~10-15% car il agit comme un lubrifiant.<\/em><\/li>\n<li><strong>Type de si\u00e8ge de contr\u00f4le :<\/strong> Veillez \u00e0 ce que le si\u00e8ge du boulon (c\u00f4ne\/boule\/plat) corresponde parfaitement \u00e0 votre roue. L'utilisation du mauvais type de si\u00e8ge (par exemple, un boulon conique sur une roue \u00e0 si\u00e8ge sph\u00e9rique) peut entra\u00eener un desserrage et une d\u00e9faillance de la roue.<\/li>\n<\/ol>\n<h2>Assurance qualit\u00e9<\/h2>\n<p>La qualit\u00e9 est notre principe de base. Chaque lot de boulons de roue en titane est soumis \u00e0 des tests rigoureux avant d'\u00eatre exp\u00e9di\u00e9.<\/p>\n<ul>\n<li><strong>V\u00e9rification des mat\u00e9riaux :<\/strong> Analyse spectroscopique pour confirmer la composition du Ti-6Al-4V.<\/li>\n<li><strong>Essais m\u00e9caniques :<\/strong> Essais de traction et de charge d'\u00e9preuve conform\u00e9ment \u00e0 la norme ASTM E8.<\/li>\n<li><strong>Contr\u00f4le dimensionnel :<\/strong> Inspection du filetage 100% \u00e0 l'aide de jauges Go\/No-Go (tol\u00e9rance de 6g).<\/li>\n<li><strong>Fourni par le MTC :<\/strong> Un certificat d'essai des mat\u00e9riaux est disponible avec chaque commande en gros pour votre archivage technique.<\/li>\n<\/ul>\n<h2>Foire aux questions (FAQ)<\/h2>\n<p><strong>Q : Les boulons en titane de grade 5 sont-ils suffisamment r\u00e9sistants pour les courses ?<\/strong><\/p>\n<p>R : Oui. Le grade 5 (Ti-6Al-4V) a une r\u00e9sistance \u00e0 la traction de plus de 895 MPa, ce qui est comparable aux boulons en acier de grade 10.9 couramment utilis\u00e9s dans les applications automobiles. Notre processus de production par forgeage garantit en outre qu'ils r\u00e9pondent aux exigences de fatigue des environnements de course.<\/p>\n<p><strong>Q : Les boulons en titane rouillent-ils dans des conditions hivernales ?<\/strong><\/p>\n<p>Le titane est pratiquement insensible \u00e0 la corrosion due aux sels de voirie, \u00e0 la neige et \u00e0 l'eau. Contrairement aux boulons en acier qui rouillent et se grippent avec le temps, le titane reste exempt de corrosion pendant toute la dur\u00e9e de vie du v\u00e9hicule.<\/p>\n<p><strong>Q : Quel est le d\u00e9lai d'ex\u00e9cution pour les couleurs PVD personnalis\u00e9es (par exemple, noir\/or) ?<\/strong><\/p>\n<p>R : Pour les commandes inf\u00e9rieures \u00e0 500 pi\u00e8ces, le d\u00e9lai de livraison est g\u00e9n\u00e9ralement de 7 \u00e0 12 jours. Le rev\u00eatement PVD n\u00e9cessite un traitement par lots pour garantir l'homog\u00e9n\u00e9it\u00e9 des couleurs.<\/p>\n<p><strong>Q : Proposez-vous des boulons \u00e0 t\u00eate plate avec rondelles ?<\/strong><\/p>\n<p>R : Oui. Comme indiqu\u00e9 dans nos sp\u00e9cifications, nous fabriquons des boulons \u00e0 t\u00eate plate, souvent utilis\u00e9s avec des boulons \u00e0 t\u00eate plate. <strong>rondelles flottantes<\/strong> pour les jantes sp\u00e9cifiques du march\u00e9 secondaire (comme les jantes Peugeot\/Citro\u00ebn ou les jantes forg\u00e9es sp\u00e9cialis\u00e9es). La conception de la rondelle flottante permet de prot\u00e9ger la peinture de la roue pendant le serrage.<\/p>\n<p><strong>Q : Puis-je obtenir un kit d'\u00e9chantillons avant de passer une commande group\u00e9e ?<\/strong><\/p>\n<p>R : Absolument. Nous proposons un kit d'\u00e9chantillons contenant des boulons M12\/M14 de diff\u00e9rentes couleurs\/si\u00e8ges afin que vous puissiez v\u00e9rifier le poids, la qualit\u00e9 du filetage et la finition. <a href=\"https:\/\/hontitan.com\/fr\/contact-us\/\"  data-wpil-monitor-id=\"285\">Contactez nous<\/a> pour demander le v\u00f4tre.<\/p>","protected":false},"excerpt":{"rendered":"<ul data-pm-slice=\"3 3 []\">\n<li><strong>Mat\u00e9riau :<\/strong> Titane de grade a\u00e9rospatial 5 (Ti-6Al-4V) | ASTM B348<\/li>\n<li><strong>La force :<\/strong> R\u00e9sistance \u00e0 la traction \u2265 895 MPa (\u00e9quivalent \u00e0 l'acier de qualit\u00e9 10.9)<\/li>\n<li><strong>Poids :<\/strong> 45% plus l\u00e9ger que les boulons en acier - R\u00e9duit la masse non suspendue<\/li>\n<li><strong>Technologie :<\/strong> T\u00eates forg\u00e9es \u00e0 chaud + filets roul\u00e9s (classe 6g)<\/li>\n<li><strong>Sp\u00e9cifications :<\/strong> M12 \/ M14 | Pas 1,25\/1,5 | Si\u00e8ge plat \/ conique \/ sph\u00e9rique<\/li>\n<li><strong>Finition :<\/strong> Poli, Bleu br\u00fbl\u00e9, Noir (PVD), Or (PVD)<\/li>\n<li><strong>Service :<\/strong> Gravure de logo au laser possible - MOQ 100pcs<\/li>\n<\/ul>","protected":false},"featured_media":1098,"template":"","meta":[],"product_brand":[],"product_cat":[32],"product_tag":[],"class_list":{"0":"post-1100","1":"product","2":"type-product","3":"status-publish","4":"has-post-thumbnail","6":"product_cat-titanium-fasteners","8":"first","9":"instock","10":"shipping-taxable","11":"product-type-simple"},"_links":{"self":[{"href":"https:\/\/hontitan.com\/fr\/wp-json\/wp\/v2\/product\/1100","targetHints":{"allow":["GET"]}}],"collection":[{"href":"https:\/\/hontitan.com\/fr\/wp-json\/wp\/v2\/product"}],"about":[{"href":"https:\/\/hontitan.com\/fr\/wp-json\/wp\/v2\/types\/product"}],"version-history":[{"count":0,"href":"https:\/\/hontitan.com\/fr\/wp-json\/wp\/v2\/product\/1100\/revisions"}],"wp:featuredmedia":[{"embeddable":true,"href":"https:\/\/hontitan.com\/fr\/wp-json\/wp\/v2\/media\/1098"}],"wp:attachment":[{"href":"https:\/\/hontitan.com\/fr\/wp-json\/wp\/v2\/media?parent=1100"}],"wp:term":[{"taxonomy":"product_brand","embeddable":true,"href":"https:\/\/hontitan.com\/fr\/wp-json\/wp\/v2\/product_brand?post=1100"},{"taxonomy":"product_cat","embeddable":true,"href":"https:\/\/hontitan.com\/fr\/wp-json\/wp\/v2\/product_cat?post=1100"},{"taxonomy":"product_tag","embeddable":true,"href":"https:\/\/hontitan.com\/fr\/wp-json\/wp\/v2\/product_tag?post=1100"}],"curies":[{"name":"wp","href":"https:\/\/api.w.org\/{rel}","templated":true}]}}