{"id":1233,"date":"2025-12-14T14:20:04","date_gmt":"2025-12-14T14:20:04","guid":{"rendered":"https:\/\/hontitan.com\/?post_type=product&#038;p=1233"},"modified":"2025-12-14T14:20:24","modified_gmt":"2025-12-14T14:20:24","slug":"ru-ir-coated-titanium-anode-factory","status":"publish","type":"product","link":"https:\/\/hontitan.com\/fr\/product\/ru-ir-coated-titanium-anode-factory\/","title":{"rendered":"Anode en titane recouverte de Ru-Ir (MMO)"},"content":{"rendered":"<h2 data-pm-slice=\"1 1 []\">Aper\u00e7u du produit<\/h2>\n<p>Les ing\u00e9nieurs de l'industrie \u00e9lectrochimique sont souvent confront\u00e9s au d\u00e9fi de la passivation des anodes et de la consommation d'\u00e9nergie \u00e9lev\u00e9e. Notre <strong>Anode en titane recouverte de ruth\u00e9nium et d'iridium<\/strong> (commun\u00e9ment appel\u00e9e anode MMO ou DSA) est con\u00e7ue pour r\u00e9soudre ces probl\u00e8mes sp\u00e9cifiquement pour les applications suivantes <strong>R\u00e9actions d'\u00e9volution du chlore (CER)<\/strong>.<\/p>\n<p>Contrairement aux \u00e9lectrodes commerciales standard, nos anodes sont fabriqu\u00e9es \u00e0 l'aide d'un processus de d\u00e9composition thermique rigoureux. Nous frittons plusieurs couches d'oxyde de ruth\u00e9nium et d'iridium \u00e0 l'\u00e9chelle nanom\u00e9trique sur un support en acier inoxydable. <strong><a href=\"https:\/\/hontitan.com\/fr\/product\/gr5-titanium-sheet-ti-6al-4v-supplier\/\"  data-wpil-monitor-id=\"76\">ASTM B265 Grade 1 titane pur<\/a><\/strong> substrat. Il en r\u00e9sulte une anode dimensionnellement stable, dot\u00e9e d'une conductivit\u00e9 et d'une r\u00e9sistance \u00e0 la corrosion sup\u00e9rieures, optimis\u00e9e pour la saumure, l'eau de mer et les syst\u00e8mes contenant des chlorures.<\/p>\n<p>Que vous conceviez <strong>g\u00e9n\u00e9rateurs d'hypochlorite de sodium<\/strong>, Pour les \u00e9lectrolyseurs d'eau de mer, les \u00e9lectrolyseurs d'eau sal\u00e9e ou les syst\u00e8mes de protection cathodique, cette anode offre une faible surtension de d\u00e9gagement de chlore (&lt;1,13V par rapport \u00e0 SCE), ce qui se traduit directement par une r\u00e9duction de la consommation d&#039;\u00e9nergie et des co\u00fbts d&#039;exploitation.<\/p>\n<h3>Pourquoi les ing\u00e9nieurs choisissent nos anodes MMO :<\/h3>\n<ul>\n<li><strong>Dur\u00e9e de vie valid\u00e9e :<\/strong> Nous ne nous contentons pas de promettre une longue dur\u00e9e de vie, nous la prouvons. Nos anodes atteignent <strong>&gt;3000 heures<\/strong> dans les essais de dur\u00e9e de vie acc\u00e9l\u00e9r\u00e9s (par <strong>NACE TM0108<\/strong>: 1mol\/L H2SO4, 20 000 A\/m\u00b2), ce qui garantit un temps d'arr\u00eat minimal pour votre installation.<\/li>\n<li><strong>Adh\u00e9sion \u00e0 l'\u00e9chelle nanom\u00e9trique :<\/strong> Notre proc\u00e9d\u00e9 de rev\u00eatement exclusif cr\u00e9e une structure d'oxyde dense \u00e0 nanograins (10-40 nm) qui maximise la surface catalytique et pr\u00e9vient le probl\u00e8me courant du d\u00e9collement du rev\u00eatement.<\/li>\n<li><strong>Fabrication de pr\u00e9cision :<\/strong> Gr\u00e2ce \u00e0 la d\u00e9coupe au laser r\u00e9alis\u00e9e en interne, nous garantissons des tol\u00e9rances serr\u00e9es (<strong>\u00b10,1 mm<\/strong>) pour les languettes personnalis\u00e9es, les trous de montage et les g\u00e9om\u00e9tries complexes, ce qui garantit une adaptation parfaite \u00e0 vos cellules d'\u00e9lectrolyseur.<\/li>\n<li><strong>R\u00e9duction durable des co\u00fbts :<\/strong> Ne mettez pas au rebut vos anodes usag\u00e9es. Nous offrons un service professionnel de <strong>Service de rechargement d'anodes<\/strong> qui remet \u00e0 neuf vos substrats en titane existants, ce qui vous permet d'\u00e9conomiser jusqu'\u00e0 70% par rapport \u00e0 l'achat de nouvelles unit\u00e9s.<\/li>\n<\/ul>\n<h2>Principales sp\u00e9cifications techniques<\/h2>\n<p>Les param\u00e8tres suivants repr\u00e9sentent notre norme industrielle. Nous respectons strictement les m\u00e9thodes ASTM et NACE pour garantir l'exactitude des donn\u00e9es.<\/p>\n<table>\n<tbody>\n<tr>\n<th>\u00c9l\u00e9ment de sp\u00e9cification<\/th>\n<th>Standard \/ Valeur<\/th>\n<th>M\u00e9thode d'essai \/ Note<\/th>\n<\/tr>\n<tr>\n<td><strong>Mat\u00e9riau du substrat<\/strong><\/td>\n<td>Pure <a href=\"https:\/\/hontitan.com\/fr\/titanium-grade-corrosion-resistance-guide\/\"  data-wpil-monitor-id=\"75\">Qualit\u00e9 du titane<\/a> 1 (TA1)<\/td>\n<td>ASTM B265 \/ GB\/T 3621<\/td>\n<\/tr>\n<tr>\n<td><strong>Type de rev\u00eatement<\/strong><\/td>\n<td>RuO2 + IrO2 + TiO2 (stabilisateur)<\/td>\n<td>D\u00e9composition thermique<\/td>\n<\/tr>\n<tr>\n<td><strong>\u00c9paisseur du rev\u00eatement<\/strong><\/td>\n<td>6 - 10 \u03bcm (personnalisable)<\/td>\n<td>XRF (Fluorescence des rayons X)<\/td>\n<\/tr>\n<tr>\n<td><strong>Vie acc\u00e9l\u00e9r\u00e9e<\/strong><\/td>\n<td><strong>&gt; 3000 heures<\/strong><\/td>\n<td><strong>NACE TM0108<\/strong> (1mol\/L H2SO4, 20kA\/m\u00b2)<\/td>\n<\/tr>\n<tr>\n<td><strong>Densit\u00e9 actuelle<\/strong><\/td>\n<td>\u2264 2000 A\/m\u00b2<\/td>\n<td>Recommand\u00e9 pour une dur\u00e9e de vie optimale<\/td>\n<\/tr>\n<tr>\n<td><strong>Potentiel d'\u00e9volution du chlore<\/strong><\/td>\n<td>\u2264 1,13 V (vs SCE)<\/td>\n<td>@ 2kA\/m\u00b2<\/td>\n<\/tr>\n<tr>\n<td><strong>Environnement de travail<\/strong><\/td>\n<td>pH 2-14, F- &lt; 10ppm<\/td>\n<td>Syst\u00e8mes d'eau chlor\u00e9e et d'eau sal\u00e9e<\/td>\n<\/tr>\n<tr>\n<td><strong>La forme<\/strong><\/td>\n<td>Plaque, maille, tube, tige, fil m\u00e9tallique<\/td>\n<td>Personnalis\u00e9 via DWG\/PDF\/DXF<\/td>\n<\/tr>\n<\/tbody>\n<\/table>\n<h2>Technologie avanc\u00e9e de rev\u00eatement et contr\u00f4le de la qualit\u00e9<\/h2>\n<p>La fiabilit\u00e9 d'une anode DSA r\u00e9side dans sa structure microscopique. Nous appliquons un syst\u00e8me complet de contr\u00f4le de la qualit\u00e9 afin d'\u00e9viter toute d\u00e9faillance pr\u00e9matur\u00e9e.<\/p>\n<ul>\n<li><strong>Structure des nanograins :<\/strong> Contrairement aux rev\u00eatements \u00e0 gros grains que l'on trouve dans les options bon march\u00e9, notre nano-structure raffin\u00e9e augmente les sites catalytiques actifs. Cela am\u00e9liore l'efficacit\u00e9 de l'\u00e9lectrolyse et renforce consid\u00e9rablement la liaison physique entre le rev\u00eatement et le substrat.<\/li>\n<li><strong>18-22 Cycles de rev\u00eatement :<\/strong> Nous appliquons la solution pr\u00e9curseur en 18 \u00e0 22 couches distinctes, avec frittage apr\u00e8s chaque couche. Cela permet d'obtenir un rev\u00eatement dense et uniforme qui r\u00e9siste beaucoup mieux \u00e0 l'\u00e9rosion que les proc\u00e9d\u00e9s standard \u00e0 10 cycles.<\/li>\n<li><strong>Des tests rigoureux :<\/strong>\n<ul>\n<li><strong>Adh\u00e9sion :<\/strong> Test de bande par <strong>ASTM D3359<\/strong> pour s'assurer que le rev\u00eatement ne s'\u00e9caille pas.<\/li>\n<li><strong>V\u00e9rification de l'\u00e9paisseur :<\/strong> Chaque lot est test\u00e9 \u00e0 l'aide d'un <strong>Spectrom\u00e8tre XRF<\/strong> pour garantir que l'\u00e9paisseur du rev\u00eatement est conforme \u00e0 vos sp\u00e9cifications (par exemple, min 6\u03bcm).<\/li>\n<li><strong>Inspection visuelle :<\/strong> 100% pour s'assurer que la morphologie du \u201cmud-cracking\u201d est uniforme et ne pr\u00e9sente pas de d\u00e9fauts profonds ou de contamination.<\/li>\n<\/ul>\n<\/li>\n<\/ul>\n<h2>Applications typiques<\/h2>\n<ul>\n<li><strong>G\u00e9n\u00e9rateurs d'hypochlorite de sodium :<\/strong> Largement utilis\u00e9 dans les centrales \u00e9lectriques pour l'antisalissure de l'eau de refroidissement et la d\u00e9sinfection de l'eau municipale. Notre rev\u00eatement \u00e0 faible surpotentiel minimise la production de chaleur et maximise le rendement en chlore.<\/li>\n<li><strong>Chlorinateurs pour eau sal\u00e9e (piscine et spa) :<\/strong> Id\u00e9ale pour les cellules de d\u00e9sinfection \u00e9lectrolytique. Nos anodes sont compatibles avec <strong>Inversion de polarit\u00e9 (autonettoyage)<\/strong> offrant une excellente r\u00e9sistance \u00e0 l'entartrage.<\/li>\n<li><strong>Traitement des eaux us\u00e9es (\u00e9lectrochloration) :<\/strong> Utilis\u00e9 pour la d\u00e9gradation de la DCO et l'\u00e9limination de l'azote ammoniacal dans les stations d'\u00e9puration des effluents industriels.<\/li>\n<li><strong>Protection cathodique (ICCP) :<\/strong> MMO <a href=\"https:\/\/hontitan.com\/fr\/titanium-nitride-coating-the-ultimate-guide-for-2026\/\"  data-wpil-monitor-id=\"77\">titane rev\u00eatu<\/a> bandes, tubes ou treillis utilis\u00e9s comme anodes \u00e0 courant impos\u00e9 pour prot\u00e9ger les plates-formes offshore, les barres d'armature dans le b\u00e9ton et les pipelines souterrains.<\/li>\n<\/ul>\n<h2>Service de rechargement d'anodes (\u00e9conomiser le co\u00fbt de 70%)<\/h2>\n<p>Le titane est un m\u00e9tal pr\u00e9cieux qui ne se d\u00e9grade pas facilement. Lorsque votre anode tombe en panne, c'est g\u00e9n\u00e9ralement la couche d'oxyde qui est \u00e9puis\u00e9e - le substrat de titane est souvent encore intact. <strong>Ne le mettez pas au rebut, relookez-le !<\/strong><\/p>\n<p>Nous fournissons un service sp\u00e9cialis\u00e9 <strong><a href=\"https:\/\/hontitan.com\/fr\/product\/ru-ir-coated-titanium-anode-assembly-mmo\/\"  data-wpil-monitor-id=\"74\">Rev\u00eatement d'anodes en titane<\/a> Service<\/strong> pour les anodes usag\u00e9es (m\u00eame celles d'autres fabricants) :<\/p>\n<ol>\n<li><strong>\u00c9valuation :<\/strong> Nous inspectons l'anode usag\u00e9e pour nous assurer que le substrat de titane est structurellement sain.<\/li>\n<li><strong>Traitement de surface :<\/strong> Le sablage et le d\u00e9capage \u00e0 l'acide \u00e9liminent l'ancien rev\u00eatement et le tartre r\u00e9siduel, cr\u00e9ant ainsi une surface fra\u00eeche et chimiquement active.<\/li>\n<li><strong>Recouvrement :<\/strong> Nous appliquons notre rev\u00eatement d'oxyde Ru-Ir haute performance selon les m\u00eames normes que nos nouveaux produits.<\/li>\n<li><strong>R\u00e9sultat :<\/strong> Vous r\u00e9tablissez les performances du syst\u00e8me pour une fraction du co\u00fbt d'achat de nouvelles anodes.<\/li>\n<\/ol>\n<h2>Guide d'utilisation et d'entretien<\/h2>\n<p><strong>Conseils de pro pour prolonger la dur\u00e9e de vie des anodes :<\/strong><\/p>\n<ul>\n<li><strong>Attention au fluor :<\/strong> S'assurer que la teneur en ions fluorure (F-) de l'\u00e9lectrolyte est <strong>&lt; 10ppm<\/strong>. Le fluorure attaque rapidement le substrat de titane, provoquant le d\u00e9collement du rev\u00eatement, quelle que soit sa qualit\u00e9.<\/li>\n<li><strong>Contr\u00f4le de la densit\u00e9 du courant :<\/strong> Un fonctionnement sup\u00e9rieur \u00e0 la valeur recommand\u00e9e de 2000 A\/m\u00b2 r\u00e9duira de mani\u00e8re exponentielle la dur\u00e9e de vie du rev\u00eatement.<\/li>\n<li><strong>Nettoyage r\u00e9gulier :<\/strong> En cas d'utilisation dans de l'eau dure, nettoyer p\u00e9riodiquement le calcaire et le magn\u00e9sium \u00e0 l'aide d'un acide doux (par exemple, 5% HCl). <strong>\u00c9viter de se gratter<\/strong> la surface du rev\u00eatement noir avec des outils m\u00e9talliques, car les rayures peuvent entra\u00eener la corrosion du substrat.<\/li>\n<\/ul>\n<h2>Foire aux questions (FAQ)<\/h2>\n<p><strong>Q : Quelle est la diff\u00e9rence entre les anodes rev\u00eatues de Ru-Ir et de Ir-Ta ?<\/strong><\/p>\n<p>A : <strong>Ru-Ir (Ruth\u00e9nium-Iridium)<\/strong> est sp\u00e9cialement con\u00e7u pour <strong>Evolution du chlore<\/strong> (eau sal\u00e9e, saumure, eau de mer). <strong>Ir-Ta (Iridium-Tantale)<\/strong> est con\u00e7u pour <strong>\u00c9volution de l'oxyg\u00e8ne<\/strong> (acide sulfurique, placage). L'utilisation du Ru-Ir dans une application d'\u00e9volution de l'oxyg\u00e8ne conduira \u00e0 une d\u00e9faillance rapide.<\/p>\n<p><strong>Q : Pouvez-vous personnaliser la forme de l'anode \u00e0 partir de mon dessin ?<\/strong><\/p>\n<p>R : Oui. Nous disposons en interne de capacit\u00e9s de d\u00e9coupe au laser et de soudage. Veuillez nous envoyer vos dessins CAO (DWG\/DXF\/PDF) et nous pourrons les fabriquer. <a href=\"https:\/\/hontitan.com\/fr\/\"  data-wpil-monitor-id=\"78\">plaques personnalis\u00e9es<\/a>, Les \u00e9lectrolyseurs peuvent \u00eatre \u00e9quip\u00e9s d'un syst\u00e8me d'alimentation en eau, de mailles ou d'assemblages de tubes avec des emplacements pr\u00e9cis de languettes pour s'adapter \u00e0 l'\u00e9lectrolyseur.<\/p>\n<p><strong>Q : Fournissez-vous un certificat d'essai des mat\u00e9riaux ?<\/strong><\/p>\n<p>R : Oui, chaque envoi est accompagn\u00e9 d'un MTC qui indique la qualit\u00e9 du substrat, les r\u00e9sultats des tests d'\u00e9paisseur du rev\u00eatement et les informations relatives \u00e0 la tra\u00e7abilit\u00e9 du lot.<\/p>\n<p><strong>Q : Quelle est la quantit\u00e9 minimale de commande (MOQ) ?<\/strong><\/p>\n<p>R : Nous soutenons <strong>1 pi\u00e8ce<\/strong> pour des essais d'\u00e9chantillons ou des prototypes personnalis\u00e9s. Nous comprenons que les projets de maintenance n\u00e9cessitent souvent des quantit\u00e9s sp\u00e9cifiques, et pas seulement des commandes en vrac.<\/p>","protected":false},"excerpt":{"rendered":"<ul>\n<li>\n<p data-path-to-node=\"13,0,0\"><b>Substrat :<\/b> Titane pur ASTM B265 Grade 1 (sabl\u00e9 et d\u00e9cap\u00e9 \u00e0 l'acide)<\/p>\n<\/li>\n<li>\n<p data-path-to-node=\"13,1,0\"><b>Tech. de rev\u00eatement :<\/b> D\u00e9composition thermique des nanograins (18-22 cycles)<\/p>\n<\/li>\n<li>\n<p data-path-to-node=\"13,2,0\"><b>Performance :<\/b> <b>&gt;3000 heures<\/b> Dur\u00e9e de vie acc\u00e9l\u00e9r\u00e9e (test\u00e9 selon NACE TM0108)<\/p>\n<\/li>\n<li>\n<p data-path-to-node=\"13,3,0\"><b>Efficacit\u00e9 :<\/b> Potentiel d'\u00e9volution du chlore &lt;1,13V (\u00e9conomie d&#039;\u00e9nergie)<\/p>\n<\/li>\n<li>\n<p data-path-to-node=\"13,4,0\"><b>Service :<\/b> Fabrication CNC sur mesure (plaque\/maille\/tube) &amp; <b>Service de rechargement disponible<\/b><\/p>\n<\/li>\n<\/ul>","protected":false},"featured_media":1234,"template":"","meta":[],"product_brand":[],"product_cat":[36],"product_tag":[],"class_list":{"0":"post-1233","1":"product","2":"type-product","3":"status-publish","4":"has-post-thumbnail","6":"product_cat-titanium-electrodes","8":"first","9":"instock","10":"shipping-taxable","11":"product-type-simple"},"_links":{"self":[{"href":"https:\/\/hontitan.com\/fr\/wp-json\/wp\/v2\/product\/1233","targetHints":{"allow":["GET"]}}],"collection":[{"href":"https:\/\/hontitan.com\/fr\/wp-json\/wp\/v2\/product"}],"about":[{"href":"https:\/\/hontitan.com\/fr\/wp-json\/wp\/v2\/types\/product"}],"version-history":[{"count":0,"href":"https:\/\/hontitan.com\/fr\/wp-json\/wp\/v2\/product\/1233\/revisions"}],"wp:featuredmedia":[{"embeddable":true,"href":"https:\/\/hontitan.com\/fr\/wp-json\/wp\/v2\/media\/1234"}],"wp:attachment":[{"href":"https:\/\/hontitan.com\/fr\/wp-json\/wp\/v2\/media?parent=1233"}],"wp:term":[{"taxonomy":"product_brand","embeddable":true,"href":"https:\/\/hontitan.com\/fr\/wp-json\/wp\/v2\/product_brand?post=1233"},{"taxonomy":"product_cat","embeddable":true,"href":"https:\/\/hontitan.com\/fr\/wp-json\/wp\/v2\/product_cat?post=1233"},{"taxonomy":"product_tag","embeddable":true,"href":"https:\/\/hontitan.com\/fr\/wp-json\/wp\/v2\/product_tag?post=1233"}],"curies":[{"name":"wp","href":"https:\/\/api.w.org\/{rel}","templated":true}]}}