{"id":1382,"date":"2025-12-20T10:06:58","date_gmt":"2025-12-20T10:06:58","guid":{"rendered":"https:\/\/hontitan.com\/?post_type=product&#038;p=1382"},"modified":"2025-12-22T02:34:18","modified_gmt":"2025-12-22T02:34:18","slug":"astm-f136-grade-5-eli-titanium-round-bar-supplier","status":"publish","type":"product","link":"https:\/\/hontitan.com\/fr\/product\/astm-f136-grade-5-eli-titanium-round-bar-supplier\/","title":{"rendered":"ASTM F136 Grade 5 ELI Titanium Round Bar"},"content":{"rendered":"<h3 data-pm-slice=\"1 1 []\"><strong>Votre fournisseur de confiance de titane ASTM F136 pour les implants de pr\u00e9cision.<\/strong><\/h3>\n<p>En tant que <strong>Fournisseur de titane ASTM F136<\/strong> et <strong>Stockiste<\/strong>, Hon Titan est sp\u00e9cialis\u00e9 dans la fabrication de produits de qualit\u00e9 sup\u00e9rieure. <strong>Barre de titane de qualit\u00e9 m\u00e9dicale<\/strong> produits. Nous nous concentrons plus particuli\u00e8rement sur <strong>tiges de titane de petit diam\u00e8tre<\/strong> (1\/4\u2033 \u00e0 1\/2\u2033) optimis\u00e9e pour les applications chirurgicales critiques.<\/p>\n<p><img fetchpriority=\"high\" decoding=\"async\" class=\"size-full wp-image-1386 aligncenter\" src=\"https:\/\/hontitan.com\/wp-content\/uploads\/2025\/12\/1-1.webp\" alt=\"\" width=\"750\" height=\"750\" title=\"\" srcset=\"https:\/\/hontitan.com\/wp-content\/uploads\/2025\/12\/1-1.webp 750w, https:\/\/hontitan.com\/wp-content\/uploads\/2025\/12\/1-1-300x300.webp 300w, https:\/\/hontitan.com\/wp-content\/uploads\/2025\/12\/1-1-150x150.webp 150w, https:\/\/hontitan.com\/wp-content\/uploads\/2025\/12\/1-1-12x12.webp 12w, https:\/\/hontitan.com\/wp-content\/uploads\/2025\/12\/1-1-600x600.webp 600w, https:\/\/hontitan.com\/wp-content\/uploads\/2025\/12\/1-1-100x100.webp 100w\" sizes=\"(max-width: 750px) 100vw, 750px\" \/><\/p>\n<p>Nos ronds ELI de grade 5 (Ti-6Al-4V ELI) sont rectifi\u00e9s sans centre pour obtenir des r\u00e9sultats pr\u00e9cis. <strong>Tol\u00e9rances ISO h7<\/strong>, qui sert d'outil id\u00e9al pour l'\u00e9valuation de la qualit\u00e9 de l'eau. <strong>Mat\u00e9riau de la poup\u00e9e mobile<\/strong> pour les tours CNC \u00e0 grande vitesse (Citizen, Star, Tornos). Que ce soit pour <strong>Commerce de gros<\/strong> ou R&amp;D, nos barres sont pr\u00eates \u00e0 \u00eatre utilis\u00e9es imm\u00e9diatement.<\/p>\n<ul>\n<li><strong>Gamme de diam\u00e8tres :<\/strong> 1\/4\u2033 (6,35 mm) - 1\/2\u2033 (12,7 mm)<\/li>\n<li><strong>Surface :<\/strong> Polissage de pr\u00e9cision, polissage et <strong>Pr\u00eat pour l'anodisation<\/strong><\/li>\n<li><strong>Tol\u00e9rance :<\/strong> <strong>ISO h7 \/ h8<\/strong> (Strictement v\u00e9rifi\u00e9)<\/li>\n<li><strong>\u00c9tat des stocks :<\/strong> <strong>Pr\u00eat \u00e0 exp\u00e9dier<\/strong> (Pas de MOQ pour les articles en stock)<\/li>\n<\/ul>\n<p><img decoding=\"async\" class=\"aligncenter wp-image-1385 size-full\" src=\"https:\/\/hontitan.com\/wp-content\/uploads\/2025\/12\/2-2.webp\" alt=\"Barre de titane de qualit\u00e9 m\u00e9dicale polie (ASTM F136) pr\u00eate \u00e0 \u00eatre exp\u00e9di\u00e9e.\" width=\"750\" height=\"750\" title=\"\" srcset=\"https:\/\/hontitan.com\/wp-content\/uploads\/2025\/12\/2-2.webp 750w, https:\/\/hontitan.com\/wp-content\/uploads\/2025\/12\/2-2-300x300.webp 300w, https:\/\/hontitan.com\/wp-content\/uploads\/2025\/12\/2-2-150x150.webp 150w, https:\/\/hontitan.com\/wp-content\/uploads\/2025\/12\/2-2-12x12.webp 12w, https:\/\/hontitan.com\/wp-content\/uploads\/2025\/12\/2-2-600x600.webp 600w, https:\/\/hontitan.com\/wp-content\/uploads\/2025\/12\/2-2-100x100.webp 100w\" sizes=\"(max-width: 750px) 100vw, 750px\" \/><\/p>\n<h2><strong>Sp\u00e9cifications techniques<\/strong><\/h2>\n<table>\n<tbody>\n<tr>\n<th>Propri\u00e9t\u00e9<\/th>\n<th>Sp\u00e9cifications<\/th>\n<\/tr>\n<tr>\n<td><strong>Nom du mat\u00e9riau<\/strong><\/td>\n<td><strong>M\u00e9dical <a href=\"https:\/\/hontitan.com\/fr\/product\/grade-2-titanium-square-bar-10mm-astm-b348\/\"  data-wpil-monitor-id=\"163\">Barre de titane de qualit\u00e9<\/a><\/strong> (5e ann\u00e9e ELI)<\/td>\n<\/tr>\n<tr>\n<td><strong>Conformit\u00e9 aux normes<\/strong><\/td>\n<td><strong>ASTM F136<\/strong>, ISO 5832-3, AMS 4930<\/td>\n<\/tr>\n<tr>\n<td><strong>M\u00e9thode de fusion<\/strong><\/td>\n<td><strong>VAR Triple Melt<\/strong> (refondu \u00e0 l'arc sous vide)<\/td>\n<\/tr>\n<tr>\n<td><strong>Gamme de diam\u00e8tres<\/strong><\/td>\n<td>0.250\u2033 (6.35mm) \u00e0 0.500\u2033 (12.7mm)<\/td>\n<\/tr>\n<tr>\n<td><strong>Tol\u00e9rance<\/strong><\/td>\n<td><strong>ISO h7 (0 \/ -0,015mm)<\/strong> ou h8<\/td>\n<\/tr>\n<tr>\n<td><strong>Rectitude<\/strong><\/td>\n<td><strong>&lt; 0,5mm\/m<\/strong> (Optimis\u00e9 pour les distributeurs automatiques CNC)<\/td>\n<\/tr>\n<tr>\n<td><strong>Finition de la surface<\/strong><\/td>\n<td>Rectification sans centre, Ra \u2264 0,8\u00b5m (<strong>Pr\u00eat pour l'anodisation<\/strong>)<\/td>\n<\/tr>\n<tr>\n<td><strong>Microstructure<\/strong><\/td>\n<td>Structure uniforme Alpha-Beta (taille des grains ASTM E112)<\/td>\n<\/tr>\n<\/tbody>\n<\/table>\n<h2><strong>Pourquoi choisir Hon Titan comme fournisseur ?<\/strong><\/h2>\n<h3><strong>A. Pr\u00eat pour le tour suisse (sans bavures ni vibrations)<\/strong><\/h3>\n<p>Usinage <strong>tiges de titane de petit diam\u00e8tre<\/strong> exige une extr\u00eame stabilit\u00e9 des mat\u00e9riaux. Nos barres se caract\u00e9risent par une rectitude sup\u00e9rieure (&lt; 0,5 mm\/m) et une rondeur constante.<\/p>\n<ul>\n<li><strong>Optimisation de l'usinabilit\u00e9 :<\/strong> R\u00e9duit l'usure des outils et garantit <strong>sans bavures<\/strong> la coupe lors d'op\u00e9rations complexes telles que <strong>Tourbillon de fils<\/strong> et <strong>Forage profond<\/strong>.<\/li>\n<li><strong>Contr\u00f4le des vibrations :<\/strong> S'adapte parfaitement aux douilles de guidage dans les <strong>Tours CNC de type suisse<\/strong>, Le syst\u00e8me de contr\u00f4le de la qualit\u00e9 permet d'\u00e9viter les bourrages de mat\u00e9riau et de garantir un faux-rond de haute pr\u00e9cision.<\/li>\n<\/ul>\n<h3><strong>B. Pr\u00e9cision visible (v\u00e9rifi\u00e9e au microm\u00e8tre)<\/strong><\/h3>\n<p>Nous ne nous contentons pas de revendiquer la pr\u00e9cision, nous la prouvons. Chaque lot est soumis \u00e0 un contr\u00f4le dimensionnel 100%. Comme le montre notre processus d'inspection, nous contr\u00f4lons strictement le diam\u00e8tre selon la tol\u00e9rance ISO h7. Cette v\u00e9rification \u201cGo\/No-Go\u201d garantit que votre ligne de production ne s'arr\u00eatera jamais \u00e0 cause de barres trop grandes.<\/p>\n<h3><strong>C. Puret\u00e9 de qualit\u00e9 m\u00e9dicale (contr\u00f4le des \u00e9l\u00e9ments interstitiels)<\/strong><\/h3>\n<p>La s\u00e9curit\u00e9 est primordiale. Nos mat\u00e9riaux proviennent de <strong>VAR Lingots de triple fusion<\/strong> pour garantir une grande puret\u00e9.<\/p>\n<ul>\n<li><strong>Faible teneur en oxyg\u00e8ne et en fer :<\/strong> Nous contr\u00f4lons strictement <strong>\u00c9l\u00e9ments interstitiels<\/strong> pour am\u00e9liorer la ductilit\u00e9 et la r\u00e9sistance \u00e0 la rupture.<\/li>\n<li><strong>Microstructure Alpha-Beta :<\/strong> La structure uniforme du grain pr\u00e9vient les d\u00e9faillances dues \u00e0 la fatigue, ce qui le rend id\u00e9al pour les implants porteurs de charges \u00e0 long terme, tels que les implants en acier inoxydable et les implants en acier inoxydable. <strong>Tiges vert\u00e9brales<\/strong>.<\/li>\n<\/ul>\n<h2><strong>Applications<\/strong><\/h2>\n<p>Nos tiges de pr\u00e9cision de 1\/4\u2033 \u00e0 1\/2\u2033 constituent la mati\u00e8re premi\u00e8re standard de l'industrie :<\/p>\n<ul>\n<li><strong>La colonne vert\u00e9brale :<\/strong> <strong>Vis p\u00e9diculaire Mati\u00e8re premi\u00e8re<\/strong>, Tiges vert\u00e9brales, plaques cervicales.<\/li>\n<li><strong>Dentaire :<\/strong> <strong>Barres de piliers dentaires<\/strong>, Les capsules de cicatrisation, les ancrages orthodontiques.<\/li>\n<li><strong>Traumatisme :<\/strong> <strong>Clous intram\u00e9dullaires<\/strong>, Vis canul\u00e9es, <strong>Fils de Kirschner (K-Wires)<\/strong>.<\/li>\n<li><strong>M\u00e9decine du sport :<\/strong> <strong>Ancres de suture<\/strong>, Vis d'interf\u00e9rence.<\/li>\n<li><strong>Outils :<\/strong> Tr\u00e9pans chirurgicaux, arbres d'entra\u00eenement m\u00e9dicaux.<\/li>\n<\/ul>\n<h2><strong>Assurance qualit\u00e9 et tra\u00e7abilit\u00e9<\/strong><\/h2>\n<p>Chez Hon Titan, la qualit\u00e9 n'est pas n\u00e9gociable. Nous fournissons des <strong>Tra\u00e7abilit\u00e9 du moule \u00e0 la barre<\/strong>. Chaque envoi comprend une <strong>EN 10204 3.1 Certificat d'essai en usine (MTC)<\/strong> li\u00e9 \u00e0 la source du lingot d'origine.<\/p>\n<p><strong>Notre protocole d'inspection comprend<\/strong><\/p>\n<ol>\n<li><strong>Analyse chimique :<\/strong> Test ICP-OES pour v\u00e9rifier <strong>Faible teneur en oxyg\u00e8ne<\/strong> Composition de l'ELI.<\/li>\n<li><strong>Essais m\u00e9caniques :<\/strong> R\u00e9sistance \u00e0 la traction, limite d'\u00e9lasticit\u00e9 et allongement.<\/li>\n<li><strong>Contr\u00f4le par ultrasons :<\/strong> <strong>AMS 2631 Classe A<\/strong> (pour s'assurer qu'il n'y a pas de fissures ou de vides internes).<\/li>\n<li><strong>Analyse de la microstructure :<\/strong> <strong>Taille des grains ASTM E112<\/strong> v\u00e9rification.<\/li>\n<li><strong>Contr\u00f4le dimensionnel :<\/strong> Microm\u00e8tre laser et jauges Go\/No-Go.<\/li>\n<\/ol>\n<h2><strong>Emballage et logistique (garantie sans dommage)<\/strong><\/h2>\n<p>Nous traitons nos barres rectifi\u00e9es avec pr\u00e9cision comme des instruments d\u00e9licats. Nous comprenons que m\u00eame une petite \u00e9gratignure peut ruiner le processus d'alimentation de votre tour suisse.<\/p>\n<h3><strong>Protection de surface multicouche<\/strong><\/h3>\n<p>Comme le montre la photo, chaque couche de tiges de titane est s\u00e9par\u00e9e par des feuilles de mousse de coton douces et non abrasives. Cela permet d'\u00e9viter le contact m\u00e9tal sur m\u00e9tal et de garantir la qualit\u00e9 de l'air. <strong>Surface pr\u00eate \u00e0 l'anodisation (Ra &lt; 0,8\u00b5m)<\/strong> arrive \u00e0 l'usine en parfait \u00e9tat.<\/p>\n<p><img decoding=\"async\" class=\"wp-image-1384 size-full aligncenter\" src=\"https:\/\/hontitan.com\/wp-content\/uploads\/2025\/12\/6-2.webp\" alt=\"Emballage de protection de la tige en titane avec mousse souple pour \u00e9viter les rayures.\" width=\"750\" height=\"750\" title=\"\" srcset=\"https:\/\/hontitan.com\/wp-content\/uploads\/2025\/12\/6-2.webp 750w, https:\/\/hontitan.com\/wp-content\/uploads\/2025\/12\/6-2-300x300.webp 300w, https:\/\/hontitan.com\/wp-content\/uploads\/2025\/12\/6-2-150x150.webp 150w, https:\/\/hontitan.com\/wp-content\/uploads\/2025\/12\/6-2-12x12.webp 12w, https:\/\/hontitan.com\/wp-content\/uploads\/2025\/12\/6-2-600x600.webp 600w, https:\/\/hontitan.com\/wp-content\/uploads\/2025\/12\/6-2-100x100.webp 100w\" sizes=\"(max-width: 750px) 100vw, 750px\" \/><\/p>\n<h3><strong>Caisse d'exportation renforc\u00e9e<\/strong><\/h3>\n<p>La caisse ext\u00e9rieure en bois est doubl\u00e9e d'une \u00e9paisse mousse EPE ondul\u00e9e de haute densit\u00e9. Cette suspension \u201cflottante\u201d absorbe les chocs et les vibrations pendant le transport. Les barres sont regroup\u00e9es et fix\u00e9es \u00e0 plat \u00e0 l'int\u00e9rieur de la caisse renforc\u00e9e. <strong>Caisses en contreplaqu\u00e9 pour l'exportation<\/strong> afin d'\u00e9viter toute flexion.<\/p>\n<p><img loading=\"lazy\" decoding=\"async\" class=\"size-full wp-image-1383 aligncenter\" src=\"https:\/\/hontitan.com\/wp-content\/uploads\/2025\/12\/5.webp\" alt=\"\" width=\"750\" height=\"750\" title=\"\" srcset=\"https:\/\/hontitan.com\/wp-content\/uploads\/2025\/12\/5.webp 750w, https:\/\/hontitan.com\/wp-content\/uploads\/2025\/12\/5-300x300.webp 300w, https:\/\/hontitan.com\/wp-content\/uploads\/2025\/12\/5-150x150.webp 150w, https:\/\/hontitan.com\/wp-content\/uploads\/2025\/12\/5-12x12.webp 12w, https:\/\/hontitan.com\/wp-content\/uploads\/2025\/12\/5-600x600.webp 600w, https:\/\/hontitan.com\/wp-content\/uploads\/2025\/12\/5-100x100.webp 100w\" sizes=\"(max-width: 750px) 100vw, 750px\" \/><\/p>\n<h2><strong>FAQ (Foire aux questions)<\/strong><\/h2>\n<p><strong>Q : Quelle est la diff\u00e9rence entre Ti Grade 5 et Grade 5 ELI ?<\/strong><\/p>\n<p>R : Le grade 5 ELI (ASTM F136) pr\u00e9sente des limites plus strictes en mati\u00e8re de <strong>Oxyg\u00e8ne et fer<\/strong> par rapport \u00e0 <a href=\"https:\/\/hontitan.com\/fr\/titanium-grade\/\"  data-wpil-monitor-id=\"273\">Grade standard<\/a> 5. Cette stricte <strong>Contr\u00f4le des \u00e9l\u00e9ments interstitiels<\/strong> rend le mat\u00e9riau plus ductile et plus r\u00e9sistant aux fractures, ce qui est une exigence obligatoire pour les implants m\u00e9dicaux.<\/p>\n<p><strong>Q : Soutenez-vous les commandes d'essai pour la R&amp;D ?<\/strong><\/p>\n<p>R : Oui. En tant que <strong>Stockage de barres rondes en titane<\/strong>, nous avons un <strong>\u201cPolitique \u201dPas de MOQ\" pour les articles en stock<\/strong>. Nous aidons les jeunes entreprises de mat\u00e9riel m\u00e9dical en leur fournissant de petites quantit\u00e9s (par exemple, 5 kg ou 10 kg) pour le prototypage de vis \u00e0 os ou de pi\u00e8ces dentaires.<\/p>\n<p><strong>Q : Votre mat\u00e9riel peut-il \u00eatre utilis\u00e9 sur les tours \u00e0 poup\u00e9e mobile Citizen\/Star ?<\/strong><\/p>\n<p>R : Absolument. Nos tiges sont sp\u00e9cialement mises \u00e0 la terre pour <strong>Tol\u00e9rance ISO h7<\/strong> avec une excellente rectitude, ce qui en fait le parfait <strong>Mat\u00e9riau de la poup\u00e9e mobile<\/strong> pour l'usinage suisse \u00e0 grande vitesse sans blocage de la douille de guidage.<\/p>\n<h2><strong>Appel \u00e0 l'action<\/strong><\/h2>\n<h3><strong>Partenariat avec un fournisseur fiable de titane ASTM F136<\/strong><\/h3>\n<p>Ne faites pas de compromis sur votre mati\u00e8re premi\u00e8re. Assurez-vous que vos implants r\u00e9pondent aux normes les plus \u00e9lev\u00e9es gr\u00e2ce \u00e0 la pr\u00e9cision de Hon Titan. <strong>M\u00e9dical <a href=\"https:\/\/hontitan.com\/fr\/titanium-grade-5-vs-grade-2-technical-guide\/\"  data-wpil-monitor-id=\"276\">Titane de qualit\u00e9<\/a> Barre<\/strong>.<\/p>\n<p><strong><a href=\"https:\/\/hontitan.com\/fr\/contact-us\/\"  data-wpil-monitor-id=\"274\">Contactez nous<\/a> d\u00e8s aujourd'hui pour conna\u00eetre les prix de gros et la liste des stocks actuels.<\/strong><\/p>","protected":false},"excerpt":{"rendered":"<ul>\n<li data-path-to-node=\"5,0,0,0\"><b data-path-to-node=\"5,0,0,0\" data-index-in-node=\"0\">Mat\u00e9riau :<\/b> ASTM F136 \/ ISO 5832-3 Grade 5 ELI (qualit\u00e9 m\u00e9dicale)<\/li>\n<li data-path-to-node=\"5,0,1,0\"><b data-path-to-node=\"5,0,1,0\" data-index-in-node=\"0\">Gamme de diam\u00e8tres :<\/b> 1\/4\u2033 (6,35 mm) - 1\/2\u2033 (12,7 mm)<\/li>\n<li data-path-to-node=\"5,0,2,0\"><b data-path-to-node=\"5,0,2,0\" data-index-in-node=\"0\">Pr\u00e9cision :<\/b> Masse sans centre jusqu'\u00e0 <b data-path-to-node=\"5,0,2,0\" data-index-in-node=\"32\">Tol\u00e9rance ISO h7<\/b><\/li>\n<li data-path-to-node=\"5,0,3,0\"><b data-path-to-node=\"5,0,3,0\" data-index-in-node=\"0\">Application :<\/b> Id\u00e9al pour l'usinage suisse (vis \u00e0 os, piliers dentaires)<\/li>\n<li data-path-to-node=\"5,0,4,0\"><b data-path-to-node=\"5,0,4,0\" data-index-in-node=\"0\">Disponibilit\u00e9 :<\/b> Article en stock, pas de MOQ, exp\u00e9dition rapide.<\/li>\n<\/ul>","protected":false},"featured_media":1387,"template":"","meta":[],"product_brand":[],"product_cat":[15,38],"product_tag":[],"class_list":{"0":"post-1382","1":"product","2":"type-product","3":"status-publish","4":"has-post-thumbnail","6":"product_cat-titanium-mill-products","7":"product_cat-titanium-bars","9":"first","10":"instock","11":"shipping-taxable","12":"product-type-simple"},"_links":{"self":[{"href":"https:\/\/hontitan.com\/fr\/wp-json\/wp\/v2\/product\/1382","targetHints":{"allow":["GET"]}}],"collection":[{"href":"https:\/\/hontitan.com\/fr\/wp-json\/wp\/v2\/product"}],"about":[{"href":"https:\/\/hontitan.com\/fr\/wp-json\/wp\/v2\/types\/product"}],"version-history":[{"count":0,"href":"https:\/\/hontitan.com\/fr\/wp-json\/wp\/v2\/product\/1382\/revisions"}],"wp:featuredmedia":[{"embeddable":true,"href":"https:\/\/hontitan.com\/fr\/wp-json\/wp\/v2\/media\/1387"}],"wp:attachment":[{"href":"https:\/\/hontitan.com\/fr\/wp-json\/wp\/v2\/media?parent=1382"}],"wp:term":[{"taxonomy":"product_brand","embeddable":true,"href":"https:\/\/hontitan.com\/fr\/wp-json\/wp\/v2\/product_brand?post=1382"},{"taxonomy":"product_cat","embeddable":true,"href":"https:\/\/hontitan.com\/fr\/wp-json\/wp\/v2\/product_cat?post=1382"},{"taxonomy":"product_tag","embeddable":true,"href":"https:\/\/hontitan.com\/fr\/wp-json\/wp\/v2\/product_tag?post=1382"}],"curies":[{"name":"wp","href":"https:\/\/api.w.org\/{rel}","templated":true}]}}