{"id":1476,"date":"2025-12-27T16:21:41","date_gmt":"2025-12-27T16:21:41","guid":{"rendered":"https:\/\/hontitan.com\/?post_type=product&#038;p=1476"},"modified":"2025-12-30T03:47:24","modified_gmt":"2025-12-30T03:47:24","slug":"astm-f67-grade-2-titanium-bar-medical-implant","status":"publish","type":"product","link":"https:\/\/hontitan.com\/fr\/product\/astm-f67-grade-2-titanium-bar-medical-implant\/","title":{"rendered":"Barre ronde en titane de qualit\u00e9 m\u00e9dicale ASTM F67 Grade 2"},"content":{"rendered":"<h2 data-pm-slice=\"1 1 []\">Aper\u00e7u du produit<\/h2>\n<p>ASTM F67 Grade 2 (UNS R50400) est la norme la plus utilis\u00e9e. <strong>titane non alli\u00e9<\/strong> dans l'industrie m\u00e9dicale. Contrairement au grade 4 (qui privil\u00e9gie la haute r\u00e9sistance) ou au Ti-6Al-4V (alli\u00e9), le grade 2 offre un \u00e9quilibre optimal entre <strong>r\u00e9sistance (YS \u2265 275 MPa)<\/strong> et <strong>ductilit\u00e9 exceptionnelle (allongement \u2265 20%)<\/strong>. Cela en fait le mat\u00e9riau pr\u00e9f\u00e9r\u00e9 pour les plaques osseuses, les agrafes et les composants dentaires complexes qui doivent \u00eatre model\u00e9s sans se fissurer.<\/p>\n<p>En tant que sp\u00e9cialiste <strong>Fabricant de titane m\u00e9dical<\/strong>, Nous produisons ce mat\u00e9riau sp\u00e9cifiquement pour des applications d'implants critiques. Notre processus commence par des <strong>\u00c9ponge de titane de grade 0<\/strong> et utilise <strong>Triple VAR (refonte \u00e0 l'arc sous vide)<\/strong> afin de garantir une microstructure homog\u00e8ne exempte d'inclusions de haute densit\u00e9 (HDI).<\/p>\n<h3>Con\u00e7us pour un usinage de pr\u00e9cision<\/h3>\n<p>Nous comprenons que les composants m\u00e9dicaux sont souvent produits \u00e0 grande vitesse. <strong>Tours CNC de type suisse<\/strong>. Par cons\u00e9quent, notre <a href=\"https:\/\/hontitan.com\/fr\/product\/grade-2-titanium-square-bar-10mm-astm-b348\/\"  data-wpil-monitor-id=\"195\">Barres de titane de grade 2<\/a> ne sont pas seulement \u201croul\u00e9s\u201d mais <strong>meulage de pr\u00e9cision sans centre<\/strong>. Nous contr\u00f4lons strictement la rectitude \u00e0 \u22640,5mm\/m et la tol\u00e9rance du diam\u00e8tre \u00e0 <strong>h9 ou h8<\/strong>, L'alimentation de la barre se fait en douceur et les vibrations sont r\u00e9duites pendant l'usinage.<\/p>\n<p><strong>Pourquoi choisir notre titane de qualit\u00e9 m\u00e9dicale 2 :<\/strong><\/p>\n<ul>\n<li><strong>Contr\u00f4le de la microstructure :<\/strong> Structure de grains alpha fins et \u00e9quiaxes (typiquement <strong>ASTM E112 n\u00b0 6 ou plus fin<\/strong>) garantit une dur\u00e9e de vie pr\u00e9visible des implants.<\/li>\n<li><strong>Puret\u00e9 sup\u00e9rieure :<\/strong> Nous contr\u00f4lons les niveaux de fer (Fe) et d'oxyg\u00e8ne (O) plus \u00e9troitement que les limites standard de l'ASTM F67 afin d'am\u00e9liorer la qualit\u00e9 de l'air. <a href=\"https:\/\/hontitan.com\/fr\/titanium-grade-corrosion-resistance-guide\/\"  data-wpil-monitor-id=\"193\">r\u00e9sistance \u00e0 la corrosion dans des environnements physiologiques<\/a>.<\/li>\n<li><strong>Surface sans d\u00e9faut :<\/strong> Livr\u00e9 en \u00e9tat pel\u00e9 et poli, garanti <strong>gratuit de l'\u00e9tui Alpha<\/strong> (couche de contamination superficielle) pour prolonger la dur\u00e9e de vie de votre outil.<\/li>\n<li><strong>Tra\u00e7abilit\u00e9 compl\u00e8te :<\/strong> Chaque barre est marqu\u00e9e au laser et tra\u00e7able jusqu'\u00e0 la source de la fonte avec un MTC EN 10204 3.1 complet.<\/li>\n<\/ul>\n<h2>Principales sp\u00e9cifications techniques<\/h2>\n<p>Nos produits ASTM F67 Grade 2 <a href=\"https:\/\/hontitan.com\/fr\/product\/astm-f67-grade-2-titanium-bar-medical-implant\/\"  data-wpil-monitor-id=\"261\">barres de titane<\/a> sont doublement certifi\u00e9s <strong>ISO 5832-2<\/strong>, Le projet a pour objectif de r\u00e9pondre aux exigences r\u00e9glementaires mondiales en mati\u00e8re de dispositifs m\u00e9dicaux.<\/p>\n<h3>1. Composition chimique (poids %)<\/h3>\n<p><em>Le contr\u00f4le des \u00e9l\u00e9ments interstitiels (Fe, O, H) est plus strict que ne l'exige la norme afin de garantir une biocompatibilit\u00e9 sup\u00e9rieure.<\/em><\/p>\n<table>\n<tbody>\n<tr>\n<th>\u00c9l\u00e9ment<\/th>\n<th>Symbole<\/th>\n<th>ASTM F67 \/ ISO 5832-2 Limite<\/th>\n<th><strong>Notre valeur typique<\/strong><\/th>\n<th>B\u00e9n\u00e9fice<\/th>\n<\/tr>\n<tr>\n<td><strong>Azote<\/strong><\/td>\n<td>N<\/td>\n<td>\u2264 0.03<\/td>\n<td><strong>0.01<\/strong><\/td>\n<td>Augmente la force<\/td>\n<\/tr>\n<tr>\n<td><strong>Carbone<\/strong><\/td>\n<td>C<\/td>\n<td>\u2264 0.08<\/td>\n<td><strong>0.02<\/strong><\/td>\n<td>&#8211;<\/td>\n<\/tr>\n<tr>\n<td><strong>Hydrog\u00e8ne<\/strong><\/td>\n<td>H<\/td>\n<td>\u2264 0.015<\/td>\n<td><strong>0.003<\/strong><\/td>\n<td><strong>\u00c9limine le risque de fragilisation par l'hydrog\u00e8ne<\/strong><\/td>\n<\/tr>\n<tr>\n<td><strong>Le fer<\/strong><\/td>\n<td>Fe<\/td>\n<td>\u2264 0.30<\/td>\n<td><strong>0.12<\/strong><\/td>\n<td><strong>Maximise la r\u00e9sistance \u00e0 la corrosion<\/strong><\/td>\n<\/tr>\n<tr>\n<td><strong>Oxyg\u00e8ne<\/strong><\/td>\n<td>O<\/td>\n<td>\u2264 0.25<\/td>\n<td><strong>0.18<\/strong><\/td>\n<td>Optimise l'\u00e9quilibre force\/ductilit\u00e9<\/td>\n<\/tr>\n<tr>\n<td><strong>Titane<\/strong><\/td>\n<td>Ti<\/td>\n<td>\u00c9quilibre<\/td>\n<td>\u00c9quilibre<\/td>\n<td>Mat\u00e9riau de base<\/td>\n<\/tr>\n<\/tbody>\n<\/table>\n<h3>2. Propri\u00e9t\u00e9s m\u00e9caniques (\u00e9tat recuit)<\/h3>\n<p><em>Test\u00e9 selon la norme ASTM E8. Une \u00e9longation \u00e9lev\u00e9e est cruciale pour les implants n\u00e9cessitant une mise en forme.<\/em><\/p>\n<table>\n<tbody>\n<tr>\n<th>Propri\u00e9t\u00e9<\/th>\n<th>Valeur m\u00e9trique<\/th>\n<th>Valeur imp\u00e9riale<\/th>\n<th>Exigence<\/th>\n<\/tr>\n<tr>\n<td><strong>R\u00e9sistance \u00e0 la traction (UTS)<\/strong><\/td>\n<td>\u2265 345 MPa<\/td>\n<td>\u2265 50 ksi<\/td>\n<td>Minimum requis<\/td>\n<\/tr>\n<tr>\n<td><strong>Limite d'\u00e9lasticit\u00e9 (d\u00e9calage de 0,2%)<\/strong><\/td>\n<td>275 - 450 MPa<\/td>\n<td>40 - 65 ksi<\/td>\n<td>Gamme<\/td>\n<\/tr>\n<tr>\n<td><strong>\u00c9longation (en 4D)<\/strong><\/td>\n<td><strong>Typique 28% - 35%<\/strong><\/td>\n<td>&#8211;<\/td>\n<td><strong>Conditions requises : \u2265 20%<\/strong><\/td>\n<\/tr>\n<tr>\n<td><strong>R\u00e9duction de la surface<\/strong><\/td>\n<td>\u2265 30%<\/td>\n<td>\u2265 30%<\/td>\n<td>Minimum requis<\/td>\n<\/tr>\n<\/tbody>\n<\/table>\n<h3>3. Tol\u00e9rance de diam\u00e8tre (rectification de pr\u00e9cision)<\/h3>\n<p><em>Le respect strict de la norme ISO 286-2 garantit la compatibilit\u00e9 avec les douilles de guidage automatis\u00e9es.<\/em><\/p>\n<table>\n<tbody>\n<tr>\n<th>Diam\u00e8tre nominal (mm)<\/th>\n<th>Tol\u00e9rance <strong>h9<\/strong> (Standard)<\/th>\n<th>Tol\u00e9rance <strong>h8<\/strong> (Pr\u00e9cision)<\/th>\n<th>Max Ovality<\/th>\n<\/tr>\n<tr>\n<td>3.00 &#8211; 6.00<\/td>\n<td>+0 \/ -0,030 mm<\/td>\n<td>+0 \/ -0,018 mm<\/td>\n<td>50% de tol\u00e9rance<\/td>\n<\/tr>\n<tr>\n<td>6.01 &#8211; 10.00<\/td>\n<td>+0 \/ -0,036 mm<\/td>\n<td>+0 \/ -0,022 mm<\/td>\n<td>50% de tol\u00e9rance<\/td>\n<\/tr>\n<tr>\n<td>10.01 &#8211; 18.00<\/td>\n<td>+0 \/ -0,043 mm<\/td>\n<td>+0 \/ -0,027 mm<\/td>\n<td>50% de tol\u00e9rance<\/td>\n<\/tr>\n<\/tbody>\n<\/table>\n<h2>Assurance de la qualit\u00e9 et essais<\/h2>\n<p>La s\u00e9curit\u00e9 n'est pas n\u00e9gociable dans la fabrication m\u00e9dicale. Nous mettons en \u0153uvre un syst\u00e8me de qualit\u00e9 rigoureux \u201cTriple-Check\u201d qui d\u00e9passe les exigences de base de l'industrie afin de garantir que chaque barre est conforme aux normes suivantes <strong>ASTM F67<\/strong> et <strong>ISO 5832-2<\/strong> normes.<\/p>\n<h3>Le processus de v\u00e9rification \u201cz\u00e9ro d\u00e9faut<\/h3>\n<p>Pour garantir l'int\u00e9grit\u00e9 interne requise pour les implants critiques, nous utilisons un protocole d'inspection en plusieurs \u00e9tapes :<\/p>\n<ol>\n<li><strong>Contr\u00f4le par ultrasons (UT) :<\/strong> 100% inspection par <strong>AMS 2631 Classe A1<\/strong> (ou ISO 23277) pour d\u00e9tecter tout d\u00e9faut m\u00e9tallurgique interne ou toute fissure sup\u00e9rieure \u00e0 l'\u00e9quivalent de 0,8 mm.<\/li>\n<li><strong>Contr\u00f4le par courants de Foucault (ET) :<\/strong> Balayage continu de toute la longueur de la barre pour identifier les imperfections de surface ou proches de la surface qui pourraient compromettre la r\u00e9sistance \u00e0 la fatigue.<\/li>\n<li><strong>V\u00e9rification des dimensions :<\/strong> Les contr\u00f4les automatis\u00e9s par microm\u00e8tre laser garantissent la coh\u00e9rence des diam\u00e8tres dans le respect des normes de qualit\u00e9. <strong>ISO 286-2 h9\/h8<\/strong> les tol\u00e9rances.<\/li>\n<\/ol>\n<h3>Int\u00e9grit\u00e9 m\u00e9tallurgique<\/h3>\n<ul>\n<li><strong>Microstructure :<\/strong> Nous garantissons une structure de phase Alpha enti\u00e8rement recuite, \u00e9quiaxe et sans s\u00e9gr\u00e9gation, optimis\u00e9e pour la r\u00e9sistance \u00e0 la fatigue (taille des grains typiquement ASTM E112 n\u00b0 6 ou plus fine).<\/li>\n<li><strong>Alpha Case Free :<\/strong> La couche fragile riche en oxyg\u00e8ne form\u00e9e pendant le traitement thermique est enti\u00e8rement \u00e9limin\u00e9e par un meulage de pr\u00e9cision sans centre, ce qui garantit que le mat\u00e9riau est pr\u00eat pour un usinage imm\u00e9diat sans risque de fissuration de la surface.<\/li>\n<\/ul>\n<h2>Applications et recommandations de traitement<\/h2>\n<h3>Applications m\u00e9dicales typiques<\/h3>\n<ul>\n<li><strong>Plaques osseuses et agrafes :<\/strong> Utilisation de la ductilit\u00e9 \u00e9lev\u00e9e du grade 2 pour la d\u00e9formation \u00e0 froid et l'adaptation \u00e0 l'anatomie du patient.<\/li>\n<li><strong>Piliers dentaires :<\/strong> Excellentes propri\u00e9t\u00e9s de liaison avec la porcelaine et biocompatibilit\u00e9 \u00e9lev\u00e9e pour la cicatrisation des tissus mous.<\/li>\n<li><strong>Instruments chirurgicaux :<\/strong> Poign\u00e9es et plateaux l\u00e9gers n\u00e9cessitant une r\u00e9sistance aux cycles de st\u00e9rilisation r\u00e9p\u00e9t\u00e9s (autoclave).<\/li>\n<\/ul>\n<h3>Guide d'usinage pour le titane de grade 2<\/h3>\n<p><a href=\"https:\/\/hontitan.com\/fr\/product\/custom-grade-5-titanium-brake-rotors\/\"  data-wpil-monitor-id=\"191\">Qualit\u00e9 du titane<\/a> 2 est plus souple que le grade 5 (Ti-6Al-4V) mais peut \u00eatre \u201cgommeux\u201d et sujet au grippage s'il n'est pas trait\u00e9 correctement. Pour optimiser votre usinage de type suisse :<\/p>\n<ul>\n<li><strong>Vitesse de coupe :<\/strong> Nous recommandons de commencer \u00e0 <strong>40-60 m\/min (130-200 SFM)<\/strong>. Des vitesses plus faibles permettent d'\u00e9viter l'accumulation de chaleur.<\/li>\n<li><strong>Outillage :<\/strong> Utiliser des outils en carbure bien aff\u00fbt\u00e9s et \u00e0 angle de coupe positif. <strong>\u00c9viter les logements<\/strong> pour \u00e9viter l'\u00e9crouissage de la surface du mat\u00e9riau.<\/li>\n<li><strong>Liquide de refroidissement :<\/strong> Utilisez un liquide de refroidissement soluble dans l'eau \u00e0 haute pression et \u00e0 grand volume pour \u00e9vacuer efficacement les copeaux et r\u00e9duire la chaleur dans la zone de coupe.<\/li>\n<li><strong>Vitesse d'alimentation :<\/strong> Maintenir une avance constante et agressive pour assurer la coupe de l'outil <em>sous<\/em> la couche \u00e9crouie.<\/li>\n<\/ul>\n<h2>Approvisionnement, emballage et logistique<\/h2>\n<p>En tant que sp\u00e9cialiste <strong>exportateur de titane m\u00e9dical<\/strong>, Nous comprenons que l'\u00e9tat du mat\u00e9riel \u00e0 l'arriv\u00e9e est tout aussi important que sa qualit\u00e9 de fabrication.<\/p>\n<h3>Emballage pour l'exportation<\/h3>\n<p>Nous utilisons un syst\u00e8me de protection multicouche pour garantir une livraison \u201cz\u00e9ro rayure\u201d :<\/p>\n<ol>\n<li><strong>Protection individuelle :<\/strong> Chaque barre de titane est emball\u00e9e individuellement dans une enveloppe protectrice. <strong>Tube en PVC<\/strong>.<\/li>\n<li><strong>Absorption des chocs :<\/strong> Les paquets sont envelopp\u00e9s dans des feuilles \u00e0 bulles et fix\u00e9s par des sangles en plastique.<\/li>\n<li><strong>Caisse externe :<\/strong> Emball\u00e9s dans des caisses en contreplaqu\u00e9 standard pour l'exportation, renforc\u00e9es pour le fret maritime ou a\u00e9rien.<\/li>\n<\/ol>\n<h3>Disponibilit\u00e9 et d\u00e9lais<\/h3>\n<ul>\n<li><strong>Inventaire des stocks :<\/strong> Nous maintenons un stock r\u00e9gulier de diam\u00e8tres communs (<strong>\u00d83.0mm \u00e0 \u00d820.0mm<\/strong>) pour exp\u00e9dition imm\u00e9diate (MOQ 10kg), afin de r\u00e9pondre aux besoins en mati\u00e8re de R&amp;D et de prototypage.<\/li>\n<li><strong>Production sur mesure :<\/strong> Pour les diam\u00e8tres non standard ou les exigences de tol\u00e9rance sp\u00e9cifiques (par exemple, h8), le d\u00e9lai de production typique est de <strong>3-4 semaines<\/strong>.<\/li>\n<li><strong>Documentation :<\/strong> Chaque envoi comprend une <strong>EN 10204 3.1 Certificat d'essai des mat\u00e9riaux (MTC)<\/strong>, Les r\u00e9sultats des analyses chimiques, des essais m\u00e9caniques et des essais non destructifs (END).<\/li>\n<\/ul>\n<h2>Foire aux questions (FAQ)<\/h2>\n<p><strong>Q : Quelle est la principale diff\u00e9rence entre les normes ASTM F67 Grade 2 et Grade 4 ?<\/strong><\/p>\n<p>A : <strong>Niveau 2<\/strong> est plus souple et plus ductile (allongement \u226520%), ce qui en fait le choix id\u00e9al pour les pi\u00e8ces qui doivent \u00eatre form\u00e9es, comme les plaques osseuses. <strong>Grade 4<\/strong> offre une r\u00e9sistance \u00e0 la traction plus \u00e9lev\u00e9e (\u2265550 MPa) et est g\u00e9n\u00e9ralement pr\u00e9f\u00e9r\u00e9 pour les composants porteurs tels que les vis osseuses ou les tiges vert\u00e9brales.<\/p>\n<p><strong>Q : Votre titane de grade 2 est-il magn\u00e9tique ?<\/strong><\/p>\n<p>R : Non, le titane ASTM F67 Grade 2 est <strong>non magn\u00e9tique<\/strong>, Ce qui le rend s\u00fbr pour les implants \u00e0 long terme et totalement compatible avec les environnements IRM (Imagerie par R\u00e9sonance Magn\u00e9tique).<\/p>\n<p><strong>Q : Proposez-vous des services de chanfreinage pour les chargeurs de barres ?<\/strong><\/p>\n<p>R : Oui, nous pouvons fournir aux bars <strong>Extr\u00e9mit\u00e9s chanfrein\u00e9es \u00e0 30\u00b0 ou 45<\/strong> sur demande. Ce service permet un chargement instantan\u00e9 dans les ravitailleurs automatiques des tours suisses, ce qui permet \u00e0 votre \u00e9quipe de gagner du temps de pr\u00e9paration.<\/p>\n<p><strong>Q : Votre mat\u00e9riau est-il conforme aux exigences de la FDA ?<\/strong><\/p>\n<p>R : Alors que la FDA enregistre le dispositif m\u00e9dical final, notre mat\u00e9riel est fabriqu\u00e9 strictement selon les normes suivantes <strong>ASTM F67<\/strong> et <strong>ISO 5832-2<\/strong> qui sont les normes de consensus reconnues et accept\u00e9es par la FDA pour les implants en titane non alli\u00e9. Notre MTC fournit les donn\u00e9es n\u00e9cessaires \u00e0 la soumission de votre dossier principal (MAF).<\/p>\n<h2>D\u00e9marrez votre projet m\u00e9dical avec du mat\u00e9riel v\u00e9rifi\u00e9<\/h2>\n<p>Besoin d'un <strong>Fournisseur de barres de titane m\u00e9dical<\/strong> qui comprend les exigences strictes de la norme ISO 13485 ? Que vous en soyez \u00e0 la phase de prototypage ou \u00e0 l'augmentation de la production, nous vous offrons la qualit\u00e9 et la tra\u00e7abilit\u00e9 dont vous avez besoin.<\/p>","protected":false},"excerpt":{"rendered":"<ul>\n<li><strong>Norme mat\u00e9rielle :<\/strong> ASTM F67 \/ ISO 5832-2 (titane non alli\u00e9)<\/li>\n<li><strong>Qualit\u00e9 et puret\u00e9 :<\/strong> Grade 2 (UNS R50400) | Haute puret\u00e9 (Fe\u22640.12%, O\u22640.18% typique)<\/li>\n<li><strong>Forme physique :<\/strong> Pr\u00e9cision de la rectification <a href=\"https:\/\/hontitan.com\/fr\/product\/astm-f136-grade-5-eli-titanium-round-bar-supplier\/\"  data-wpil-monitor-id=\"266\">Barre ronde<\/a> (Dia 2.0mm - 60mm)<\/li>\n<li><strong>Tol\u00e9rance :<\/strong> ISO 286-2 h9 \/ h8 (optimis\u00e9 pour les tours de type suisse)<\/li>\n<li><strong>\u00c9tat :<\/strong> Recuit, 100% test\u00e9 NDT, sans \u00e9tui Alpha<\/li>\n<li><strong>Application principale :<\/strong> Vis \u00e0 os, piliers dentaires, fixation de la colonne vert\u00e9brale<\/li>\n<li><strong>Disponibilit\u00e9 :<\/strong> Stock pour la R&amp;D (10kg MOQ) et production en vrac sur mesure<\/li>\n<\/ul>","protected":false},"featured_media":1477,"template":"","meta":[],"product_brand":[],"product_cat":[38,15],"product_tag":[],"class_list":{"0":"post-1476","1":"product","2":"type-product","3":"status-publish","4":"has-post-thumbnail","6":"product_cat-titanium-bars","7":"product_cat-titanium-mill-products","9":"first","10":"instock","11":"shipping-taxable","12":"product-type-simple"},"_links":{"self":[{"href":"https:\/\/hontitan.com\/fr\/wp-json\/wp\/v2\/product\/1476","targetHints":{"allow":["GET"]}}],"collection":[{"href":"https:\/\/hontitan.com\/fr\/wp-json\/wp\/v2\/product"}],"about":[{"href":"https:\/\/hontitan.com\/fr\/wp-json\/wp\/v2\/types\/product"}],"version-history":[{"count":0,"href":"https:\/\/hontitan.com\/fr\/wp-json\/wp\/v2\/product\/1476\/revisions"}],"wp:featuredmedia":[{"embeddable":true,"href":"https:\/\/hontitan.com\/fr\/wp-json\/wp\/v2\/media\/1477"}],"wp:attachment":[{"href":"https:\/\/hontitan.com\/fr\/wp-json\/wp\/v2\/media?parent=1476"}],"wp:term":[{"taxonomy":"product_brand","embeddable":true,"href":"https:\/\/hontitan.com\/fr\/wp-json\/wp\/v2\/product_brand?post=1476"},{"taxonomy":"product_cat","embeddable":true,"href":"https:\/\/hontitan.com\/fr\/wp-json\/wp\/v2\/product_cat?post=1476"},{"taxonomy":"product_tag","embeddable":true,"href":"https:\/\/hontitan.com\/fr\/wp-json\/wp\/v2\/product_tag?post=1476"}],"curies":[{"name":"wp","href":"https:\/\/api.w.org\/{rel}","templated":true}]}}