{"id":1640,"date":"2026-01-06T13:37:38","date_gmt":"2026-01-06T13:37:38","guid":{"rendered":"https:\/\/hontitan.com\/?post_type=product&#038;p=1640"},"modified":"2026-01-06T13:40:38","modified_gmt":"2026-01-06T13:40:38","slug":"dsa-titanium-anode-assembly-ru-ir-coating","status":"publish","type":"product","link":"https:\/\/hontitan.com\/fr\/product\/dsa-titanium-anode-assembly-ru-ir-coating\/","title":{"rendered":"Anode en titane DSA pour l'\u00e9lectrolyse de l'eau de mer"},"content":{"rendered":"<h2 data-pm-slice=\"1 1 []\">Aper\u00e7u du produit<\/h2>\n<h3>Le c\u0153ur d'une \u00e9lectrochloration efficace<\/h3>\n<p>Pour les ing\u00e9nieurs qui g\u00e8rent les syst\u00e8mes d'\u00e9lectrochloration, <strong>passivation de l'anode<\/strong> et <strong>distribution in\u00e9gale du courant<\/strong> sont des maux de t\u00eate op\u00e9rationnels fr\u00e9quents. Nos services <strong>Assemblage d'anodes en titane DSA<\/strong> est sp\u00e9cialement con\u00e7u pour r\u00e9soudre ces probl\u00e8mes dans les environnements d'eau sal\u00e9e.<\/p>\n<p>Construit sur un <strong>Titane pur de grade 1 (ASTM B265)<\/strong> Cet assemblage comporte un substrat thermo-d\u00e9compos\u00e9. <strong>Oxyde m\u00e9tallique mixte ruth\u00e9nium-iridium (Ru-Ir)<\/strong> rev\u00eatement. Contrairement aux plaques de titane standard, notre structure de rev\u00eatement \u00e0 l'\u00e9chelle nanom\u00e9trique maximise la surface catalytique, ce qui garantit une \u00e9volution stable du chlore, m\u00eame dans l'eau de mer \u00e0 basse temp\u00e9rature ou \u00e0 faible salinit\u00e9.<\/p>\n<h3>Pourquoi choisir un assemblage fini ?<\/h3>\n<p>En tant que sp\u00e9cialiste <strong>Fabricant d'anodes en titane DSA<\/strong>, Nous ne nous contentons pas de vendre des plaques brutes. Nous fournissons une pile d'\u00e9lectrodes compl\u00e8te, \u201cpr\u00eate \u00e0 l'emploi\u201d.<\/p>\n<ul>\n<li><strong>Int\u00e9gration de la pr\u00e9cision :<\/strong> Nous nous chargeons de l'usinage des plaques de titane, de l'installation de <strong>Entretoises isolantes en PTFE\/PVDF<\/strong>, et le serrage \u00e0 couple contr\u00f4l\u00e9 de <strong>boulons de terminal en titane<\/strong>.<\/li>\n<li><strong>R\u00e9duction des risques :<\/strong> Cette solution pr\u00e9-assembl\u00e9e \u00e9limine le risque de court-circuit caus\u00e9 par des erreurs d'assemblage manuel sur le site.<\/li>\n<li><strong>Maintenance rentable :<\/strong> La conception amovible permet de remplacer ou de r\u00e9nover les plaques individuellement.<\/li>\n<\/ul>\n<h2>Principales sp\u00e9cifications techniques<\/h2>\n<p>Nous d\u00e9finissons nos sp\u00e9cifications sur la base de normes d'essai rigoureuses afin de garantir la transparence.<\/p>\n<table>\n<tbody>\n<tr>\n<th>\u00c9l\u00e9ment de sp\u00e9cification<\/th>\n<th>Valeur (Saltwater Focus)<\/th>\n<th>Note technique<\/th>\n<\/tr>\n<tr>\n<td><strong>Syst\u00e8me de rev\u00eatement<\/strong><\/td>\n<td><strong>Oxyde m\u00e9tallique mixte Ru-Ir<\/strong><\/td>\n<td>Optimis\u00e9 pour l'efficacit\u00e9 de l'\u00e9volution du chlore<\/td>\n<\/tr>\n<tr>\n<td><strong>Mat\u00e9riau du substrat<\/strong><\/td>\n<td><strong>Titane pur Gr1<\/strong><\/td>\n<td>Conforme \u00e0 la norme ASTM B265 ; conductivit\u00e9 sup\u00e9rieure<\/td>\n<\/tr>\n<tr>\n<td><strong>Densit\u00e9 actuelle<\/strong><\/td>\n<td><strong>\u2264 2 000 A\/m\u00b2<\/strong><\/td>\n<td>Recommand\u00e9 : 800-1500 A\/m\u00b2 pour une long\u00e9vit\u00e9 maximale<\/td>\n<\/tr>\n<tr>\n<td><strong>Vie acc\u00e9l\u00e9r\u00e9e<\/strong><\/td>\n<td><strong>&gt; 40 heures<\/strong><\/td>\n<td>Test\u00e9 \u00e0 20 000 A\/m\u00b2, 1mol\/L H\u2082SO\u2084 (NACE TM0108)<\/td>\n<\/tr>\n<tr>\n<td><strong>Efficacit\u00e9 actuelle<\/strong><\/td>\n<td><strong>&gt; 85%<\/strong><\/td>\n<td>Mesur\u00e9 en g\u00e9n\u00e9ration standard d'hypochlorite de sodium<\/td>\n<\/tr>\n<tr>\n<td><strong>Potentiel d'\u00e9volution<\/strong><\/td>\n<td><strong>&lt; 1.13 V<\/strong><\/td>\n<td>vs. SCE ; potentiel plus faible = \u00e9conomies d'\u00e9nergie plus importantes<\/td>\n<\/tr>\n<tr>\n<td><strong>\u00c9paisseur du rev\u00eatement<\/strong><\/td>\n<td><strong>3,0 - 10,0 \u03bcm<\/strong><\/td>\n<td>V\u00e9rifi\u00e9 par analyse XRF ; personnalisable<\/td>\n<\/tr>\n<tr>\n<td><strong>\u00c9cart d'assemblage<\/strong><\/td>\n<td><strong>Sur mesure (Typ. 2-4mm)<\/strong><\/td>\n<td>Tol\u00e9rance CNC contr\u00f4l\u00e9e \u00e0 \u00b10,5 mm<\/td>\n<\/tr>\n<\/tbody>\n<\/table>\n<blockquote><p><em>Note : Pour les environnements avec \u00e9volution de l'oxyg\u00e8ne (par exemple, placage, protection cathodique), veuillez demander notre service d'assistance technique. <strong>Ir-Ta (Iridium-Tantale)<\/strong> s\u00e9rie.<\/em><\/p><\/blockquote>\n<h2>V\u00e9rification des performances (la qualit\u00e9 \u201cinvisible\u201d)<\/h2>\n<p>La qualit\u00e9 d'une anode MMO ne se juge pas uniquement \u00e0 son aspect noir. La qualit\u00e9 r\u00e9side dans la <strong>adh\u00e9rence du rev\u00eatement<\/strong> et <strong>structure cristalline<\/strong>. Voici comment nous validons chaque lot de notre usine de rev\u00eatement :<\/p>\n<h3>Essai de dur\u00e9e de vie acc\u00e9l\u00e9r\u00e9e (NACE TM0108)<\/h3>\n<p>Nous simulons 5 ans d'utilisation en seulement 50 heures de tests extr\u00eames.<\/p>\n<ul>\n<li><strong>Condition d'essai :<\/strong> 1 mol\/L H\u2082SO\u2084 \u00e0 une densit\u00e9 de courant massive de 20 000 A\/m\u00b2.<\/li>\n<li><strong>Notre norme :<\/strong> L'anode doit fonctionner pendant <strong>&gt;40 heures<\/strong> avant l'escalade de la tension. Si un lot \u00e9choue \u00e0 ce test, il est mis au rebut.<\/li>\n<\/ul>\n<h3>Analyse de la microstructure (SEM)<\/h3>\n<p>Notre processus de frittage en plusieurs \u00e9tapes permet d'obtenir une surface uniforme. <strong>\u201cStructure \u201dboue fissur\u00e9e<\/strong>. Cette morphologie est intentionnelle - elle augmente consid\u00e9rablement la surface active, offrant plus de sites catalytiques pour la r\u00e9action de d\u00e9gagement du chlore que les rev\u00eatements lisses et denses.<\/p>\n<h2>Capacit\u00e9s de conception et d'assemblage<\/h2>\n<p>Nous sommes sp\u00e9cialis\u00e9s dans la personnalisation de la pile d'\u00e9lectrodes pour qu'elle corresponde aux dimensions sp\u00e9cifiques de votre cellule d'\u00e9lectrolyse.<\/p>\n<ul>\n<li><strong>Monopolar &amp; Bipolar Design:<\/strong> We can manufacture stacks in Monopolar (parallel connection for high current) or Bipolar (series connection for high voltage) configurations.<\/li>\n<li><strong>Contr\u00f4le pr\u00e9cis de l'\u00e9cart :<\/strong> L'espace entre l'anode et la cathode est essentiel. Nous utilisons des <strong>PTFE (T\u00e9flon)<\/strong> ou <strong>PVDF<\/strong> des entretoises pour maintenir un \u00e9cart constant (par exemple, 3 mm \u00b10,5 mm). Des \u00e9carts uniformes permettent d'\u00e9viter les \u201cpoints chauds\u201d qui entra\u00eenent une d\u00e9faillance localis\u00e9e du rev\u00eatement.<\/li>\n<li><strong>Connexions anticorrosion :<\/strong> Toutes les fixations, y compris les boulons, les \u00e9crous et les rondelles, sont fabriqu\u00e9es en titane de haute qualit\u00e9 afin d'\u00e9liminer les risques de blessures. <strong>corrosion galvanique<\/strong> risques.<\/li>\n<li><strong>Pr\u00eat pour l'inversion de polarit\u00e9 :<\/strong> Pour les chlorateurs autonettoyants, nous adaptons la recette du rev\u00eatement (en ajoutant des stabilisants) pour r\u00e9sister au stress physique des cycles d'inversion de polarit\u00e9.<\/li>\n<\/ul>\n<p><img fetchpriority=\"high\" decoding=\"async\" class=\"alignnone size-full wp-image-1641\" src=\"https:\/\/hontitan.com\/wp-content\/uploads\/2026\/01\/H0cb53da0adae4816bc22cb5d67d499b8l.webp\" alt=\"\" width=\"2350\" height=\"750\" title=\"\" srcset=\"https:\/\/hontitan.com\/wp-content\/uploads\/2026\/01\/H0cb53da0adae4816bc22cb5d67d499b8l.webp 2350w, https:\/\/hontitan.com\/wp-content\/uploads\/2026\/01\/H0cb53da0adae4816bc22cb5d67d499b8l-300x96.webp 300w, https:\/\/hontitan.com\/wp-content\/uploads\/2026\/01\/H0cb53da0adae4816bc22cb5d67d499b8l-1024x327.webp 1024w, https:\/\/hontitan.com\/wp-content\/uploads\/2026\/01\/H0cb53da0adae4816bc22cb5d67d499b8l-768x245.webp 768w, https:\/\/hontitan.com\/wp-content\/uploads\/2026\/01\/H0cb53da0adae4816bc22cb5d67d499b8l-1536x490.webp 1536w, https:\/\/hontitan.com\/wp-content\/uploads\/2026\/01\/H0cb53da0adae4816bc22cb5d67d499b8l-2048x654.webp 2048w, https:\/\/hontitan.com\/wp-content\/uploads\/2026\/01\/H0cb53da0adae4816bc22cb5d67d499b8l-18x6.webp 18w, https:\/\/hontitan.com\/wp-content\/uploads\/2026\/01\/H0cb53da0adae4816bc22cb5d67d499b8l-600x191.webp 600w\" sizes=\"(max-width: 2350px) 100vw, 2350px\" \/><\/p>\n<h2>Applications de base<\/h2>\n<ul>\n<li><strong>G\u00e9n\u00e9rateurs d'hypochlorite de sodium :<\/strong> Pour la d\u00e9sinfection sur site de l'eau potable, des circuits de refroidissement des centrales \u00e9lectriques (antifouling) et le traitement des eaux us\u00e9es des h\u00f4pitaux.<\/li>\n<li><strong>Chlorateurs de piscine :<\/strong> Cellules de remplacement compatibles avec les principales marques ; d\u00e9sinfection s\u00fbre et sans produits chimiques.<\/li>\n<li><strong>\u00c9lectrochloration marine :<\/strong> Performance durable pour les syst\u00e8mes de gestion des eaux de ballast (BWMS) et les plates-formes offshore.<\/li>\n<li><strong>Eaux us\u00e9es industrielles :<\/strong> Efficace pour l'\u00e9limination de l'azote ammoniacal et la d\u00e9gradation de la DCO.<\/li>\n<\/ul>\n<h2>Service de rechargement et de remise \u00e0 neuf<\/h2>\n<p><strong>Prolongez la dur\u00e9e de vie de vos actifs. Ne mettez pas au rebut, recouvrez !<\/strong> Les substrats en titane ont g\u00e9n\u00e9ralement une dur\u00e9e de vie de plusieurs dizaines d'ann\u00e9es par rapport au rev\u00eatement MMO. Au lieu d'acheter des ensembles enti\u00e8rement neufs, envoyez-nous vos plaques anodiques usag\u00e9es.<\/p>\n<ul>\n<li><strong>\u00c9conomies de co\u00fbts :<\/strong> Les co\u00fbts de rechargement s'\u00e9l\u00e8vent \u00e0 environ <strong>40-60%<\/strong> d'une nouvelle anode.<\/li>\n<li><strong>Performance :<\/strong> Restaur\u00e9 \u00e0 l'activit\u00e9 100%, identique \u00e0 une unit\u00e9 neuve.<\/li>\n<li><strong>Le processus :<\/strong>\n<ol>\n<li><strong>Le d\u00e9pouillement :<\/strong> Enl\u00e8vement de l'ancien rev\u00eatement par sel fondu ou sablage.<\/li>\n<li><strong>Gravure :<\/strong> Gravure \u00e0 l'acide pour cr\u00e9er une surface fra\u00eeche et rugueuse.<\/li>\n<li><strong>Recouvrement :<\/strong> Application d'un nouveau nanorev\u00eatement Ru-Ir et frittage.<\/li>\n<li><strong>Test :<\/strong> Validation finale du test XRF et du test de dur\u00e9e de vie.<\/li>\n<\/ol>\n<\/li>\n<\/ul>\n<h2>Foire aux questions (FAQ)<\/h2>\n<p><strong>Q : Quelles sont les informations n\u00e9cessaires pour obtenir un devis pour un assemblage personnalis\u00e9 ?<\/strong><\/p>\n<p>R : Veuillez fournir le <strong>Application<\/strong> (par exemple, l'eau de mer), <strong>Densit\u00e9 actuelle<\/strong> (A\/m\u00b2), <strong>Surface effective\/dimension<\/strong>, ou un simple dessin. En cas de remplacement d'une ancienne pi\u00e8ce, les photos et les num\u00e9ros de mod\u00e8le sont d'une grande utilit\u00e9.<\/p>\n<p><strong>Q : Vos anodes peuvent-elles supporter des cycles d'inversion de polarit\u00e9 (auto-nettoyage) ?<\/strong><\/p>\n<p>R : Oui. Pour les applications n\u00e9cessitant une polarit\u00e9 invers\u00e9e, nous utilisons une formule de rev\u00eatement multicouche sp\u00e9cialis\u00e9e qui renforce le lien entre le substrat et le catalyseur, emp\u00eachant ainsi le d\u00e9tachement.<\/p>\n<p><strong>Q : Comment \u00e9viter les fuites dans l'assemblage ?<\/strong><\/p>\n<p>R : Nous utilisons des joints PVDF \u00e0 haute compression et nous serrons chaque boulon en titane selon une norme sp\u00e9cifique, ce qui garantit l'\u00e9tanch\u00e9it\u00e9 et la solidit\u00e9 structurelle de la cellule \u00e9lectrolytique.<\/p>\n<p><strong>Q : Fournissez-vous une certification d'origine ?<\/strong><\/p>\n<p>R : Oui, en tant que fabricant d'origine, nous fournissons le formulaire E, le certificat d'origine (CO) et les certificats d'essai d'usine (MTC) avec chaque exp\u00e9dition.<\/p>\n<h2>Section de contact<\/h2>\n<h3>Pr\u00eat \u00e0 optimiser votre syst\u00e8me d'\u00e9lectrolyse ?<\/h3>\n<p>Que vous ayez besoin d'un <strong>conception de l'assemblage<\/strong>, une commande group\u00e9e de <strong>Anodes MMO<\/strong>, ou d'un rapport co\u00fbt-efficacit\u00e9 <strong>solution de recouvrement<\/strong>, notre \u00e9quipe d'ing\u00e9nieurs est pr\u00eate \u00e0 vous aider.<\/p>","protected":false},"excerpt":{"rendered":"<ul>\n<li><strong>V\u00e9rifi\u00e9 Dur\u00e9e de vie :<\/strong> Test de dur\u00e9e de vie acc\u00e9l\u00e9r\u00e9e &gt;50 heures (NACE TM0108), \u00e9quivalent \u00e0 une dur\u00e9e de vie de &gt;5 ans.<\/li>\n<li><strong>Haute efficacit\u00e9 :<\/strong> Un rev\u00eatement Ru-Ir optimis\u00e9 avec un faible potentiel d'\u00e9volution du chlore (&lt;1,13V) r\u00e9duit les co\u00fbts \u00e9nerg\u00e9tiques de ~15%.<\/li>\n<li><strong>Pr\u00eat \u00e0 \u00eatre install\u00e9 :<\/strong> Assemblage CNC de pr\u00e9cision avec des entretoises en PTFE et des boulons en titane (tol\u00e9rance \u00b10,5 mm).<\/li>\n<li><strong>Applications :<\/strong> G\u00e9n\u00e9rateurs d'hypochlorite de sodium, chlorateurs d'eau de mer, \u00e9lectrochloration marine.<\/li>\n<li><strong>Services :<\/strong> Conception personnalis\u00e9e, compatible avec la polarit\u00e9 invers\u00e9e, <strong>service de rechapage<\/strong> disponible.<\/li>\n<\/ul>","protected":false},"featured_media":1642,"template":"","meta":[],"product_brand":[],"product_cat":[36],"product_tag":[],"class_list":{"0":"post-1640","1":"product","2":"type-product","3":"status-publish","4":"has-post-thumbnail","6":"product_cat-titanium-electrodes","8":"first","9":"instock","10":"shipping-taxable","11":"product-type-simple"},"_links":{"self":[{"href":"https:\/\/hontitan.com\/fr\/wp-json\/wp\/v2\/product\/1640","targetHints":{"allow":["GET"]}}],"collection":[{"href":"https:\/\/hontitan.com\/fr\/wp-json\/wp\/v2\/product"}],"about":[{"href":"https:\/\/hontitan.com\/fr\/wp-json\/wp\/v2\/types\/product"}],"version-history":[{"count":0,"href":"https:\/\/hontitan.com\/fr\/wp-json\/wp\/v2\/product\/1640\/revisions"}],"wp:featuredmedia":[{"embeddable":true,"href":"https:\/\/hontitan.com\/fr\/wp-json\/wp\/v2\/media\/1642"}],"wp:attachment":[{"href":"https:\/\/hontitan.com\/fr\/wp-json\/wp\/v2\/media?parent=1640"}],"wp:term":[{"taxonomy":"product_brand","embeddable":true,"href":"https:\/\/hontitan.com\/fr\/wp-json\/wp\/v2\/product_brand?post=1640"},{"taxonomy":"product_cat","embeddable":true,"href":"https:\/\/hontitan.com\/fr\/wp-json\/wp\/v2\/product_cat?post=1640"},{"taxonomy":"product_tag","embeddable":true,"href":"https:\/\/hontitan.com\/fr\/wp-json\/wp\/v2\/product_tag?post=1640"}],"curies":[{"name":"wp","href":"https:\/\/api.w.org\/{rel}","templated":true}]}}