{"id":3819,"date":"2026-05-01T09:32:47","date_gmt":"2026-05-01T09:32:47","guid":{"rendered":"https:\/\/hontitan.com\/?post_type=product&#038;p=3819"},"modified":"2026-05-01T09:33:22","modified_gmt":"2026-05-01T09:33:22","slug":"grade-4-medical-titanium-plate-astm-f67","status":"publish","type":"product","link":"https:\/\/hontitan.com\/fr\/product\/grade-4-medical-titanium-plate-astm-f67\/","title":{"rendered":"Plaques et feuilles de titane m\u00e9dical Gr4"},"content":{"rendered":"","protected":false},"excerpt":{"rendered":"<p data-pm-slice=\"1 1 []\">En tant que fabricant sp\u00e9cialis\u00e9 dans les m\u00e9taux de qualit\u00e9 m\u00e9dicale, nous fournissons des produits de premi\u00e8re qualit\u00e9. <strong>Plaque et feuille de titane m\u00e9dical Gr4<\/strong> con\u00e7u pour les applications les plus exigeantes dans le domaine de la sant\u00e9 et de la chirurgie. Largement reconnu comme le plus solide des titanes commercialement purs (CP), le grade 4 offre un \u00e9quilibre optimal entre une r\u00e9sistance m\u00e9canique \u00e9lev\u00e9e et une r\u00e9sistance exceptionnelle aux chocs. <strong>biocompatibilit\u00e9<\/strong>.<\/p>\n<p>Fabriqu\u00e9 dans le strict respect de la <strong>ASTM F67<\/strong> nos feuilles de titane non alli\u00e9 sont totalement exemptes d'\u00e9l\u00e9ments toxiques tels que l'aluminium et le vanadium. Cela garantit une r\u00e9sistance \u00e0 la corrosion et une ost\u00e9o-int\u00e9gration exceptionnelles dans les environnements physiologiques, faisant de nos produits le choix fiable des ing\u00e9nieurs biom\u00e9dicaux et des fabricants de dispositifs m\u00e9dicaux dans le monde entier.<\/p>","protected":false},"featured_media":0,"template":"","meta":[],"product_brand":[],"product_cat":[15,40],"product_tag":[],"class_list":{"0":"post-3819","1":"product","2":"type-product","3":"status-publish","5":"product_cat-titanium-mill-products","6":"product_cat-titanium-plate","8":"first","9":"instock","10":"shipping-taxable","11":"product-type-simple"},"_links":{"self":[{"href":"https:\/\/hontitan.com\/fr\/wp-json\/wp\/v2\/product\/3819","targetHints":{"allow":["GET"]}}],"collection":[{"href":"https:\/\/hontitan.com\/fr\/wp-json\/wp\/v2\/product"}],"about":[{"href":"https:\/\/hontitan.com\/fr\/wp-json\/wp\/v2\/types\/product"}],"version-history":[{"count":2,"href":"https:\/\/hontitan.com\/fr\/wp-json\/wp\/v2\/product\/3819\/revisions"}],"predecessor-version":[{"id":3821,"href":"https:\/\/hontitan.com\/fr\/wp-json\/wp\/v2\/product\/3819\/revisions\/3821"}],"wp:attachment":[{"href":"https:\/\/hontitan.com\/fr\/wp-json\/wp\/v2\/media?parent=3819"}],"wp:term":[{"taxonomy":"product_brand","embeddable":true,"href":"https:\/\/hontitan.com\/fr\/wp-json\/wp\/v2\/product_brand?post=3819"},{"taxonomy":"product_cat","embeddable":true,"href":"https:\/\/hontitan.com\/fr\/wp-json\/wp\/v2\/product_cat?post=3819"},{"taxonomy":"product_tag","embeddable":true,"href":"https:\/\/hontitan.com\/fr\/wp-json\/wp\/v2\/product_tag?post=3819"}],"curies":[{"name":"wp","href":"https:\/\/api.w.org\/{rel}","templated":true}]}}