{"id":1166,"date":"2025-12-09T12:44:37","date_gmt":"2025-12-09T12:44:37","guid":{"rendered":"https:\/\/hontitan.com\/?post_type=product&#038;p=1166"},"modified":"2025-12-09T12:45:13","modified_gmt":"2025-12-09T12:45:13","slug":"custom-grade-5-titanium-brake-rotors","status":"publish","type":"product","link":"https:\/\/hontitan.com\/it\/product\/custom-grade-5-titanium-brake-rotors\/","title":{"rendered":"Rotori dei freni in titanio di grado 5 personalizzati"},"content":{"rendered":"<h2 data-pm-slice=\"1 1 []\">Panoramica del prodotto<\/h2>\n<h3>L'upgrade definitivo per la riduzione delle masse non sospese<\/h3>\n<p>Per gli ingegneri degli sport motoristici e per i marchi di ciclismo ad alte prestazioni, la riduzione del peso \u00e8 fondamentale, ma <em>dove<\/em> \u00e8 il peso che conta di pi\u00f9. I nostri rotori dei freni in titanio di grado 5 (Ti-6Al-4V) offrono una densit\u00e0 di 4,43 g\/cm\u00b3, approssimativamente <strong>42% pi\u00f9 leggero dei rotori standard in acciaio inox 410\/420<\/strong>. Questa significativa riduzione della massa non sospesa si traduce direttamente in una risposta pi\u00f9 rapida delle sospensioni, in una maggiore agilit\u00e0 di guida e in una riduzione degli effetti giroscopici nelle curve ad alta velocit\u00e0.<\/p>\n<p>Che si tratti di una MTB da discesa, di una moto3 da corsa o di un go-kart leggero, questi rotori sono progettati per resistere a carichi meccanici estremi, vantando una resistenza alla trazione di <strong>\u2265895 MPa (130 ksi)<\/strong> secondo gli standard ASTM B265 \/ AMS 4911.<\/p>\n<h3>Progettato per risolvere i problemi di \u201cdeformazione\u201d e \u201cusura\u201d.\u201d<\/h3>\n<p>I problemi comuni del mercato per quanto riguarda i rotori in titanio, in particolare la deformazione a caldo e la formazione di galla sulla superficie, sono risolti grazie al nostro processo di produzione specializzato:<\/p>\n<ol>\n<li><strong>Tecnologia antitaglio:<\/strong> Utilizziamo esclusivamente <strong>Incrociato<\/strong> lastre di Ti-6Al-4V (invece delle pi\u00f9 economiche lastre unidirezionali) seguite da una <strong>Ricottura sotto vuoto<\/strong> processo. In questo modo il materiale possiede propriet\u00e0 isotropiche, evitando l'effetto \u201cpatatina\u201d che spesso si verifica nei prodotti in titanio di qualit\u00e0 inferiore quando vengono esposti a temperature di frenata fino a 500\u00b0C.<\/li>\n<li><strong>Resistenza all'usura e antigrigliatura:<\/strong> Sebbene il titanio grezzo sia relativamente morbido (HV ~320), offriamo un'opzione <strong>Nitrurazione superficiale<\/strong> o <strong>Rivestimenti PVD<\/strong>. Questi trattamenti aumentano la durezza della superficie fino a <strong>HV 500-800+<\/strong>, creando uno strato duro simile alla ceramica, che resiste alla formazione di gocce e prolunga significativamente la durata del rotore in abbinamento a pastiglie organiche\/resina.<\/li>\n<\/ol>\n<p><strong>I principali vantaggi di produzione:<\/strong><\/p>\n<ul>\n<li><strong>Certificazione del materiale:<\/strong> Tutti i rotori sono lavorati da <strong>AMS 4911<\/strong> di livello aerospaziale <a href=\"https:\/\/hontitan.com\/it\/\"  data-wpil-monitor-id=\"25\">piastra in titanio<\/a>, garantendo una resistenza alla fatica superiore rispetto al titanio di grado 2 commerciale.<\/li>\n<li><strong>Rettifica di precisione:<\/strong> La rettifica a doppio disco garantisce parallelismo \u22640,02 mm e planarit\u00e0 <strong>\u22640,05 mm<\/strong> per garantire la coerenza della modulazione e l'assenza di pulsazioni.<\/li>\n<li><strong>Raffreddamento ottimizzato:<\/strong> Schemi di ventilazione personalizzati a getto d'acqua\/taglio laser progettati per massimizzare la superficie, compensando la minore conduttivit\u00e0 termica del titanio.<\/li>\n<li><strong>Tracciabilit\u00e0:<\/strong> Ogni rotore \u00e8 inciso al laser con un numero di lotto unico, completamente riconducibile al certificato MTC (Material Test Certificate) della materia prima.<\/li>\n<\/ul>\n<p><em>(Didascalia: Confronto della microstruttura che mostra la struttura isotropa dei grani delle nostre lastre di titanio laminate trasversalmente, essenziale per la stabilit\u00e0 termica).<\/em><\/p>\n<h2>Caratteristiche tecniche principali<\/h2>\n<p>Le seguenti specifiche rappresentano le nostre capacit\u00e0 standard di lavorazione CNC per <a href=\"https:\/\/hontitan.com\/it\/grade-5-titanium-key-properties-and-unique-benefits\/\"  data-wpil-monitor-id=\"24\">Titanio di grado 5<\/a> rotori. Tolleranze e dimensioni personalizzate sono disponibili su richiesta per progetti OEM.<\/p>\n<table>\n<tbody>\n<tr>\n<th>Voce di capitolato<\/th>\n<th>Standard \/ Valore<\/th>\n<th>Metodo di prova \/ Nota<\/th>\n<\/tr>\n<tr>\n<td><strong>Grado del materiale<\/strong><\/td>\n<td>Ti-6Al-4V (grado 5) Ricotto<\/td>\n<td><strong>AMS 4911<\/strong> \/ ASTM B265<\/td>\n<\/tr>\n<tr>\n<td><strong>Composizione chimica<\/strong><\/td>\n<td>Bilanciamento Ti, Al: 5,5-6,75%, V: 3,5-4,5%<\/td>\n<td>ASTM E2371 (Spettrometria)<\/td>\n<\/tr>\n<tr>\n<td><strong>Densit\u00e0<\/strong><\/td>\n<td>4,43 g\/cm\u00b3<\/td>\n<td>~42% pi\u00f9 leggero dell'acciaio (7,8 g\/cm\u00b3)<\/td>\n<\/tr>\n<tr>\n<td><strong>Resistenza alla trazione<\/strong><\/td>\n<td>\u2265 895 MPa (130 ksi)<\/td>\n<td>ASTM E8<\/td>\n<\/tr>\n<tr>\n<td><strong>Resistenza allo snervamento (offset 0,2%)<\/strong><\/td>\n<td>\u2265 828 MPa (120 ksi)<\/td>\n<td>ASTM E8<\/td>\n<\/tr>\n<tr>\n<td><strong>Allungamento<\/strong><\/td>\n<td>\u2265 10%<\/td>\n<td>ASTM E8<\/td>\n<\/tr>\n<tr>\n<td><strong>Tolleranza di planarit\u00e0<\/strong><\/td>\n<td><strong>\u2264 0,05 mm<\/strong><\/td>\n<td>Finitura rettificata di precisione<\/td>\n<\/tr>\n<tr>\n<td><strong>Tolleranza di scorrimento<\/strong><\/td>\n<td><strong>\u2264 0,10 mm<\/strong><\/td>\n<td>Comparatore (post-lavorazione)<\/td>\n<\/tr>\n<tr>\n<td><strong>Parallelismo (DTV)<\/strong><\/td>\n<td>\u2264 0,02 mm<\/td>\n<td>Impedisce il sussulto dei freni<\/td>\n<\/tr>\n<tr>\n<td><strong>Durezza superficiale (grezza)<\/strong><\/td>\n<td>~ HV 320<\/td>\n<td>Test di durezza Vickers<\/td>\n<\/tr>\n<tr>\n<td>*<em>Durezza superficiale (nitrurato)<\/em><\/td>\n<td><strong>HV 500 - 800<\/strong><\/td>\n<td>*Trattamento superficiale opzionale<\/td>\n<\/tr>\n<tr>\n<td><strong>Ruvidit\u00e0 della superficie<\/strong><\/td>\n<td>Ra 0,4 - 0,8 \u03bcm<\/td>\n<td>Ottimizzato per l'imbottitura del letto<\/td>\n<\/tr>\n<tr>\n<td><strong>Temperatura massima di funzionamento<\/strong><\/td>\n<td>~ 500\u00b0C (932\u00b0F)<\/td>\n<td>Mantiene l'integrit\u00e0 strutturale<\/td>\n<\/tr>\n<\/tbody>\n<\/table>\n<p><em>*Nota: per le applicazioni ad alta intensit\u00e0 (ad esempio, le corse), consigliamo vivamente il trattamento superficiale di nitrurazione per prevenire l'usura adesiva (galling) e garantire la compatibilit\u00e0 con una gamma pi\u00f9 ampia di pastiglie freno.<\/em><\/p>\n<h2>Produzione e assicurazione qualit\u00e0<\/h2>\n<h3>Lavorazione e rettifica CNC di precisione<\/h3>\n<p>La nostra struttura \u00e8 dotata di centri CNC a 5 assi e di rettificatrici specializzate a doppio disco. A differenza dei rotori stampati, che richiedono una raddrizzatura manuale, i nostri rotori sono <strong>lavorati da una lastra solida<\/strong>. Questo processo garantisce la conservazione della struttura della grana del materiale e assicura una qualit\u00e0 dei bordi priva di microfratture.<\/p>\n<h3>Opzioni di ingegneria di superficie<\/h3>\n<p>Forniamo trattamenti superficiali avanzati su misura per le esigenze del vostro marchio:<\/p>\n<ul>\n<li><strong>Nitrurazione (prestazioni):<\/strong> Un processo di diffusione che indurisce lo strato superficiale. Risultato: Finitura grigio carbone, resistenza all'usura superiore e propriet\u00e0 antigrippaggio.<\/li>\n<li><strong>Rivestimento PVD (estetica e protezione dalla luce):<\/strong> La Physical Vapor Deposition aggiunge uno strato decorativo sottile (2-4\u03bcm) e duro. Disponibile in <strong>Oro, Arcobaleno (chiazza di petrolio), Blu e Nero<\/strong>.<\/li>\n<li><strong>Rivestimento ceramico (termico):<\/strong> Rivestimenti speciali a barriera termica disponibili per applicazioni motoristiche estreme per proteggere i cuscinetti delle ruote dal trasferimento di calore.<\/li>\n<\/ul>\n<h3>Protocollo di controllo della qualit\u00e0<\/h3>\n<p>Operiamo nell'ambito di un sistema di gestione della qualit\u00e0 certificato ISO 9001:2015.<\/p>\n<ol>\n<li><strong>Verifica delle materie prime:<\/strong> Analisi spettrometrica e verifica MTC per ogni lastra di titanio.<\/li>\n<li><strong>Ispezione in corso d'opera:<\/strong> Controlli regolari sulla variazione di spessore e sulla smussatura dei fori.<\/li>\n<li><strong>Ispezione finale:<\/strong> Ispezione 100% per la planarit\u00e0 e il runout mediante comparatori digitali.<\/li>\n<\/ol>\n<div><img fetchpriority=\"high\" decoding=\"async\" class=\"alignnone size-full wp-image-1168\" src=\"https:\/\/hontitan.com\/wp-content\/uploads\/2025\/12\/Snipaste_2025-12-09_20-42-59.webp\" alt=\"\" width=\"1402\" height=\"932\" title=\"\" srcset=\"https:\/\/hontitan.com\/wp-content\/uploads\/2025\/12\/Snipaste_2025-12-09_20-42-59.webp 1402w, https:\/\/hontitan.com\/wp-content\/uploads\/2025\/12\/Snipaste_2025-12-09_20-42-59-300x199.webp 300w, https:\/\/hontitan.com\/wp-content\/uploads\/2025\/12\/Snipaste_2025-12-09_20-42-59-1024x681.webp 1024w, https:\/\/hontitan.com\/wp-content\/uploads\/2025\/12\/Snipaste_2025-12-09_20-42-59-768x511.webp 768w, https:\/\/hontitan.com\/wp-content\/uploads\/2025\/12\/Snipaste_2025-12-09_20-42-59-18x12.webp 18w, https:\/\/hontitan.com\/wp-content\/uploads\/2025\/12\/Snipaste_2025-12-09_20-42-59-600x399.webp 600w\" sizes=\"(max-width: 1402px) 100vw, 1402px\" \/><\/div>\n<p><em>(Didascalia: Ogni rotore \u00e8 sottoposto a un rigoroso test di runout per garantire la conformit\u00e0 al nostro standard di tolleranza \u22640,10 mm).<\/em><\/p>\n<h2>Servizi di personalizzazione e OEM<\/h2>\n<p>Siamo specializzati nell'aiutare i marchi aftermarket e i team di gara a portare sul mercato i loro progetti di rotori dei freni.<\/p>\n<h3>Dal CAD al rotore finito<\/h3>\n<ul>\n<li><strong>Supporto alla progettazione:<\/strong> Inviateci i vostri file .DXF, .DWG o .STEP. I nostri ingegneri eseguiranno una revisione DFM (Design for Manufacturing) per ottimizzare i modelli di ritaglio per ridurre il peso e garantire l'integrit\u00e0 strutturale.<\/li>\n<li><strong>Prototipazione:<\/strong> I servizi di prototipazione rapida sono disponibili con un tempo di consegna di appena <strong>7-10 giorni<\/strong>.<\/li>\n<\/ul>\n<h3>Soluzioni a marchio privato<\/h3>\n<p>Costruite il vostro marchio con i nostri servizi white-label:<\/p>\n<ul>\n<li><strong>Incisione laser:<\/strong> Marcatura laser ad alta risoluzione del logo del marchio, dello spessore minimo (Min.THK), delle specifiche di coppia e dei numeri di parte direttamente sul supporto o sulla superficie del rotore.<\/li>\n<li><strong>Imballaggio personalizzato:<\/strong> Offriamo confezioni blister personalizzate, scatole rivestite di schiuma o cartoncini con intestazione con il vostro marchio, pronti per gli scaffali dei negozi.<\/li>\n<\/ul>\n<p><em>(Didascalia: L'incisione laser di precisione consente una marcatura chiara del marchio e delle specifiche).<\/em><\/p>\n<h2>Raccomandazioni per l'applicazione e l'uso<\/h2>\n<p>Per garantire prestazioni e sicurezza ottimali dei rotori dei freni in titanio:<\/p>\n<ul>\n<li><strong>Compatibilit\u00e0 pastiglie freno:<\/strong> Noi <strong>raccomandiamo vivamente<\/strong> utilizzando <strong>Organico<\/strong> o <strong>Resina<\/strong> pastiglie per freni. Queste mescole pi\u00f9 morbide riducono l'usura del rotore e la rumorosit\u00e0. Le pastiglie sinterizzate o semi-metalliche devono essere utilizzate SOLO se il rotore \u00e8 stato sottoposto al trattamento di nitrurazione superficiale.<\/li>\n<li><strong>Procedura di bed-in:<\/strong> I rotori in titanio richiedono un attento processo di bed-in. Eseguire una serie di arresti moderati per riscaldare il rotore e trasferire il materiale delle pastiglie. Evitare di trascinare continuamente i freni durante i primi 50 km.<\/li>\n<li><strong>Hardware:<\/strong> Utilizzare sempre ferramenta di montaggio nuova e assicurarsi che le superfici di montaggio sul mozzo siano perfettamente pulite per evitare problemi di scentratura. Siamo in grado di fornire i pezzi corrispondenti <a href=\"https:\/\/hontitan.com\/it\/product\/grade-5-titanium-wheel-bolts-manufacturer\/\"  data-wpil-monitor-id=\"23\">Bulloni del rotore in titanio di grado 5<\/a> su richiesta.<\/li>\n<\/ul>\n<h2>Domande frequenti (FAQ)<\/h2>\n<p><strong>D: I rotori in titanio si deformano in caso di frenate brusche?<\/strong><\/p>\n<p>R: I rotori in titanio di qualit\u00e0 inferiore realizzati con lastre unidirezionali possono deformarsi. Tuttavia, i nostri rotori sono realizzati in <strong>Lamiere laminate incrociate AMS 4911<\/strong> e subire <strong>Vuoto antistress<\/strong>, che li rende strutturalmente stabili e resistenti alla deformazione anche a temperature di esercizio elevate.<\/p>\n<p><strong>D: I rotori in titanio si usurano pi\u00f9 velocemente di quelli in acciaio?<\/strong><\/p>\n<p>R: Il titanio grezzo \u00e8 pi\u00f9 morbido dell'acciaio. Tuttavia, con la nostra opzione <strong>Trattamento di nitrurazione<\/strong>, La durezza superficiale supera quella dei rotori in acciaio inox standard, garantendo un'eccellente longevit\u00e0 e resistenza all'usura.<\/p>\n<p><strong>D: Potete produrre rotori flottanti?<\/strong><\/p>\n<p>R: S\u00ec, possiamo produrre la superficie frenante in titanio per i rotori flottanti o fornire gruppi completi con supporti in alluminio 7075 e pulsanti\/bobbine in titanio.<\/p>\n<p><strong>D: Qual \u00e8 il MOQ per gli ordini OEM personalizzati?<\/strong> R: Il nostro MOQ \u00e8 flessibile per supportare i marchi in crescita. Partiamo da <strong>10 unit\u00e0<\/strong> per <a href=\"https:\/\/hontitan.com\/it\/product\/gr5-titanium-bicycle-pedal-axle-oem\/\"  data-wpil-monitor-id=\"26\">Lavorazione CNC personalizzata<\/a> progetti.<\/p>\n<h2>Iniziate il vostro progetto personalizzato<\/h2>\n<p>Siete pronti a lanciare la vostra linea di rotori per freni leggeri in titanio? Contattate il nostro team di ingegneri oggi stesso per un preventivo e una revisione DFM.<\/p>","protected":false},"excerpt":{"rendered":"<ul>\n<li><strong>Materiale:<\/strong> AMS 4911 <a href=\"https:\/\/hontitan.com\/it\/product\/m10-titanium-12-point-nut-manufacturer\/\"  data-wpil-monitor-id=\"27\">Grado aerospaziale Ti-6Al-4V<\/a> (laminati incrociati e alleggeriti)<\/li>\n<li><strong>Prestazioni:<\/strong> ~42% pi\u00f9 leggero dell'acciaio inossidabile, riducendo in modo significativo la massa non sospesa<\/li>\n<li><strong>Precisione:<\/strong> Planarit\u00e0 rettificata CNC <strong>\u22640,05 mm<\/strong>, Runout <strong>\u22640,10 mm<\/strong><\/li>\n<li><strong>Opzioni di superficie:<\/strong> Nitrurazione (HV 500+), rivestimento PVD (oro\/nero\/arcobaleno) o ceramica<\/li>\n<li><strong>Servizio:<\/strong> Supporto completo per gli OEM, compresa la progettazione CAD, l'incisione laser e l'etichettatura privata.<\/li>\n<li><strong>Applicazioni:<\/strong> Motorsport, MTB di alta gamma, E-Mobility, Go-Kart<\/li>\n<\/ul>","protected":false},"featured_media":1167,"template":"","meta":[],"product_brand":[],"product_cat":[35],"product_tag":[],"class_list":{"0":"post-1166","1":"product","2":"type-product","3":"status-publish","4":"has-post-thumbnail","6":"product_cat-custom-titanium-parts","8":"first","9":"instock","10":"shipping-taxable","11":"product-type-simple"},"_links":{"self":[{"href":"https:\/\/hontitan.com\/it\/wp-json\/wp\/v2\/product\/1166","targetHints":{"allow":["GET"]}}],"collection":[{"href":"https:\/\/hontitan.com\/it\/wp-json\/wp\/v2\/product"}],"about":[{"href":"https:\/\/hontitan.com\/it\/wp-json\/wp\/v2\/types\/product"}],"version-history":[{"count":1,"href":"https:\/\/hontitan.com\/it\/wp-json\/wp\/v2\/product\/1166\/revisions"}],"predecessor-version":[{"id":1170,"href":"https:\/\/hontitan.com\/it\/wp-json\/wp\/v2\/product\/1166\/revisions\/1170"}],"wp:featuredmedia":[{"embeddable":true,"href":"https:\/\/hontitan.com\/it\/wp-json\/wp\/v2\/media\/1167"}],"wp:attachment":[{"href":"https:\/\/hontitan.com\/it\/wp-json\/wp\/v2\/media?parent=1166"}],"wp:term":[{"taxonomy":"product_brand","embeddable":true,"href":"https:\/\/hontitan.com\/it\/wp-json\/wp\/v2\/product_brand?post=1166"},{"taxonomy":"product_cat","embeddable":true,"href":"https:\/\/hontitan.com\/it\/wp-json\/wp\/v2\/product_cat?post=1166"},{"taxonomy":"product_tag","embeddable":true,"href":"https:\/\/hontitan.com\/it\/wp-json\/wp\/v2\/product_tag?post=1166"}],"curies":[{"name":"wp","href":"https:\/\/api.w.org\/{rel}","templated":true}]}}