{"id":1473,"date":"2025-12-27T15:18:10","date_gmt":"2025-12-27T15:18:10","guid":{"rendered":"https:\/\/hontitan.com\/?post_type=product&#038;p=1473"},"modified":"2025-12-30T03:47:25","modified_gmt":"2025-12-30T03:47:25","slug":"grade-2-titanium-square-bar-10mm-astm-b348","status":"publish","type":"product","link":"https:\/\/hontitan.com\/it\/product\/grade-2-titanium-square-bar-10mm-astm-b348\/","title":{"rendered":"Grado 2 Barra quadrata di titanio 10 mm"},"content":{"rendered":"<h2>Panoramica del prodotto: Lo standard industriale per la resistenza alla corrosione<\/h2>\n<p>Molti ingegneri si trovano di fronte a un dilemma: come bilanciare forza, formabilit\u00e0 e resistenza alla corrosione senza spendere eccessivamente in leghe di grado aerospaziale. <strong>Titanio di grado 2 (UNS R50400)<\/strong> \u00e8 la risposta. Come \u201ccavallo di battaglia\u201d del mercato industriale del titanio, offre la duttilit\u00e0 necessaria per le piegature complesse, rimanendo praticamente immune agli attacchi chimici.<\/p>\n<p>A differenza delle barre standard laminate a caldo, che spesso richiedono un'ampia lavorazione della superficie, le nostre <strong>Barre quadrate da 10 mm \u00d7 10 mm<\/strong> sono prodotti attraverso una rigorosa <strong>Disegno a freddo<\/strong> processo. Ci\u00f2 garantisce una superficie liscia e priva di scaglie e uno stretto controllo dimensionale fin dall'inizio, risparmiando tempo prezioso per l'impostazione su torni svizzeri a controllo numerico o su attrezzature manuali.<\/p>\n<h3>Perch\u00e9 gli ingegneri scelgono la nostra barra Gr2 da 10 mm:<\/h3>\n<ul>\n<li><strong>Pronti per l'automazione:<\/strong> Raggiunge <strong>tolleranza h11 (+0\/-0,09 mm)<\/strong> con rettilineit\u00e0 controllata a \u22641,0 mm\/m, eliminando gli inceppamenti di alimentazione nei caricatori automatici di barre.<\/li>\n<li><strong>Piegare senza rompere:<\/strong> Con un contenuto di ossigeno ottimizzato a ~0,15%, le nostre barre forniscono <strong>Allungamento \u226525%<\/strong>, che consente di realizzare curve a 90\u00b0 strette (raggio 2T), essenziali per la produzione di ganci per cremagliere anodizzati.<\/li>\n<li><strong>Durata prolungata:<\/strong> Controlliamo i livelli di ferro (Fe) per <strong>\u22640,12%<\/strong> (ben al di sotto del limite ASTM di 0,30%). Negli elettroliti acidi caldi, questa maggiore purezza riduce significativamente il tasso di corrosione.<\/li>\n<li><strong>Completamente tracciabile:<\/strong> Nessun metallo misterioso. Ogni mazzo viene fornito con una tracciabilit\u00e0 <strong>EN 10204 3.1 MTC<\/strong>, verificando che sia conforme <a href=\"https:\/\/hontitan.com\/it\/product\/gr5-titanium-bar-ti-6al-4v-ams-4928-astm-b348\/\"  data-wpil-monitor-id=\"148\">ASTM B348<\/a> standard.<\/li>\n<\/ul>\n<blockquote><p><strong>Applicazioni ideali:<\/strong> Cremagliere e dime per anodizzazione, ganci per galvanizzazione, steli di valvole chimiche, elementi di fissaggio marini, maniglie per strumenti medici.<\/p><\/blockquote>\n<h2>Caratteristiche tecniche principali<\/h2>\n<p>Non ci limitiamo a soddisfare la norma ASTM B348, ma puntiamo al livello superiore della specifica per garantire la coerenza della vostra linea di produzione.<\/p>\n<h3>1. Composizione chimica (ASTM B348 Gr2 \/ UNS R50400)<\/h3>\n<table>\n<tbody>\n<tr>\n<th>Elemento<\/th>\n<th>ASTM B348 Limite (max)<\/th>\n<th><strong>Il nostro valore tipico<\/strong><\/th>\n<th><strong>Effetto sulle prestazioni<\/strong><\/th>\n<\/tr>\n<tr>\n<td><strong>Azoto (N)<\/strong><\/td>\n<td>0.03 %<\/td>\n<td><strong>&lt; 0,01 %<\/strong><\/td>\n<td>Un N pi\u00f9 basso migliora la duttilit\u00e0.<\/td>\n<\/tr>\n<tr>\n<td><strong>Carbonio (C)<\/strong><\/td>\n<td>0.08 %<\/td>\n<td><strong>&lt; 0,02 %<\/strong><\/td>\n<td>Il basso C impedisce la formazione di carburo.<\/td>\n<\/tr>\n<tr>\n<td><strong>Idrogeno (H)<\/strong><\/td>\n<td>0.015 %<\/td>\n<td><strong>&lt; 0,005 %<\/strong><\/td>\n<td>L'H bassissimo previene l'infragilimento da idrogeno.<\/td>\n<\/tr>\n<tr>\n<td><strong>Ferro (Fe)<\/strong><\/td>\n<td>0.30 %<\/td>\n<td><strong>~0.12 %<\/strong><\/td>\n<td>Il Fe controllato bilancia forza e resistenza alla corrosione.<\/td>\n<\/tr>\n<tr>\n<td><strong>Ossigeno (O)<\/strong><\/td>\n<td>0.25 %<\/td>\n<td><strong>~0.15 %<\/strong><\/td>\n<td>L'O ottimizzato garantisce resistenza senza fragilit\u00e0.<\/td>\n<\/tr>\n<tr>\n<td><strong>Titanio (Ti)<\/strong><\/td>\n<td>Equilibrio<\/td>\n<td><strong>Equilibrio (~99,6%)<\/strong><\/td>\n<td>Materiale di base.<\/td>\n<\/tr>\n<\/tbody>\n<\/table>\n<h3>2. Propriet\u00e0 meccaniche (ASTM B348 Gr2)<\/h3>\n<table>\n<tbody>\n<tr>\n<th>Propriet\u00e0<\/th>\n<th>ASTM B348 Limite<\/th>\n<th><strong>Il nostro valore tipico<\/strong><\/th>\n<th><strong>Perch\u00e9 \u00e8 importante?<\/strong><\/th>\n<\/tr>\n<tr>\n<td><strong>Resistenza alla trazione (Rm)<\/strong><\/td>\n<td>\u2265 345 MPa (50 ksi)<\/td>\n<td><strong>450 - 520 MPa<\/strong><\/td>\n<td>Garantisce l'affidabilit\u00e0 strutturale delle scaffalature caricate.<\/td>\n<\/tr>\n<tr>\n<td><strong>Resistenza allo snervamento (Rp0,2)<\/strong><\/td>\n<td>275 - 450 MPa<\/td>\n<td><strong>320 - 380 MPa<\/strong><\/td>\n<td>Il \u201cSweet Spot\u201d per la formatura a freddo senza eccessivo ritorno elastico.<\/td>\n<\/tr>\n<tr>\n<td><strong>Allungamento<\/strong><\/td>\n<td>\u2265 20%<\/td>\n<td><strong>28% (media)<\/strong><\/td>\n<td>Critico per piegare ganci\/pinze senza incrinarsi.<\/td>\n<\/tr>\n<tr>\n<td><strong>Riduzione dell'area<\/strong><\/td>\n<td>\u2265 30%<\/td>\n<td><strong>~50%<\/strong><\/td>\n<td>Indica un'eccellente plasticit\u00e0.<\/td>\n<\/tr>\n<tr>\n<td><strong>Durezza (Vickers)<\/strong><\/td>\n<td>&#8211;<\/td>\n<td><strong>160 - 180 HV<\/strong><\/td>\n<td>La durezza moderata consente una lavorazione pi\u00f9 agevole.<\/td>\n<\/tr>\n<\/tbody>\n<\/table>\n<h3>3. Specifiche dimensionali (quadrato da 10 mm)<\/h3>\n<table>\n<tbody>\n<tr>\n<th>Voce di capitolato<\/th>\n<th>Valore standard<\/th>\n<th>Opzione di precisione<\/th>\n<\/tr>\n<tr>\n<td><strong>Larghezza laterale<\/strong><\/td>\n<td><strong>10,0 mm<\/strong><\/td>\n<td>&#8211;<\/td>\n<\/tr>\n<tr>\n<td><strong>Classe di tolleranza<\/strong><\/td>\n<td><strong>h11 (+0 \/ -0,090 mm)<\/strong><\/td>\n<td>h9 (+0 \/ -0,036 mm) su richiesta<\/td>\n<\/tr>\n<tr>\n<td><strong>Raggio d'angolo (R)<\/strong><\/td>\n<td><strong>\u2264 0,5 mm<\/strong> (Sharp)<\/td>\n<td>Raggio personalizzato disponibile<\/td>\n<\/tr>\n<tr>\n<td><strong>Rettilineit\u00e0<\/strong><\/td>\n<td><strong>\u2264 1,0 mm\/m<\/strong><\/td>\n<td>\u2264 0,5 mm\/m<\/td>\n<\/tr>\n<tr>\n<td><strong>Lunghezza standard<\/strong><\/td>\n<td>1000 mm \/ 3000 mm<\/td>\n<td>Taglio a misura<\/td>\n<\/tr>\n<tr>\n<td><strong>Finitura superficiale<\/strong><\/td>\n<td>Decapato all'acido (opaco)<\/td>\n<td>Lucido \/ Sabbiato<\/td>\n<\/tr>\n<\/tbody>\n<\/table>\n<h2>Guida alla fabbricazione: Dalla fabbrica<\/h2>\n<p>La lavorazione del titanio richiede un approccio diverso rispetto all'acciaio o all'alluminio. Ecco i nostri consigli per massimizzare l'efficienza e la durata degli utensili.<\/p>\n<h3>Suggerimenti per la lavorazione CNC<\/h3>\n<p>Il titanio Gr2 \u00e8 morbido ma tende a essere \u201cgommoso\u201d.\u201d<\/p>\n<ul>\n<li><strong>Prevenire la formazione di peli:<\/strong> Utilizzare utensili in carburo affilati e dedicati. Gli utensili opachi causano un immediato indurimento del lavoro.<\/li>\n<li><strong>Gestione del calore:<\/strong> Il titanio \u00e8 un cattivo conduttore di calore. Utilizzare un refrigerante ad alta pressione (non clorurato) per allontanare i trucioli e il calore dal tagliente.<\/li>\n<li><strong>Velocit\u00e0 e alimentazione:<\/strong> Eseguire a velocit\u00e0 inferiori (0,3-0,5 m\/s) ma mantenere un'alimentazione pesante e costante. <em>Non soffermarsi mai sul taglio<\/em>, altrimenti il materiale si indurisce.<\/li>\n<\/ul>\n<h3>Saldatura e anodizzazione<\/h3>\n<ul>\n<li><strong>Saldabilit\u00e0:<\/strong> Le saldature Gr2 sono realizzate con processi TIG (GTAW).\n<ul>\n<li><strong>La regola d'oro:<\/strong> <strong>Pulizia<\/strong>. Prima della saldatura, rimuovere l'olio e le impronte digitali.<\/li>\n<li><strong>Schermatura:<\/strong> Utilizzo <strong>99,999% Argon puro<\/strong> sia per la torcia che per lo scudo di trazione per evitare l'infragilimento (scolorimento).<\/li>\n<\/ul>\n<\/li>\n<li><strong>Anodizzazione:<\/strong> Questa barra \u00e8 ideale per i rack di anodizzazione. Forma uno strato di ossido stabile e conduttivo che resiste all'interruzione della corrente, assicurando una placcatura uniforme sui vostri pezzi.<\/li>\n<\/ul>\n<h3>Formatura e piegatura<\/h3>\n<ul>\n<li><strong>Raggio di curvatura:<\/strong> Un raggio minimo di <strong>2T (20 mm)<\/strong> \u00e8 consigliato per la piegatura a temperatura ambiente per evitare la formazione di crepe superficiali.<\/li>\n<li><strong>Ritorno a molla:<\/strong> Il titanio ha un modulo di elasticit\u00e0 inferiore (105 GPa) rispetto all'acciaio, quindi si prevede un ritorno elastico leggermente maggiore dopo la piegatura rispetto alle barre di acciaio.<\/li>\n<\/ul>\n<h2>Garanzia di qualit\u00e0 e produzione<\/h2>\n<p>Come specialista <strong><a href=\"https:\/\/hontitan.com\/it\/about-us\/\"  data-wpil-monitor-id=\"146\">produttore di titanio<\/a><\/strong>, Il controllo di qualit\u00e0 \u00e8 integrato in ogni fase del nostro processo, non solo verificato alla fine.<\/p>\n<ol>\n<li><a href=\"https:\/\/hontitan.com\/it\/product\/astm-f136-grade-5-eli-titanium-round-bar-supplier\/\"  data-wpil-monitor-id=\"147\">Materia prima: Proveniente da titanio di grado 0 di prima qualit\u00e0<\/a> Spugna, sciolta via <strong>Rifusione ad arco sotto vuoto (VAR)<\/strong> per garantire un'elevata purezza.<\/li>\n<li><strong>Elaborazione:<\/strong> Passaggi multipli di trafilatura a freddo con intermedio <strong>Ricottura sotto vuoto<\/strong> per eliminare lo stress interno.<\/li>\n<li><strong>Prove non distruttive (NDT):<\/strong> 100% <strong>Test a ultrasuoni (UT)<\/strong> secondo <strong>AMS 2631 Classe A\/B<\/strong> garantisce l'assenza di difetti interni.<\/li>\n<li><strong>Ispezione della superficie:<\/strong> Controllare visivamente che la superficie decapata con l'acido sia priva di fessure, di pieghe e di scaglie di ossidazione.<\/li>\n<\/ol>\n<ul>\n<li><strong>Certificati disponibili:<\/strong> ISO 9001, EN 10204 3.1 MTC, conformit\u00e0 RoHS.<\/li>\n<\/ul>\n<h2>Fornitura, imballaggio e servizi<\/h2>\n<p>Siamo consapevoli che gli acquisti B2B richiedono flessibilit\u00e0 e affidabilit\u00e0.<\/p>\n<ul>\n<li><strong>Disponibilit\u00e0 in magazzino:<\/strong> Manteniamo uno stock regolare di <strong>10 mm \u00d7 10 mm<\/strong> barre per la spedizione immediata.<\/li>\n<li><strong>Servizio di taglio a misura:<\/strong> Avete bisogno di lunghezze specifiche (ad esempio, 500 mm)? Offriamo un taglio di precisione con una tolleranza di -0\/+3 mm. Le estremit\u00e0 sono sbavate per sicurezza.<\/li>\n<li><strong>Imballaggio antipiega:<\/strong> Sappiamo che le barre di piccolo diametro possono piegarsi durante il trasporto. Utilizziamo <strong>casse in legno rinforzate<\/strong> con distanziali interni per garantire che arrivino dritti come se fossero usciti dalla nostra fabbrica.<\/li>\n<li><strong>MOQ:<\/strong> Quantit\u00e0 minima d'ordine flessibile. Supportiamo piccoli ordini di prova (ad esempio, 10 kg) per aiutarvi a verificare la nostra qualit\u00e0 prima dell'acquisto in blocco.<\/li>\n<\/ul>\n<h2>Domande frequenti (FAQ)<\/h2>\n<p><strong>D: Sto producendo scaffali per l'anodizzazione. Il grado 2 \u00e8 migliore del grado 5 (TC4)?<\/strong><\/p>\n<p><strong>A:<\/strong> Assolutamente s\u00ec. Mentre il grado 5 \u00e8 pi\u00f9 forte, <a href=\"https:\/\/hontitan.com\/it\/titanium-grade-corrosion-resistance-guide\/\"  data-wpil-monitor-id=\"252\">Il grado 2 offre una resistenza superiore alla corrosione<\/a> e una migliore conducibilit\u00e0 elettrica, fondamentale per un'anodizzazione efficace. Inoltre, il grado 2 \u00e8 molto pi\u00f9 facile da piegare a freddo in ganci.<\/p>\n<p><strong>D: \u00c8 <a href=\"https:\/\/hontitan.com\/it\/grade-2-titanium-properties-applications-guide\/\"  data-wpil-monitor-id=\"144\">Titanio di grado 2<\/a> magnetico?<\/strong><\/p>\n<p><strong>A:<\/strong> No, il titanio di grado 2 non \u00e8 magnetico e quindi \u00e8 ideale per l'uso nei dispositivi medici, nella schermatura delle interferenze elettroniche e negli ambienti di risonanza magnetica.<\/p>\n<p><strong>D: \u00c8 possibile lucidare la superficie? L'immagine mostra un grigio opaco.<\/strong><\/p>\n<p><strong>A:<\/strong> La finitura standard \u00e8 quella decapata acida (opaca), pulita e priva di ossidi. Tuttavia, per strumenti medici o parti estetiche, offriamo <strong>rettifica o lucidatura senza centri<\/strong> per ottenere una finitura brillante e a specchio (Ra &lt; 0,4\u03bcm).<\/p>\n<p><strong>D: Fornite a MTC l'ordine?<\/strong><\/p>\n<p><strong>A:<\/strong> S\u00ec, ogni spedizione \u00e8 accompagnata da un certificato di collaudo completamente tracciabile (EN 10204 3.1) contenente la composizione chimica, le propriet\u00e0 meccaniche e i risultati delle ispezioni.<\/p>\n<h2>Invito all'azione<\/h2>\n<h3>Iniziate il vostro progetto con il titanio certificato di grado 2<\/h3>\n<p>Non scendete a compromessi sulla qualit\u00e0 dei materiali. Ottenete un preventivo direttamente dalla fabbrica con una tracciabilit\u00e0 completa.<\/p>","protected":false},"excerpt":{"rendered":"<ul data-pm-slice=\"3 3 []\">\n<li><strong>Materiale:<\/strong> Commercialmente puro (CP) <a href=\"https:\/\/hontitan.com\/it\/titanium-marine-applications-guide\/\"  data-wpil-monitor-id=\"145\">Titanio grado 2<\/a> (UNS R50400)<\/li>\n<li><strong>Standard:<\/strong> ASTM B348 \/ ASME SB348 \/ DIN 3.7035<\/li>\n<li><strong>Dimensioni:<\/strong> Quadrato 10mm \u00d7 10mm | Tolleranza: h11 (+0\/-0,09mm)<\/li>\n<li><strong>Superficie:<\/strong> Decapato all'acido (grigio opaco) - Pulito e privo di ossido<\/li>\n<li><strong>Caratteristiche principali:<\/strong> Eccellente resistenza alla corrosione e alta duttilit\u00e0 (allungamento \u226525%)<\/li>\n<li><strong>Applicazione:<\/strong> Cremagliere di anodizzazione, elementi di fissaggio chimici, componenti marini<\/li>\n<li><strong>Servizio:<\/strong> <strong>Disponibile con taglio a misura<\/strong>, Tracciabile MTC EN 10204 3.1 incluso<\/li>\n<\/ul>","protected":false},"featured_media":1474,"template":"","meta":[],"product_brand":[],"product_cat":[15,38],"product_tag":[],"class_list":{"0":"post-1473","1":"product","2":"type-product","3":"status-publish","4":"has-post-thumbnail","6":"product_cat-titanium-mill-products","7":"product_cat-titanium-bars","9":"first","10":"instock","11":"shipping-taxable","12":"product-type-simple"},"_links":{"self":[{"href":"https:\/\/hontitan.com\/it\/wp-json\/wp\/v2\/product\/1473","targetHints":{"allow":["GET"]}}],"collection":[{"href":"https:\/\/hontitan.com\/it\/wp-json\/wp\/v2\/product"}],"about":[{"href":"https:\/\/hontitan.com\/it\/wp-json\/wp\/v2\/types\/product"}],"version-history":[{"count":1,"href":"https:\/\/hontitan.com\/it\/wp-json\/wp\/v2\/product\/1473\/revisions"}],"predecessor-version":[{"id":1475,"href":"https:\/\/hontitan.com\/it\/wp-json\/wp\/v2\/product\/1473\/revisions\/1475"}],"wp:featuredmedia":[{"embeddable":true,"href":"https:\/\/hontitan.com\/it\/wp-json\/wp\/v2\/media\/1474"}],"wp:attachment":[{"href":"https:\/\/hontitan.com\/it\/wp-json\/wp\/v2\/media?parent=1473"}],"wp:term":[{"taxonomy":"product_brand","embeddable":true,"href":"https:\/\/hontitan.com\/it\/wp-json\/wp\/v2\/product_brand?post=1473"},{"taxonomy":"product_cat","embeddable":true,"href":"https:\/\/hontitan.com\/it\/wp-json\/wp\/v2\/product_cat?post=1473"},{"taxonomy":"product_tag","embeddable":true,"href":"https:\/\/hontitan.com\/it\/wp-json\/wp\/v2\/product_tag?post=1473"}],"curies":[{"name":"wp","href":"https:\/\/api.w.org\/{rel}","templated":true}]}}