{"id":1100,"date":"2025-12-02T14:03:14","date_gmt":"2025-12-02T14:03:14","guid":{"rendered":"https:\/\/hontitan.com\/?post_type=product&#038;p=1100"},"modified":"2025-12-30T03:48:00","modified_gmt":"2025-12-30T03:48:00","slug":"grade-5-titanium-wheel-bolts-manufacturer","status":"publish","type":"product","link":"https:\/\/hontitan.com\/pt\/product\/grade-5-titanium-wheel-bolts-manufacturer\/","title":{"rendered":"Parafusos de roda em tit\u00e2nio de grau 5"},"content":{"rendered":"<h2 data-pm-slice=\"1 1 []\">Vis\u00e3o geral do produto<\/h2>\n<p>Concebidos para corridas de alto desempenho e afina\u00e7\u00e3o de topo no mercado p\u00f3s-venda, os nossos <strong>Parafusos de roda em tit\u00e2nio de grau 5<\/strong> oferecem o equil\u00edbrio perfeito entre uma engenharia leve e uma seguran\u00e7a sem compromissos. Fabricado a partir de materiais certificados <strong>Ti-6Al-4V (TC4)<\/strong> Com barras de tit\u00e2nio aeroespacial, estes parafusos foram concebidos para suportar as tens\u00f5es extremas da utiliza\u00e7\u00e3o em pista, reduzindo significativamente a massa rotacional.<\/p>\n<p>Ao contr\u00e1rio dos parafusos de a\u00e7o normais, os nossos parafusos de tit\u00e2nio reduzem o peso em <strong>40-45%<\/strong>, O peso n\u00e3o suspenso do ve\u00edculo diminui diretamente. Isto traduz-se numa resposta mais r\u00e1pida da suspens\u00e3o, numa melhor precis\u00e3o de manuseamento e numa din\u00e2mica de acelera\u00e7\u00e3o\/ travagem mais r\u00e1pida. Quer se trate de um autom\u00f3vel de pista dedicado ou de uma constru\u00e7\u00e3o de topo de gama, estes parafusos proporcionam a fiabilidade mec\u00e2nica exigida pelas equipas de corrida profissionais<\/p>\n<p><img fetchpriority=\"high\" decoding=\"async\" class=\"alignnone size-full wp-image-1099\" src=\"https:\/\/hontitan.com\/wp-content\/uploads\/2025\/12\/6.webp\" alt=\"\" width=\"1178\" height=\"680\" title=\"\" srcset=\"https:\/\/hontitan.com\/wp-content\/uploads\/2025\/12\/6.webp 1178w, https:\/\/hontitan.com\/wp-content\/uploads\/2025\/12\/6-300x173.webp 300w, https:\/\/hontitan.com\/wp-content\/uploads\/2025\/12\/6-1024x591.webp 1024w, https:\/\/hontitan.com\/wp-content\/uploads\/2025\/12\/6-768x443.webp 768w, https:\/\/hontitan.com\/wp-content\/uploads\/2025\/12\/6-18x10.webp 18w, https:\/\/hontitan.com\/wp-content\/uploads\/2025\/12\/6-600x346.webp 600w\" sizes=\"(max-width: 1178px) 100vw, 1178px\" \/><\/p>\n<h3>Concebida para seguran\u00e7a e precis\u00e3o<\/h3>\n<p>Utilizamos um <strong>Processo de forjamento a quente<\/strong> para as cabe\u00e7as dos parafusos e <strong>Tecnologia de laminagem de roscas<\/strong> para as roscas. Esta combina\u00e7\u00e3o assegura um fluxo de gr\u00e3o cont\u00ednuo e uma resist\u00eancia superior \u00e0 fadiga, abordando os pontos de falha comuns encontrados em parafusos de tit\u00e2nio mais baratos, maquinados por CNC.<\/p>\n<p><strong>Porqu\u00ea escolher os nossos parafusos de roda em tit\u00e2nio?<\/strong><\/p>\n<ul>\n<li><strong>Certifica\u00e7\u00e3o True Grade 5:<\/strong> Obtido estritamente a partir de barras Ti-6Al-4V em conformidade com a norma ASTM B348. Fornecemos MTC (Certificado de Teste de Material) para cada lote para verificar a composi\u00e7\u00e3o qu\u00edmica (Al 5,5-6,75%, V 3,5-4,5%).<\/li>\n<li><strong>Vida \u00fatil superior \u00e0 fadiga:<\/strong> As cabe\u00e7as forjadas a quente eliminam os espa\u00e7os vazios internos e os aumentos de tens\u00e3o, oferecendo 30% maior resist\u00eancia \u00e0 fadiga do que as cabe\u00e7as maquinadas.<\/li>\n<li><strong>Desempenho Anti-Seize:<\/strong> As roscas laminadas (Classe 6g) proporcionam um acabamento superficial mais suave, reduzindo o risco de escoria\u00e7\u00f5es e assegurando uma aplica\u00e7\u00e3o precisa do bin\u00e1rio.<\/li>\n<li><strong>Adapta\u00e7\u00e3o especial:<\/strong> Dispon\u00edvel em <strong>Cabe\u00e7a plana<\/strong> (com op\u00e7\u00f5es de anilhas flutuantes) para jantes espec\u00edficas do mercado p\u00f3s-venda, bem como assentos Cone (60\u00b0) e Ball standard.<\/li>\n<li><strong>Preparado para OEM:<\/strong> Apoiamos o baixo MOQ (100pcs) para cores PVD personalizadas e grava\u00e7\u00e3o de log\u00f3tipo a laser, ideal para marcas de marca pr\u00f3pria.<\/li>\n<\/ul>\n<h2>Principais especifica\u00e7\u00f5es t\u00e9cnicas<\/h2>\n<p><em>Dados baseados nas normas ASTM B348 e ASTM E8 para tit\u00e2nio de grau 5.<\/em><\/p>\n<table>\n<tbody>\n<tr>\n<th>Especifica\u00e7\u00e3o Item<\/th>\n<th>Valor t\u00e9cnico<\/th>\n<th>M\u00e9todo de ensaio<\/th>\n<th>Nota<\/th>\n<\/tr>\n<tr>\n<td><strong>Grau do material<\/strong><\/td>\n<td>Ti-6Al-4V (Grau 5)<\/td>\n<td>ASTM B348<\/td>\n<td>Grau aeroespacial<\/td>\n<\/tr>\n<tr>\n<td><strong>Resist\u00eancia \u00e0 tra\u00e7\u00e3o<\/strong><\/td>\n<td>\u2265 895 - 1000 MPa<\/td>\n<td>ASTM E8<\/td>\n<td>Compar\u00e1vel ao a\u00e7o de grau 10.9<\/td>\n<\/tr>\n<tr>\n<td><strong>Resist\u00eancia ao escoamento<\/strong><\/td>\n<td>\u2265 825 MPa<\/td>\n<td>ASTM E8<\/td>\n<td>Elevada resist\u00eancia \u00e0 deforma\u00e7\u00e3o<\/td>\n<\/tr>\n<tr>\n<td><strong>Resist\u00eancia ao cisalhamento<\/strong><\/td>\n<td>\u2265 550 MPa<\/td>\n<td>ASTM B565<\/td>\n<td>Cr\u00edtico para os fixadores de rodas<\/td>\n<\/tr>\n<tr>\n<td><strong>Densidade<\/strong><\/td>\n<td>~4,43 g\/cm\u00b3<\/td>\n<td>&#8211;<\/td>\n<td>~45% mais leve do que o a\u00e7o (7,85 g\/cm\u00b3)<\/td>\n<\/tr>\n<tr>\n<td><strong>Dureza<\/strong><\/td>\n<td>30 - 36 HRC<\/td>\n<td>ASTM E18<\/td>\n<td>&#8211;<\/td>\n<\/tr>\n<tr>\n<td><strong>Tipo de rosca<\/strong><\/td>\n<td>M12 \/ M14 (Passo 1,25\/1,5)<\/td>\n<td>ISO 965<\/td>\n<td><strong>Fios laminados<\/strong> (Toler\u00e2ncia 6g)<\/td>\n<\/tr>\n<tr>\n<td><strong>Estilo da cabe\u00e7a<\/strong><\/td>\n<td>Cabe\u00e7a plana \/ Cone (60\u00b0) \/ Esfera (R13\/R14)<\/td>\n<td>&#8211;<\/td>\n<td><strong>Cabe\u00e7a forjada<\/strong><\/td>\n<\/tr>\n<tr>\n<td><strong>Tratamento de superf\u00edcie<\/strong><\/td>\n<td>Polido \/ PVD \/ Anodizado<\/td>\n<td>&#8211;<\/td>\n<td>Dureza PVD &gt; 2000 HV<\/td>\n<\/tr>\n<tr>\n<td><strong>Resist\u00eancia \u00e0 corros\u00e3o<\/strong><\/td>\n<td>Excelente<\/td>\n<td>ASTM G31<\/td>\n<td>Imune ao sal da estrada e \u00e0 \u00e1gua do mar<\/td>\n<\/tr>\n<\/tbody>\n<\/table>\n<h2>Porque \u00e9 que \u201cforjado + laminado\u201d \u00e9 importante para a seguran\u00e7a?<\/h2>\n<p>No mundo dos parafusos para rodas, o m\u00e9todo de fabrico dita a seguran\u00e7a. Evitamos estritamente a produ\u00e7\u00e3o \u201ctotalmente maquinada\u201d para parafusos de suporte de carga.<\/p>\n<h3>1. Cabe\u00e7as forjadas a quente (vs. maquinadas por CNC)<\/h3>\n<p>As nossas cabe\u00e7as de parafuso s\u00e3o formadas por forjamento a quente. Este processo alinha a estrutura do gr\u00e3o da liga de tit\u00e2nio com a forma da cabe\u00e7a.<\/p>\n<ul>\n<li><strong>Benef\u00edcio:<\/strong> Evita a separa\u00e7\u00e3o da cabe\u00e7a sob cargas de impacto ou de tra\u00e7\u00e3o elevadas.<\/li>\n<li><strong>Contraste:<\/strong> A maquinagem CNC corta o fluxo de gr\u00e3o, criando potenciais pontos fracos onde as fissuras se podem propagar.<\/li>\n<\/ul>\n<h3>2. Fios laminados (vs. fios cortados)<\/h3>\n<p>As roscas s\u00e3o formadas por matrizes de lamina\u00e7\u00e3o a frio sob alta press\u00e3o, em vez de cortar o material.<\/p>\n<ul>\n<li><strong>Benef\u00edcio:<\/strong> Este processo endurece a superf\u00edcie da rosca, aumentando a resist\u00eancia ao cisalhamento e a vida \u00e0 fadiga at\u00e9 30%. O acabamento espelhado das roscas laminadas tamb\u00e9m reduz significativamente o atrito e o risco de <strong>irritante<\/strong> (soldadura a frio), um problema comum no tit\u00e2nio.<\/li>\n<\/ul>\n<h2>Personaliza\u00e7\u00e3o e acabamentos de superf\u00edcie<\/h2>\n<p>D\u00ea poder \u00e0 sua marca com as nossas diversas op\u00e7\u00f5es de personaliza\u00e7\u00e3o. Utilizamos <strong>PVD (Deposi\u00e7\u00e3o F\u00edsica de Vapor)<\/strong> para acabamentos em preto e dourado, que oferece uma resist\u00eancia superior ao desgaste em compara\u00e7\u00e3o com a anodiza\u00e7\u00e3o normal.<\/p>\n<ul>\n<li><strong>Polido:<\/strong> Um aspeto espelhado e cl\u00e1ssico do tit\u00e2nio.<\/li>\n<li><strong>Azul queimado:<\/strong> O ic\u00f3nico acabamento gradiente azul-p\u00farpura, obtido atrav\u00e9s de uma anodiza\u00e7\u00e3o precisa.<\/li>\n<li><strong>PVD preto:<\/strong> Um revestimento de carbono tipo diamante para um aspeto discreto e m\u00e1xima resist\u00eancia aos riscos.<\/li>\n<li><strong>PVD dourado:<\/strong> Um acabamento dourado luxuoso e duradouro.<\/li>\n<li><strong>Log\u00f3tipo personalizado:<\/strong> Oferecemos <strong>Grava\u00e7\u00e3o a laser<\/strong> na cabe\u00e7a do parafuso.\n<ul>\n<li><em>MOQ:<\/em> 100 unidades por desenho.<\/li>\n<li><em>Aplica\u00e7\u00e3o:<\/em> Ideal para lojas de tuning e marcas de jantes que pretendam criar uma identidade de marca.<\/li>\n<\/ul>\n<\/li>\n<\/ul>\n<h2>Diretrizes de instala\u00e7\u00e3o e seguran\u00e7a<\/h2>\n<p><em>Os parafusos de tit\u00e2nio requerem pr\u00e1ticas de instala\u00e7\u00e3o corretas para garantir a seguran\u00e7a e o desempenho.<\/em><\/p>\n<h3>Especifica\u00e7\u00f5es de bin\u00e1rio recomendadas<\/h3>\n<p><em>Verificar sempre com o manual do fabricante do ve\u00edculo. N\u00c3O apertar demasiado.<\/em><\/p>\n<table>\n<tbody>\n<tr>\n<th>Tamanho do parafuso<\/th>\n<th>Intervalo de bin\u00e1rio recomendado (seco)<\/th>\n<th>Notas<\/th>\n<\/tr>\n<tr>\n<td><strong>M12 x 1,25 \/ 1,5<\/strong><\/td>\n<td>110 - 130 Nm (80 - 95 ft-lbs)<\/td>\n<td>Comum para JDM e ve\u00edculos mais pequenos<\/td>\n<\/tr>\n<tr>\n<td><strong>M14 x 1,25 \/ 1,5<\/strong><\/td>\n<td>125 - 145 Nm (90 - 105 ft-lbs)<\/td>\n<td>Comum para autom\u00f3veis europeus e de desempenho<\/td>\n<\/tr>\n<\/tbody>\n<\/table>\n<h3>Conselhos cr\u00edticos de instala\u00e7\u00e3o<\/h3>\n<ol>\n<li><strong>Apenas ferramentas manuais:<\/strong> NUNCA utilize uma pistola de impacto (pneum\u00e1tica ou el\u00e9ctrica) para instalar parafusos de tit\u00e2nio. As ferramentas de impacto podem danificar o acabamento e apertar demasiado as roscas.<\/li>\n<li><strong>Composto Anti-Seize:<\/strong> Recomendamos a aplica\u00e7\u00e3o de uma pequena quantidade de antigripante \u00e0 base de cobre ou n\u00edquel nas roscas para evitar escoria\u00e7\u00f5es. <em>Nota: Se utilizar antigripante, reduza as defini\u00e7\u00f5es de bin\u00e1rio em ~10-15%, uma vez que actua como lubrificante.<\/em><\/li>\n<li><strong>Verificar Tipo de assento:<\/strong> Certifique-se de que o assento do parafuso (Cone\/Bola\/Flat) corresponde perfeitamente \u00e0 sua roda. A utiliza\u00e7\u00e3o de um tipo de assento incorreto (por exemplo, um parafuso c\u00f3nico numa roda com assento esf\u00e9rico) pode provocar um afrouxamento e a avaria da roda.<\/li>\n<\/ol>\n<h2>Garantia de qualidade<\/h2>\n<p>A qualidade \u00e9 o nosso ponto de partida. Cada lote de parafusos de roda em tit\u00e2nio \u00e9 submetido a testes rigorosos antes do envio.<\/p>\n<ul>\n<li><strong>Verifica\u00e7\u00e3o de materiais:<\/strong> An\u00e1lise espectrosc\u00f3pica para confirmar a composi\u00e7\u00e3o do Ti-6Al-4V.<\/li>\n<li><strong>Ensaios mec\u00e2nicos:<\/strong> Ensaios de tra\u00e7\u00e3o e de prova de carga de acordo com a norma ASTM E8.<\/li>\n<li><strong>Controlo dimensional:<\/strong> Inspe\u00e7\u00e3o da rosca 100% utilizando calibres Go\/No-Go (toler\u00e2ncia de 6g).<\/li>\n<li><strong>MTC Fornecido:<\/strong> Cada encomenda por grosso inclui um certificado de ensaio do material para o seu arquivo t\u00e9cnico.<\/li>\n<\/ul>\n<h2>Perguntas frequentes (FAQ)<\/h2>\n<p><strong>P: Os parafusos de tit\u00e2nio de grau 5 s\u00e3o suficientemente fortes para as corridas?<\/strong><\/p>\n<p>R: Sim. O Grau 5 (Ti-6Al-4V) tem uma resist\u00eancia \u00e0 tra\u00e7\u00e3o superior a 895 MPa, que \u00e9 compar\u00e1vel \u00e0 dos parafusos de a\u00e7o de Grau 10.9 habitualmente utilizados em aplica\u00e7\u00f5es autom\u00f3veis. O nosso processo de produ\u00e7\u00e3o forjado garante ainda que cumprem os requisitos de fadiga dos ambientes de competi\u00e7\u00e3o.<\/p>\n<p><strong>P: Os parafusos de tit\u00e2nio enferrujam no inverno?<\/strong><\/p>\n<p>R: N\u00e3o. O tit\u00e2nio \u00e9 praticamente imune \u00e0 corros\u00e3o provocada pelos sais da estrada, neve e \u00e1gua. Ao contr\u00e1rio dos parafusos de a\u00e7o, que enferrujam e ficam presos ao longo do tempo, o tit\u00e2nio permanece livre de corros\u00e3o durante toda a vida \u00fatil do ve\u00edculo.<\/p>\n<p><strong>P: Qual \u00e9 o prazo de entrega para cores PVD personalizadas (por exemplo, preto\/ouro)?<\/strong><\/p>\n<p>R: Para encomendas inferiores a 500 pe\u00e7as, o prazo de entrega \u00e9, normalmente, de 7 a 12 dias. O revestimento PVD requer o processamento em lotes para garantir a consist\u00eancia da cor.<\/p>\n<p><strong>P: Disponibilizam parafusos de \u201ccabe\u00e7a chata\u201d com anilhas?<\/strong><\/p>\n<p>R: Sim. Conforme indicado nas nossas especifica\u00e7\u00f5es, fabricamos parafusos de cabe\u00e7a chata, frequentemente utilizados com <strong>anilhas flutuantes<\/strong> para jantes espec\u00edficas do mercado p\u00f3s-venda (como as jantes Peugeot\/Citroen ou jantes forjadas especializadas). O design da anilha flutuante ajuda a proteger o acabamento da pintura da roda durante o aperto.<\/p>\n<p><strong>P: Posso obter um kit de amostra antes de efetuar uma encomenda em massa?<\/strong><\/p>\n<p>R: Sem d\u00favida. Disponibilizamos um kit de amostras com parafusos M12\/M14 em diferentes cores\/assentos para que possa verificar o peso, a qualidade da rosca e o acabamento. <a href=\"https:\/\/hontitan.com\/pt\/contact-us\/\"  data-wpil-monitor-id=\"285\">Contactar-nos<\/a> para solicitar o seu.<\/p>","protected":false},"excerpt":{"rendered":"<ul data-pm-slice=\"3 3 []\">\n<li><strong>Material:<\/strong> Tit\u00e2nio aeroespacial de grau 5 (Ti-6Al-4V) | ASTM B348<\/li>\n<li><strong>For\u00e7a:<\/strong> Resist\u00eancia \u00e0 tra\u00e7\u00e3o \u2265 895 MPa (equivalente ao a\u00e7o de grau 10.9)<\/li>\n<li><strong>Peso:<\/strong> 45% mais leve do que os parafusos de a\u00e7o - Reduz a massa n\u00e3o suspensa<\/li>\n<li><strong>Tecnologia:<\/strong> Cabe\u00e7as forjadas a quente + roscas laminadas (classe 6g)<\/li>\n<li><strong>Especifica\u00e7\u00f5es:<\/strong> M12 \/ M14 | Passo 1,25\/1,5 | Assento plano \/ c\u00f3nico \/ esf\u00e9rico<\/li>\n<li><strong>Acabamento:<\/strong> Polido, azul queimado, preto (PVD), dourado (PVD)<\/li>\n<li><strong>Servi\u00e7o:<\/strong> Grava\u00e7\u00e3o do log\u00f3tipo a laser dispon\u00edvel | MOQ 100pcs<\/li>\n<\/ul>","protected":false},"featured_media":1098,"template":"","meta":[],"product_brand":[],"product_cat":[32],"product_tag":[],"class_list":{"0":"post-1100","1":"product","2":"type-product","3":"status-publish","4":"has-post-thumbnail","6":"product_cat-titanium-fasteners","8":"first","9":"instock","10":"shipping-taxable","11":"product-type-simple"},"_links":{"self":[{"href":"https:\/\/hontitan.com\/pt\/wp-json\/wp\/v2\/product\/1100","targetHints":{"allow":["GET"]}}],"collection":[{"href":"https:\/\/hontitan.com\/pt\/wp-json\/wp\/v2\/product"}],"about":[{"href":"https:\/\/hontitan.com\/pt\/wp-json\/wp\/v2\/types\/product"}],"version-history":[{"count":0,"href":"https:\/\/hontitan.com\/pt\/wp-json\/wp\/v2\/product\/1100\/revisions"}],"wp:featuredmedia":[{"embeddable":true,"href":"https:\/\/hontitan.com\/pt\/wp-json\/wp\/v2\/media\/1098"}],"wp:attachment":[{"href":"https:\/\/hontitan.com\/pt\/wp-json\/wp\/v2\/media?parent=1100"}],"wp:term":[{"taxonomy":"product_brand","embeddable":true,"href":"https:\/\/hontitan.com\/pt\/wp-json\/wp\/v2\/product_brand?post=1100"},{"taxonomy":"product_cat","embeddable":true,"href":"https:\/\/hontitan.com\/pt\/wp-json\/wp\/v2\/product_cat?post=1100"},{"taxonomy":"product_tag","embeddable":true,"href":"https:\/\/hontitan.com\/pt\/wp-json\/wp\/v2\/product_tag?post=1100"}],"curies":[{"name":"wp","href":"https:\/\/api.w.org\/{rel}","templated":true}]}}