{"id":1171,"date":"2025-12-09T13:35:55","date_gmt":"2025-12-09T13:35:55","guid":{"rendered":"https:\/\/hontitan.com\/?post_type=product&#038;p=1171"},"modified":"2026-01-29T03:23:46","modified_gmt":"2026-01-29T03:23:46","slug":"outdoor-titanium-camping-cups","status":"publish","type":"product","link":"https:\/\/hontitan.com\/pt\/product\/outdoor-titanium-camping-cups\/","title":{"rendered":"Copos de campismo de tit\u00e2nio para exterior"},"content":{"rendered":"<h2 data-pm-slice=\"1 1 []\">Vis\u00e3o geral do produto<\/h2>\n<p>Concebidos para o mercado profissional de mochilas ultraleves, os nossos copos de campismo em tit\u00e2nio oferecem uma vantagem cr\u00edtica em termos de peso.<strong>45%<\/strong> mais leve do que o a\u00e7o inoxid\u00e1vel 304 <strong>equivalentes<\/strong>-sem comprometer a integridade estrutural.<\/p>\n<p>Fabricamos estes copos utilizando <strong>Tit\u00e2nio puro ASTM B265 Grau 1 (TA1)<\/strong>. Ao contr\u00e1rio das ligas de Grau 2 ou TC4, o Grau 1 oferece uma ductilidade superior, permitindo-nos utilizar <strong>tecnologia de estampagem profunda<\/strong> para obter uma espessura de parede uniforme de <strong>0,4 mm<\/strong>. Este processo elimina o risco de microfissuras, frequentemente encontradas em ligas mais duras, e garante uma superf\u00edcie lisa e sem defeitos, ideal para uma marca de qualidade superior.<\/p>\n<p><strong>Principais vantagens t\u00e9cnicas:<\/strong><\/p>\n<ul>\n<li><strong>Seguran\u00e7a sem solda<\/strong>: Utilizamos <strong>soldadura por laser de autofluxo<\/strong> para fixar as pegas. Esta constru\u00e7\u00e3o sem rebites elimina as zonas mortas de higiene (armadilhas de sujidade) e evita rigorosamente os riscos de metais pesados (chumbo\/c\u00e1dmio) associados \u00e0s soldas de brasagem tradicionais.<\/li>\n<li><strong>Efici\u00eancia log\u00edstica<\/strong>: O nosso <strong>\u201cSistema de encaixe 3 em 1\u201d<\/strong> (300 ml cabem dentro de 450 ml, que cabem dentro de 750 ml) foi concebido para maximizar o espa\u00e7o do contentor, reduzindo potencialmente o volume de envio at\u00e9 <strong>30%<\/strong>.<\/li>\n<li><strong>Pureza do sabor<\/strong>: A camada de \u00f3xido TiO2, naturalmente est\u00e1vel, do tit\u00e2nio \u00e9 biologicamente inerte. Garante a n\u00e3o transfer\u00eancia de qualquer sabor met\u00e1lico, mesmo quando cont\u00e9m l\u00edquidos \u00e1cidos como caf\u00e9, vinho ou sumo de lim\u00e3o.<\/li>\n<li><strong>Acabamento duradouro<\/strong>: Dispon\u00edvel em acabamentos de jato de areia a v\u00e1cuo a alta temperatura ou cristalino (Ice Flower) para resistir a impress\u00f5es digitais e riscos em ambientes exteriores dif\u00edceis.<\/li>\n<\/ul>\n<p><img fetchpriority=\"high\" decoding=\"async\" class=\"alignnone size-full wp-image-1173\" src=\"https:\/\/hontitan.com\/wp-content\/uploads\/2025\/12\/2-scaled.webp\" alt=\"\" width=\"2560\" height=\"686\" title=\"\" srcset=\"https:\/\/hontitan.com\/wp-content\/uploads\/2025\/12\/2-scaled.webp 2560w, https:\/\/hontitan.com\/wp-content\/uploads\/2025\/12\/2-300x80.webp 300w, https:\/\/hontitan.com\/wp-content\/uploads\/2025\/12\/2-1024x274.webp 1024w, https:\/\/hontitan.com\/wp-content\/uploads\/2025\/12\/2-768x206.webp 768w, https:\/\/hontitan.com\/wp-content\/uploads\/2025\/12\/2-1536x412.webp 1536w, https:\/\/hontitan.com\/wp-content\/uploads\/2025\/12\/2-2048x549.webp 2048w, https:\/\/hontitan.com\/wp-content\/uploads\/2025\/12\/2-18x5.webp 18w, https:\/\/hontitan.com\/wp-content\/uploads\/2025\/12\/2-600x161.webp 600w\" sizes=\"(max-width: 2560px) 100vw, 2560px\" \/><\/p>\n<h2>Principais especifica\u00e7\u00f5es t\u00e9cnicas<\/h2>\n<p><em>Nota:<\/em> As especifica\u00e7\u00f5es abaixo reflectem as nossas <em>moldes de produ\u00e7\u00e3o padr\u00e3o. As dimens\u00f5es personalizadas est\u00e3o dispon\u00edveis atrav\u00e9s do nosso servi\u00e7o de desenvolvimento de moldes OEM.<\/em><\/p>\n<h3>Dimens\u00f5es e peso padr\u00e3o (s\u00e9rie de parede simples)<\/h3>\n<table>\n<tbody>\n<tr>\n<th>Capacidade<\/th>\n<th>Dimens\u00f5es (P x A)<\/th>\n<th>Peso (\u00b12g)<\/th>\n<th>Espessura da parede<\/th>\n<th>Tipo de pega<\/th>\n<\/tr>\n<tr>\n<td><strong>300ml<\/strong><\/td>\n<td>\u03a670mm x 80mm<\/td>\n<td>~55g<\/td>\n<td>0,4 mm<\/td>\n<td>Pega dobr\u00e1vel em D<\/td>\n<\/tr>\n<tr>\n<td><strong>450ml<\/strong> (Best Seller)<\/td>\n<td>\u03a680mm x 90mm<\/td>\n<td>~68g<\/td>\n<td>0,4 mm<\/td>\n<td>Pega dobr\u00e1vel em D<\/td>\n<\/tr>\n<tr>\n<td><strong>600ml<\/strong><\/td>\n<td>\u03a690mm x 100mm<\/td>\n<td>~95g<\/td>\n<td>0,5 mm<\/td>\n<td>Pega dobr\u00e1vel em D<\/td>\n<\/tr>\n<tr>\n<td><strong>750ml<\/strong> (Tipo de panela)<\/td>\n<td>\u03a695mm x 110mm<\/td>\n<td>~110g<\/td>\n<td>0,5 mm<\/td>\n<td>Pega dobr\u00e1vel em D + fivela<\/td>\n<\/tr>\n<\/tbody>\n<\/table>\n<h3>Dados de desempenho do material<\/h3>\n<table>\n<tbody>\n<tr>\n<th>Im\u00f3veis<\/th>\n<th>Valor \/ Padr\u00e3o<\/th>\n<th>M\u00e9todo de ensaio<\/th>\n<th>Nota B2B<\/th>\n<\/tr>\n<tr>\n<td><strong>Grau do material<\/strong><\/td>\n<td><a href=\"https:\/\/hontitan.com\/pt\/titanium-grade\/\" data-wpil-monitor-id=\"31\">Tit\u00e2nio puro de grau 1<\/a> (TA1)<\/td>\n<td>ASTM B265<\/td>\n<td>Teor de ferro \u2264 0,20%<\/td>\n<\/tr>\n<tr>\n<td><strong>Resist\u00eancia \u00e0 tra\u00e7\u00e3o<\/strong><\/td>\n<td>\u2265 240 MPa<\/td>\n<td>ASTM E8<\/td>\n<td>Optimizado para a estampagem profunda<\/td>\n<\/tr>\n<tr>\n<td><strong>For\u00e7a de tra\u00e7\u00e3o do punho<\/strong><\/td>\n<td>\u2265 15 kg (carga est\u00e1tica)<\/td>\n<td>Teste interno<\/td>\n<td>Verificado para cada lote<\/td>\n<\/tr>\n<tr>\n<td><strong>Lan\u00e7amento de Heavy Metal<\/strong><\/td>\n<td>N\u00e3o detectado (&lt;0,01 mg\/kg)<\/td>\n<td>LFGB \/ FDA<\/td>\n<td>Relat\u00f3rios dispon\u00edveis abaixo<\/td>\n<\/tr>\n<\/tbody>\n<\/table>\n<h2>Fabrico e garantia de qualidade<\/h2>\n<p>Como fabricante de origem, mantemos um controlo rigoroso sobre toda a <a href=\"https:\/\/hontitan.com\/pt\/titanium-products-shipping\/\" data-wpil-monitor-id=\"32\">ciclo de vida da produ\u00e7\u00e3o - do tit\u00e2nio<\/a> fus\u00e3o da esponja at\u00e9 \u00e0 embalagem final - para garantir a consist\u00eancia dos lotes.<\/p>\n<h3>Conformidade e testes de seguran\u00e7a<\/h3>\n<p>Compreendemos que a seguran\u00e7a n\u00e3o \u00e9 negoci\u00e1vel para os produtos que entram em contacto com os alimentos. Os nossos <a href=\"https:\/\/hontitan.com\/pt\/is-titanium-cookware-safe\/\" data-wpil-monitor-id=\"30\">utens\u00edlios de cozinha em tit\u00e2nio<\/a> \u00e9 verificado por laborat\u00f3rios terceiros acreditados (SGS \/ T\u00dcV) e cumpre:<\/p>\n<ul>\n<li><strong>Norma americana<\/strong>: <strong>FDA<\/strong> 21 <strong>CFR 175.300<\/strong> (Revestimentos resinosos e polim\u00e9ricos \/ Pureza dos metais).<\/li>\n<li><strong>Norma da UE<\/strong>: <strong>Sec\u00e7\u00e3o 30\/31 da LFGB<\/strong> e CM\/Res(2013)9 para a migra\u00e7\u00e3o de metais pesados.<\/li>\n<li><strong>Calif\u00f3rnia Prop 65<\/strong>: Certificado de aus\u00eancia de chumbo e c\u00e1dmio.<\/li>\n<\/ul>\n<h3>Protocolos de inspe\u00e7\u00e3o da qualidade<\/h3>\n<ul>\n<li><strong>Teste de fuga de v\u00e1cuo<\/strong>: Teste 100% para copos de parede dupla para garantir o desempenho do isolamento.<\/li>\n<li><strong>Teste de carga do punho<\/strong>: Amostragem aleat\u00f3ria para resistir a uma for\u00e7a de tra\u00e7\u00e3o \u226515kg, garantindo a sua durabilidade.<\/li>\n<li><strong>Inspe\u00e7\u00e3o visual<\/strong>: Verifica a exist\u00eancia de textura \u201ccasca de laranja\u201d ou defeitos de soldadura com uma amplia\u00e7\u00e3o de 10x.<\/li>\n<\/ul>\n<p><iframe title=\"Copos de campismo de tit\u00e2nio para exterior\" width=\"563\" height=\"1000\" src=\"https:\/\/www.youtube.com\/embed\/auUlu3MDTWA?feature=oembed\" frameborder=\"0\" allow=\"accelerometer; autoplay; clipboard-write; encrypted-media; gyroscope; picture-in-picture; web-share\" referrerpolicy=\"strict-origin-when-cross-origin\" allowfullscreen><\/iframe><\/p>\n<h2>Servi\u00e7os de personaliza\u00e7\u00e3o e embalagem<\/h2>\n<p>Oferecemos solu\u00e7\u00f5es abrangentes de OEM\/ODM adaptadas a marcas de equipamento para actividades ao ar livre, grossistas e compradores de brindes para empresas.<\/p>\n<h3>Op\u00e7\u00f5es de marca<\/h3>\n<ul>\n<li><strong>Grava\u00e7\u00e3o a laser<\/strong>: Marca\u00e7\u00e3o de alta precis\u00e3o (exatid\u00e3o 0,05 mm) para o seu log\u00f3tipo.\n<ul>\n<li><em>Localiza\u00e7\u00f5es<\/em>: Corpo do copo (frente\/tr\u00e1s), fundo do copo (exterior) ou pega.<\/li>\n<li><em>Formatos<\/em>: Aceitamos ficheiros AI, PDF e EPS.<\/li>\n<\/ul>\n<\/li>\n<li><strong>Acabamentos de superf\u00edcie<\/strong>:\n<ul>\n<li><strong>Jato de areia<\/strong>: Cinzento mate padr\u00e3o, textura antiderrapante (Ra ~2,0\u03bcm).<\/li>\n<li><strong>Cristalino (Flor de Gelo)<\/strong>: Acabamento de qualidade superior com texturas de cristais naturais formadas a altas temperaturas; oculta eficazmente as impress\u00f5es digitais.<\/li>\n<li><strong>Cor anodizada<\/strong>: Azul, roxo, dourado ou arco-\u00edris (camada de \u00f3xido f\u00edsico, sem pigmentos qu\u00edmicos).<\/li>\n<\/ul>\n<\/li>\n<\/ul>\n<p><img decoding=\"async\" class=\"alignnone size-full wp-image-1174\" src=\"https:\/\/hontitan.com\/wp-content\/uploads\/2025\/12\/Titanium-Camping-Cups-in-grass-side-views-scaled.webp\" alt=\"\" width=\"2560\" height=\"1075\" title=\"\" srcset=\"https:\/\/hontitan.com\/wp-content\/uploads\/2025\/12\/Titanium-Camping-Cups-in-grass-side-views-scaled.webp 2560w, https:\/\/hontitan.com\/wp-content\/uploads\/2025\/12\/Titanium-Camping-Cups-in-grass-side-views-300x126.webp 300w, https:\/\/hontitan.com\/wp-content\/uploads\/2025\/12\/Titanium-Camping-Cups-in-grass-side-views-1024x430.webp 1024w, https:\/\/hontitan.com\/wp-content\/uploads\/2025\/12\/Titanium-Camping-Cups-in-grass-side-views-768x322.webp 768w, https:\/\/hontitan.com\/wp-content\/uploads\/2025\/12\/Titanium-Camping-Cups-in-grass-side-views-1536x645.webp 1536w, https:\/\/hontitan.com\/wp-content\/uploads\/2025\/12\/Titanium-Camping-Cups-in-grass-side-views-2048x860.webp 2048w, https:\/\/hontitan.com\/wp-content\/uploads\/2025\/12\/Titanium-Camping-Cups-in-grass-side-views-18x8.webp 18w, https:\/\/hontitan.com\/wp-content\/uploads\/2025\/12\/Titanium-Camping-Cups-in-grass-side-views-600x252.webp 600w\" sizes=\"(max-width: 2560px) 100vw, 2560px\" \/><\/p>\n<p>[Imagem de exemplos de grava\u00e7\u00e3o a laser de log\u00f3tipo personalizado].<\/p>\n<h3>Solu\u00e7\u00f5es de embalagem<\/h3>\n<ul>\n<li><strong>Pronto para o retalho<\/strong>: Caixas personalizadas a cores ou caixas kraft com c\u00f3digo de barras\/etiquetagem SKU (compat\u00edvel com Amazon FBA).<\/li>\n<li><strong>Acess\u00f3rios<\/strong>: Podem ser inclu\u00eddos no conjunto sacos de rede opcionais (com cord\u00e3o), protectores labiais de silicone (anti-queimadura) e tampas de tit\u00e2nio.<\/li>\n<\/ul>\n<h2>Guia de aplica\u00e7\u00e3o e utiliza\u00e7\u00e3o<\/h2>\n<h3>Instru\u00e7\u00f5es de aquecimento<\/h3>\n<ul>\n<li><strong>Copos de parede simples<\/strong>: Seguro para fontes de calor diretas, incluindo fogueiras, fog\u00f5es de latas e fog\u00f5es de indu\u00e7\u00e3o. Ideal para ferver \u00e1gua ou cozinhar refei\u00e7\u00f5es simples.<\/li>\n<li><strong>Copos de parede dupla<\/strong>: <strong>Estritamente<\/strong> N\u00c3O direto <strong>aquecimento<\/strong>. A expans\u00e3o do ar na camada de v\u00e1cuo selada cria um risco de deforma\u00e7\u00e3o ou explos\u00e3o.<\/li>\n<\/ul>\n<h3>O fen\u00f3meno \u201cTitanium Blue<\/h3>\n<p>Ao ser aquecido, o tit\u00e2nio pode mudar naturalmente de cor para dourado, roxo ou azul. Esta \u00e9 uma <strong>n\u00e3o t\u00f3xico<\/strong> f\u00edsico <strong>rea\u00e7\u00e3o<\/strong> (espessamento da camada de \u00f3xido) e n\u00e3o afecta a seguran\u00e7a ou o desempenho. \u00c9 muitas vezes considerada uma carater\u00edstica est\u00e9tica dos equipamentos de tit\u00e2nio de alta qualidade.<\/p>\n<h2>Perguntas frequentes (FAQ)<\/h2>\n<p><strong>Q:<\/strong> Qual \u00e9 o MOQ para <strong>grava\u00e7\u00e3o de log\u00f3tipo personalizado?<\/strong><\/p>\n<p>R: Para artigos em stock (acabamento normal com jato de areia), o MOQ \u00e9 <strong>50 unidades<\/strong>. Para tamanhos totalmente personalizados ou cores anodizadas especiais, o MOQ come\u00e7a normalmente em 500 unidades.<\/p>\n<p><strong>Q: <a href=\"https:\/\/hontitan.com\/pt\/titanium-cup-safety-guide\/\" data-wpil-monitor-id=\"28\">O tit\u00e2nio \u00e9 seguro?<\/a> para bebidas \u00e1cidas como sumo de lim\u00e3o ou vinho?<\/strong><\/p>\n<p>R: Sim. O tit\u00e2nio \u00e9 biologicamente inerte e altamente resistente \u00e0 corros\u00e3o. N\u00e3o reage com \u00e1cidos ou \u00e1lcalis, assegurando que n\u00e3o tem sabor met\u00e1lico ou lixivia\u00e7\u00e3o de metais pesados, ao contr\u00e1rio do alum\u00ednio ou do a\u00e7o de baixa qualidade.<\/p>\n<p><strong>Q:<\/strong> Porque \u00e9 que se utiliza o tit\u00e2nio de grau 1? <strong>do grau 2?<\/strong><\/p>\n<p>R: O grau 1 (TA1) tem a ductilidade mais elevada, o que \u00e9 essencial para o nosso processo de estampagem profunda de paredes finas. O grau 2 \u00e9 mais duro e mais propenso a fissuras durante a conforma\u00e7\u00e3o, o que o torna menos adequado para o fabrico de copos de alta qualidade.<\/p>\n<p><strong>Q:<\/strong> Posso obter um kit de amostra antes de efetuar uma encomenda em massa?<\/p>\n<p>R: Sim, oferecemos kits de amostras com copos de 300 ml, 450 ml e 750 ml com diferentes acabamentos de superf\u00edcie para o ajudar a avaliar a qualidade. Os custos das amostras s\u00e3o reembols\u00e1veis em encomendas em massa superiores a $1.000.<\/p>","protected":false},"excerpt":{"rendered":"<ul data-pm-slice=\"3 3 []\">\n<li><strong>S\u00e9rie de produtos<\/strong>: Copo de campismo ultraleve em tit\u00e2nio (parede simples \/ parede dupla)<\/li>\n<li><strong>Material<\/strong>: <a href=\"https:\/\/hontitan.com\/pt\/product\/gr5-titanium-sheet-ti-6al-4v-supplier\/\" data-wpil-monitor-id=\"29\">Tit\u00e2nio puro ASTM B265 Grau 1<\/a> (Ti \u2265 99,5%, Fe \u2264 0,20%)<\/li>\n<li><strong>Especifica\u00e7\u00e3o Ultralight<\/strong>: Precis\u00e3o 0,4-0,5mm espessura da parede | 450ml pesa ~68g<\/li>\n<li><strong>Seguran\u00e7a<\/strong>: Certificado FDA 21 CFR e LFGB | Sem chumbo\/c\u00e1dmio<\/li>\n<li><strong>Constru\u00e7\u00e3o<\/strong>: Pegas autoflutuantes soldadas a laser (sem rebites, sem solda)<\/li>\n<li><strong>Servi\u00e7o<\/strong>: Grava\u00e7\u00e3o a laser do log\u00f3tipo personalizado | MOQ 50 pcs para artigos em stock<\/li>\n<\/ul>","protected":false},"featured_media":1172,"template":"","meta":[],"product_brand":[],"product_cat":[45],"product_tag":[],"class_list":{"0":"post-1171","1":"product","2":"type-product","3":"status-publish","4":"has-post-thumbnail","6":"product_cat-titanium-commodity","8":"first","9":"instock","10":"shipping-taxable","11":"product-type-simple"},"_links":{"self":[{"href":"https:\/\/hontitan.com\/pt\/wp-json\/wp\/v2\/product\/1171","targetHints":{"allow":["GET"]}}],"collection":[{"href":"https:\/\/hontitan.com\/pt\/wp-json\/wp\/v2\/product"}],"about":[{"href":"https:\/\/hontitan.com\/pt\/wp-json\/wp\/v2\/types\/product"}],"version-history":[{"count":0,"href":"https:\/\/hontitan.com\/pt\/wp-json\/wp\/v2\/product\/1171\/revisions"}],"wp:featuredmedia":[{"embeddable":true,"href":"https:\/\/hontitan.com\/pt\/wp-json\/wp\/v2\/media\/1172"}],"wp:attachment":[{"href":"https:\/\/hontitan.com\/pt\/wp-json\/wp\/v2\/media?parent=1171"}],"wp:term":[{"taxonomy":"product_brand","embeddable":true,"href":"https:\/\/hontitan.com\/pt\/wp-json\/wp\/v2\/product_brand?post=1171"},{"taxonomy":"product_cat","embeddable":true,"href":"https:\/\/hontitan.com\/pt\/wp-json\/wp\/v2\/product_cat?post=1171"},{"taxonomy":"product_tag","embeddable":true,"href":"https:\/\/hontitan.com\/pt\/wp-json\/wp\/v2\/product_tag?post=1171"}],"curies":[{"name":"wp","href":"https:\/\/api.w.org\/{rel}","templated":true}]}}