{"id":1476,"date":"2025-12-27T16:21:41","date_gmt":"2025-12-27T16:21:41","guid":{"rendered":"https:\/\/hontitan.com\/?post_type=product&#038;p=1476"},"modified":"2025-12-30T03:47:24","modified_gmt":"2025-12-30T03:47:24","slug":"astm-f67-grade-2-titanium-bar-medical-implant","status":"publish","type":"product","link":"https:\/\/hontitan.com\/pt\/product\/astm-f67-grade-2-titanium-bar-medical-implant\/","title":{"rendered":"Barra redonda de tit\u00e2nio de grau m\u00e9dico ASTM F67 Grau 2"},"content":{"rendered":"<h2 data-pm-slice=\"1 1 []\">Vis\u00e3o geral do produto<\/h2>\n<p>O ASTM F67 Grau 2 (UNS R50400) \u00e9 o mais utilizado <strong>tit\u00e2nio n\u00e3o ligado<\/strong> na ind\u00fastria m\u00e9dica. Ao contr\u00e1rio do Grau 4 (que d\u00e1 prioridade \u00e0 alta resist\u00eancia) ou do Ti-6Al-4V (ligado), o Grau 2 oferece o equil\u00edbrio ideal de <strong>resist\u00eancia (YS \u2265 275 MPa)<\/strong> e <strong>ductilidade excecional (alongamento \u2265 20%)<\/strong>. Isto torna-o o material preferido para placas \u00f3sseas, agrafos e componentes dent\u00e1rios complexos que requerem contorno sem fissura\u00e7\u00e3o.<\/p>\n<p>Como especialista <strong>fabricante de tit\u00e2nio m\u00e9dico<\/strong>, A nossa empresa produz este material especificamente para aplica\u00e7\u00f5es cr\u00edticas de implantes. O nosso processo come\u00e7a com <strong>Esponja de tit\u00e2nio de grau 0<\/strong> e utiliza <strong>Triplo VAR (refus\u00e3o por arco de v\u00e1cuo)<\/strong> para garantir uma microestrutura homog\u00e9nea sem inclus\u00f5es de alta densidade (HDI).<\/p>\n<h3>Concebidos para maquinagem de precis\u00e3o<\/h3>\n<p>Compreendemos que os componentes m\u00e9dicos s\u00e3o frequentemente produzidos a alta velocidade <strong>Tornos CNC de tipo su\u00ed\u00e7o<\/strong>. Por conseguinte, o nosso <a href=\"https:\/\/hontitan.com\/pt\/product\/grade-2-titanium-square-bar-10mm-astm-b348\/\"  data-wpil-monitor-id=\"195\">Barras de tit\u00e2nio de grau 2<\/a> n\u00e3o s\u00e3o apenas \u201cenrolados\u201d mas <strong>retifica\u00e7\u00e3o sem centros de precis\u00e3o<\/strong>. Controlamos rigorosamente a retid\u00e3o para \u22640,5 mm\/m e a toler\u00e2ncia do di\u00e2metro para <strong>h9 ou h8<\/strong>, garantindo uma alimenta\u00e7\u00e3o suave das barras e uma vibra\u00e7\u00e3o reduzida durante a maquinagem.<\/p>\n<p><strong>Porqu\u00ea escolher o nosso tit\u00e2nio de grau m\u00e9dico 2:<\/strong><\/p>\n<ul>\n<li><strong>Controlo da microestrutura:<\/strong> Estrutura de gr\u00e3o alfa fina e equiaxial (tipicamente <strong>ASTM E112 N.\u00ba 6 ou mais fino<\/strong>) assegura uma vida \u00fatil previs\u00edvel \u00e0 fadiga dos implantes.<\/li>\n<li><strong>Pureza superior:<\/strong> Controlamos os n\u00edveis de ferro (Fe) e de oxig\u00e9nio (O) mais rigorosamente do que os limites normais da norma ASTM F67 para melhorar <a href=\"https:\/\/hontitan.com\/pt\/titanium-grade-corrosion-resistance-guide\/\"  data-wpil-monitor-id=\"193\">resist\u00eancia \u00e0 corros\u00e3o em ambientes fisiol\u00f3gicos<\/a>.<\/li>\n<li><strong>Superf\u00edcie sem defeitos:<\/strong> Fornecido em estado descascado e polido, com garantia <strong>livre de Alpha Case<\/strong> (camada de contamina\u00e7\u00e3o da superf\u00edcie) para prolongar a vida \u00fatil da ferramenta.<\/li>\n<li><strong>Rastreabilidade total:<\/strong> Cada barra \u00e9 marcada a laser e rastre\u00e1vel at\u00e9 \u00e0 fonte de fus\u00e3o com um MTC EN 10204 3.1 completo.<\/li>\n<\/ul>\n<h2>Principais especifica\u00e7\u00f5es t\u00e9cnicas<\/h2>\n<p>O nosso ASTM F67 Grau 2 <a href=\"https:\/\/hontitan.com\/pt\/product\/astm-f67-grade-2-titanium-bar-medical-implant\/\"  data-wpil-monitor-id=\"261\">barras de tit\u00e2nio<\/a> t\u00eam dupla certifica\u00e7\u00e3o para <strong>ISO 5832-2<\/strong>, A empresa est\u00e1 a cumprir os requisitos regulamentares globais para dispositivos m\u00e9dicos.<\/p>\n<h3>1. Composi\u00e7\u00e3o qu\u00edmica (Peso %)<\/h3>\n<p><em>Mantemos um controlo mais rigoroso dos elementos intersticiais (Fe, O, H) do que o exigido pela norma para garantir uma biocompatibilidade superior.<\/em><\/p>\n<table>\n<tbody>\n<tr>\n<th>Elemento<\/th>\n<th>S\u00edmbolo<\/th>\n<th>ASTM F67 \/ ISO 5832-2 Limite<\/th>\n<th><strong>O nosso valor t\u00edpico<\/strong><\/th>\n<th>Benef\u00edcio<\/th>\n<\/tr>\n<tr>\n<td><strong>Nitrog\u00e9nio<\/strong><\/td>\n<td>N<\/td>\n<td>\u2264 0.03<\/td>\n<td><strong>0.01<\/strong><\/td>\n<td>Aumenta a for\u00e7a<\/td>\n<\/tr>\n<tr>\n<td><strong>Carbono<\/strong><\/td>\n<td>C<\/td>\n<td>\u2264 0.08<\/td>\n<td><strong>0.02<\/strong><\/td>\n<td>&#8211;<\/td>\n<\/tr>\n<tr>\n<td><strong>Hidrog\u00e9nio<\/strong><\/td>\n<td>H<\/td>\n<td>\u2264 0.015<\/td>\n<td><strong>0.003<\/strong><\/td>\n<td><strong>Elimina o risco de fragiliza\u00e7\u00e3o por hidrog\u00e9nio<\/strong><\/td>\n<\/tr>\n<tr>\n<td><strong>Ferro<\/strong><\/td>\n<td>Fe<\/td>\n<td>\u2264 0.30<\/td>\n<td><strong>0.12<\/strong><\/td>\n<td><strong>Maximiza a resist\u00eancia \u00e0 corros\u00e3o<\/strong><\/td>\n<\/tr>\n<tr>\n<td><strong>Oxig\u00e9nio<\/strong><\/td>\n<td>O<\/td>\n<td>\u2264 0.25<\/td>\n<td><strong>0.18<\/strong><\/td>\n<td>Optimiza o equil\u00edbrio For\u00e7a\/Ductilidade<\/td>\n<\/tr>\n<tr>\n<td><strong>Tit\u00e2nio<\/strong><\/td>\n<td>Ti<\/td>\n<td>Equil\u00edbrio<\/td>\n<td>Equil\u00edbrio<\/td>\n<td>Material de base<\/td>\n<\/tr>\n<\/tbody>\n<\/table>\n<h3>2. Propriedades mec\u00e2nicas (condi\u00e7\u00e3o recozida)<\/h3>\n<p><em>Testado de acordo com a norma ASTM E8. O alongamento elevado \u00e9 crucial para implantes que requerem moldagem.<\/em><\/p>\n<table>\n<tbody>\n<tr>\n<th>Im\u00f3veis<\/th>\n<th>Valor m\u00e9trico<\/th>\n<th>Valor imperial<\/th>\n<th>Requisito<\/th>\n<\/tr>\n<tr>\n<td><strong>Resist\u00eancia \u00e0 tra\u00e7\u00e3o (UTS)<\/strong><\/td>\n<td>\u2265 345 MPa<\/td>\n<td>\u2265 50 ksi<\/td>\n<td>M\u00ednimo exigido<\/td>\n<\/tr>\n<tr>\n<td><strong>Resist\u00eancia ao escoamento (0.2% Offset)<\/strong><\/td>\n<td>275 - 450 MPa<\/td>\n<td>40 - 65 ksi<\/td>\n<td>Gama<\/td>\n<\/tr>\n<tr>\n<td><strong>Alongamento (em 4D)<\/strong><\/td>\n<td><strong>T\u00edpico 28% - 35%<\/strong><\/td>\n<td>&#8211;<\/td>\n<td><strong>Requisito padr\u00e3o: \u2265 20%<\/strong><\/td>\n<\/tr>\n<tr>\n<td><strong>Redu\u00e7\u00e3o da \u00e1rea<\/strong><\/td>\n<td>\u2265 30%<\/td>\n<td>\u2265 30%<\/td>\n<td>M\u00ednimo exigido<\/td>\n<\/tr>\n<\/tbody>\n<\/table>\n<h3>3. Toler\u00e2ncia do di\u00e2metro (retifica\u00e7\u00e3o de precis\u00e3o)<\/h3>\n<p><em>O cumprimento rigoroso da norma ISO 286-2 garante a compatibilidade com os casquilhos de guia automatizados.<\/em><\/p>\n<table>\n<tbody>\n<tr>\n<th>Di\u00e2metro nominal (mm)<\/th>\n<th>Toler\u00e2ncia <strong>h9<\/strong> (Padr\u00e3o)<\/th>\n<th>Toler\u00e2ncia <strong>h8<\/strong> (Precis\u00e3o)<\/th>\n<th>Ovalidade m\u00e1xima<\/th>\n<\/tr>\n<tr>\n<td>3.00 &#8211; 6.00<\/td>\n<td>+0 \/ -0,030 mm<\/td>\n<td>+0 \/ -0,018 mm<\/td>\n<td>50% de toler\u00e2ncia<\/td>\n<\/tr>\n<tr>\n<td>6.01 &#8211; 10.00<\/td>\n<td>+0 \/ -0,036 mm<\/td>\n<td>+0 \/ -0,022 mm<\/td>\n<td>50% de toler\u00e2ncia<\/td>\n<\/tr>\n<tr>\n<td>10.01 &#8211; 18.00<\/td>\n<td>+0 \/ -0,043 mm<\/td>\n<td>+0 \/ -0,027 mm<\/td>\n<td>50% de toler\u00e2ncia<\/td>\n<\/tr>\n<\/tbody>\n<\/table>\n<h2>Garantia de qualidade e testes<\/h2>\n<p>A seguran\u00e7a n\u00e3o \u00e9 negoci\u00e1vel no fabrico de produtos m\u00e9dicos. Implementamos um rigoroso sistema de qualidade \u201cTriple-Check\u201d que excede os requisitos b\u00e1sicos da ind\u00fastria para garantir que cada barra cumpre <strong>ASTM F67<\/strong> e <strong>ISO 5832-2<\/strong> normas.<\/p>\n<h3>O processo de verifica\u00e7\u00e3o \u201cZero-Defectos<\/h3>\n<p>Para garantir a integridade interna necess\u00e1ria para implantes cr\u00edticos, utilizamos um protocolo de inspe\u00e7\u00e3o em v\u00e1rias fases:<\/p>\n<ol>\n<li><strong>Ensaio por ultra-sons (UT):<\/strong> 100% inspe\u00e7\u00e3o por <strong>AMS 2631 Classe A1<\/strong> (ou ISO 23277) para detetar quaisquer defeitos metal\u00fargicos internos ou fissuras de dimens\u00e3o superior a 0,8 mm.<\/li>\n<li><strong>Ensaios de correntes parasitas (ET):<\/strong> Varrimento cont\u00ednuo de todo o comprimento da barra para identificar imperfei\u00e7\u00f5es superficiais e quase superficiais que possam comprometer a resist\u00eancia \u00e0 fadiga.<\/li>\n<li><strong>Verifica\u00e7\u00e3o dimensional:<\/strong> As verifica\u00e7\u00f5es autom\u00e1ticas do micr\u00f3metro a laser garantem que a consist\u00eancia do di\u00e2metro se enquadra <strong>ISO 286-2 h9\/h8<\/strong> toler\u00e2ncias.<\/li>\n<\/ol>\n<h3>Integridade metal\u00fargica<\/h3>\n<ul>\n<li><strong>Microestrutura:<\/strong> Garantimos uma estrutura de fase Alfa totalmente recozida, equiaxial e sem segrega\u00e7\u00e3o, optimizada para a resist\u00eancia \u00e0 fadiga (tamanho de gr\u00e3o tipicamente ASTM E112 No. 6 ou mais fino).<\/li>\n<li><strong>Caso Alpha Free:<\/strong> A camada fr\u00e1gil rica em oxig\u00e9nio formada durante o tratamento t\u00e9rmico \u00e9 completamente removida atrav\u00e9s de uma retifica\u00e7\u00e3o de precis\u00e3o sem centros, garantindo que o material est\u00e1 pronto para maquina\u00e7\u00e3o imediata sem risco de fissura\u00e7\u00e3o da superf\u00edcie.<\/li>\n<\/ul>\n<h2>Aplica\u00e7\u00f5es e recomenda\u00e7\u00f5es de processamento<\/h2>\n<h3>Aplica\u00e7\u00f5es m\u00e9dicas t\u00edpicas<\/h3>\n<ul>\n<li><strong>Placas \u00f3sseas e agrafos:<\/strong> Utilizando a elevada ductilidade do Grau 2 para moldagem a frio e contorno da anatomia do doente.<\/li>\n<li><strong>Pilares dent\u00e1rios:<\/strong> Excelentes propriedades de liga\u00e7\u00e3o com a porcelana e elevada biocompatibilidade para a cicatriza\u00e7\u00e3o de tecidos moles.<\/li>\n<li><strong>Instrumentos cir\u00fargicos:<\/strong> Pegas e tabuleiros leves que exigem resist\u00eancia a ciclos de esteriliza\u00e7\u00e3o repetidos (autoclave).<\/li>\n<\/ul>\n<h3>Guia de maquinagem para tit\u00e2nio de grau 2<\/h3>\n<p><a href=\"https:\/\/hontitan.com\/pt\/product\/custom-grade-5-titanium-brake-rotors\/\"  data-wpil-monitor-id=\"191\">Grau de tit\u00e2nio<\/a> 2 \u00e9 mais macio do que o Grau 5 (Ti-6Al-4V), mas pode ser \u201cgomoso\u201d e propenso a escoria\u00e7\u00f5es se for processado incorretamente. Para otimizar a maquina\u00e7\u00e3o do tipo su\u00ed\u00e7o:<\/p>\n<ul>\n<li><strong>Velocidade de corte:<\/strong> Recomendamos que comece em <strong>40-60 m\/min (130-200 SFM)<\/strong>. As velocidades mais baixas ajudam a evitar a acumula\u00e7\u00e3o de calor.<\/li>\n<li><strong>Ferramentas:<\/strong> Utilizar ferramentas de carboneto afiadas e com \u00e2ngulo de inclina\u00e7\u00e3o positivo. <strong>Evitar a habita\u00e7\u00e3o<\/strong> para evitar o endurecimento da superf\u00edcie do material.<\/li>\n<li><strong>L\u00edquido de refrigera\u00e7\u00e3o:<\/strong> Utilize um l\u00edquido de arrefecimento sol\u00favel em \u00e1gua de alta press\u00e3o e alto volume para evacuar eficazmente as aparas e reduzir o calor na zona de corte.<\/li>\n<li><strong>Taxa de alimenta\u00e7\u00e3o:<\/strong> Manter um avan\u00e7o constante e agressivo para garantir que a ferramenta corta <em>sob<\/em> a camada endurecida por trabalho.<\/li>\n<\/ul>\n<h2>Fornecimento, embalagem e log\u00edstica<\/h2>\n<p>Como especialista <strong>exportador de tit\u00e2nio m\u00e9dico<\/strong>, A nossa empresa compreende que o estado do material \u00e0 chegada \u00e9 t\u00e3o importante como a sua qualidade de fabrico.<\/p>\n<h3>Embalagem para exporta\u00e7\u00e3o<\/h3>\n<p>Utilizamos um sistema de prote\u00e7\u00e3o de v\u00e1rias camadas para garantir uma entrega \u201cZero-Scratch\u201d:<\/p>\n<ol>\n<li><strong>Prote\u00e7\u00e3o individual:<\/strong> Cada barra de tit\u00e2nio \u00e9 individualmente revestida com uma capa protetora <strong>Tubo de PVC<\/strong>.<\/li>\n<li><strong>Absor\u00e7\u00e3o de choques:<\/strong> Os pacotes s\u00e3o embrulhados em pl\u00e1stico bolha e fixados com cintas de pl\u00e1stico.<\/li>\n<li><strong>Caixa externa:<\/strong> Embalados em caixas de contraplacado normalizadas para exporta\u00e7\u00e3o, refor\u00e7adas para transporte mar\u00edtimo ou a\u00e9reo.<\/li>\n<\/ol>\n<h3>Disponibilidade e prazos de entrega<\/h3>\n<ul>\n<li><strong>Invent\u00e1rio de exist\u00eancias:<\/strong> Mantemos um stock regular de di\u00e2metros comuns (<strong>\u00d83,0mm a \u00d820,0mm<\/strong>) para envio imediato (MOQ 10kg), apoiando as necessidades de I&amp;D e prototipagem.<\/li>\n<li><strong>Produ\u00e7\u00e3o personalizada:<\/strong> Para di\u00e2metros n\u00e3o normalizados ou requisitos de toler\u00e2ncia espec\u00edficos (por exemplo, h8), o prazo de produ\u00e7\u00e3o t\u00edpico \u00e9 <strong>3-4 semanas<\/strong>.<\/li>\n<li><strong>Documenta\u00e7\u00e3o:<\/strong> Cada remessa inclui um <strong>EN 10204 3.1 Certificado de ensaio de materiais (MTC)<\/strong>, A an\u00e1lise qu\u00edmica, os ensaios mec\u00e2nicos e os resultados NDT.<\/li>\n<\/ul>\n<h2>Perguntas frequentes (FAQ)<\/h2>\n<p><strong>P: Qual \u00e9 a principal diferen\u00e7a entre ASTM F67 Grau 2 e Grau 4?<\/strong><\/p>\n<p>A: <strong>Grau 2<\/strong> \u00e9 mais macio e d\u00factil (alongamento \u226520%), o que o torna a escolha ideal para pe\u00e7as que requerem moldagem, como placas \u00f3sseas. <strong>Grau 4<\/strong> oferece uma maior resist\u00eancia \u00e0 tra\u00e7\u00e3o (\u2265550 MPa) e \u00e9 normalmente preferido para componentes de suporte de carga, como parafusos \u00f3sseos ou hastes espinais.<\/p>\n<p><strong>P: O vosso tit\u00e2nio de grau 2 \u00e9 magn\u00e9tico?<\/strong><\/p>\n<p>R: N\u00e3o, o tit\u00e2nio ASTM F67 de grau 2 \u00e9 <strong>n\u00e3o magn\u00e9tico<\/strong>, tornando-o seguro para implantes de longa dura\u00e7\u00e3o e totalmente compat\u00edvel com ambientes de MRI (Magnetic Resonance Imaging).<\/p>\n<p><strong>P: Oferecem servi\u00e7os de chanfragem para carregadores de barras?<\/strong><\/p>\n<p>R: Sim, podemos fornecer bares com <strong>Extremidades chanfradas a 30\u00b0 ou 45\u00b0<\/strong> mediante pedido. Este servi\u00e7o permite o carregamento imediato em alimentadores autom\u00e1ticos de barras em tornos su\u00ed\u00e7os, poupando tempo de prepara\u00e7\u00e3o \u00e0 sua equipa.<\/p>\n<p><strong>P: O vosso material est\u00e1 em conformidade com os requisitos da FDA?<\/strong><\/p>\n<p>R: Embora a FDA registe o dispositivo m\u00e9dico final, o nosso material \u00e9 fabricado estritamente de acordo com <strong>ASTM F67<\/strong> e <strong>ISO 5832-2<\/strong> que s\u00e3o as normas de consenso reconhecidas e aceites pela FDA para implantes de tit\u00e2nio n\u00e3o ligado. O nosso MTC fornece os dados necess\u00e1rios para a apresenta\u00e7\u00e3o do ficheiro principal do dispositivo (MAF).<\/p>\n<h2>Inicie o seu projeto m\u00e9dico com material verificado<\/h2>\n<p>Necessita de um <strong>fornecedor de barras de tit\u00e2nio para medicina<\/strong> que compreende os requisitos rigorosos da norma ISO 13485? Quer esteja na fase de cria\u00e7\u00e3o de prot\u00f3tipos ou a aumentar a produ\u00e7\u00e3o, fornecemos a qualidade e a rastreabilidade de que necessita.<\/p>","protected":false},"excerpt":{"rendered":"<ul>\n<li><strong>Material padr\u00e3o:<\/strong> ASTM F67 \/ ISO 5832-2 (Tit\u00e2nio n\u00e3o ligado)<\/li>\n<li><strong>Grau e pureza:<\/strong> Grau 2 (UNS R50400) | Alta pureza (Fe\u22640.12%, O\u22640.18% t\u00edpico)<\/li>\n<li><strong>Forma f\u00edsica:<\/strong> Retifica\u00e7\u00e3o de precis\u00e3o <a href=\"https:\/\/hontitan.com\/pt\/product\/astm-f136-grade-5-eli-titanium-round-bar-supplier\/\"  data-wpil-monitor-id=\"266\">Barra redonda<\/a> (Dia 2,0mm - 60mm)<\/li>\n<li><strong>Toler\u00e2ncia:<\/strong> ISO 286-2 h9 \/ h8 (optimizado para tornos do tipo su\u00ed\u00e7o)<\/li>\n<li><strong>Estado:<\/strong> Recozido, 100% NDT testado, livre de caixa alfa<\/li>\n<li><strong>Aplica\u00e7\u00e3o principal:<\/strong> Parafusos \u00f3sseos, pilares dent\u00e1rios, fixa\u00e7\u00e3o da coluna vertebral<\/li>\n<li><strong>Disponibilidade:<\/strong> Stock para I&amp;D (10kg MOQ) e produ\u00e7\u00e3o personalizada a granel<\/li>\n<\/ul>","protected":false},"featured_media":1477,"template":"","meta":[],"product_brand":[],"product_cat":[38,15],"product_tag":[],"class_list":{"0":"post-1476","1":"product","2":"type-product","3":"status-publish","4":"has-post-thumbnail","6":"product_cat-titanium-bars","7":"product_cat-titanium-mill-products","9":"first","10":"instock","11":"shipping-taxable","12":"product-type-simple"},"_links":{"self":[{"href":"https:\/\/hontitan.com\/pt\/wp-json\/wp\/v2\/product\/1476","targetHints":{"allow":["GET"]}}],"collection":[{"href":"https:\/\/hontitan.com\/pt\/wp-json\/wp\/v2\/product"}],"about":[{"href":"https:\/\/hontitan.com\/pt\/wp-json\/wp\/v2\/types\/product"}],"version-history":[{"count":0,"href":"https:\/\/hontitan.com\/pt\/wp-json\/wp\/v2\/product\/1476\/revisions"}],"wp:featuredmedia":[{"embeddable":true,"href":"https:\/\/hontitan.com\/pt\/wp-json\/wp\/v2\/media\/1477"}],"wp:attachment":[{"href":"https:\/\/hontitan.com\/pt\/wp-json\/wp\/v2\/media?parent=1476"}],"wp:term":[{"taxonomy":"product_brand","embeddable":true,"href":"https:\/\/hontitan.com\/pt\/wp-json\/wp\/v2\/product_brand?post=1476"},{"taxonomy":"product_cat","embeddable":true,"href":"https:\/\/hontitan.com\/pt\/wp-json\/wp\/v2\/product_cat?post=1476"},{"taxonomy":"product_tag","embeddable":true,"href":"https:\/\/hontitan.com\/pt\/wp-json\/wp\/v2\/product_tag?post=1476"}],"curies":[{"name":"wp","href":"https:\/\/api.w.org\/{rel}","templated":true}]}}